

{"id":21249,"date":"2020-05-22T13:28:27","date_gmt":"2020-05-22T11:28:27","guid":{"rendered":"https:\/\/fundaciojoseppla.cat\/permanent-exhibition\/homenots-el-meu-pais\/"},"modified":"2020-05-26T15:42:29","modified_gmt":"2020-05-26T13:42:29","slug":"homenots-el-meu-pais","status":"publish","type":"page","link":"https:\/\/fundaciojoseppla.cat\/en\/permanent-exhibition\/homenots-el-meu-pais\/","title":{"rendered":"Homenots &#8211; El meu pa\u00eds"},"content":{"rendered":"\t\t<div data-elementor-type=\"wp-page\" data-elementor-id=\"21249\" class=\"elementor elementor-21249 elementor-21233\" data-elementor-post-type=\"page\">\n\t\t\t\t\t\t<section class=\"elementor-section elementor-top-section elementor-element elementor-element-eeb8cf4 elementor-section-boxed elementor-section-height-default elementor-section-height-default\" data-id=\"eeb8cf4\" data-element_type=\"section\">\n\t\t\t\t\t\t<div class=\"elementor-container elementor-column-gap-default\">\n\t\t\t\t\t<div class=\"elementor-column elementor-col-100 elementor-top-column elementor-element elementor-element-1c9b495\" data-id=\"1c9b495\" data-element_type=\"column\">\n\t\t\t<div class=\"elementor-widget-wrap elementor-element-populated\">\n\t\t\t\t\t\t<div class=\"elementor-element elementor-element-d683cc4 claredonlight elementor-widget elementor-widget-heading\" data-id=\"d683cc4\" data-element_type=\"widget\" data-widget_type=\"heading.default\">\n\t\t\t\t<div class=\"elementor-widget-container\">\n\t\t\t\t\t<h1 class=\"elementor-heading-title elementor-size-default\">El meu pa\u00eds - My Country<\/h1>\t\t\t\t<\/div>\n\t\t\t\t<\/div>\n\t\t\t\t\t<\/div>\n\t\t<\/div>\n\t\t\t\t\t<\/div>\n\t\t<\/section>\n\t\t\t\t<section class=\"elementor-section elementor-top-section elementor-element elementor-element-4d1de69 elementor-section-boxed elementor-section-height-default elementor-section-height-default\" data-id=\"4d1de69\" data-element_type=\"section\">\n\t\t\t\t\t\t<div class=\"elementor-container elementor-column-gap-default\">\n\t\t\t\t\t<div class=\"elementor-column elementor-col-100 elementor-top-column elementor-element elementor-element-52a4f79\" data-id=\"52a4f79\" data-element_type=\"column\">\n\t\t\t<div class=\"elementor-widget-wrap elementor-element-populated\">\n\t\t\t\t\t\t<div class=\"elementor-element elementor-element-f17cc1d elementor-widget elementor-widget-text-editor\" data-id=\"f17cc1d\" data-element_type=\"widget\" data-widget_type=\"text-editor.default\">\n\t\t\t\t<div class=\"elementor-widget-container\">\n\t\t\t\t\t\t\t\t\t<p>Josep Pla\u2019s writing is, above all, the result of a man\u2019s outlook whose adherence to the language and to the landscape makes him capable of interpreting and reorganising the world through his writing and creating forms of identity. People and landscapes fuse together, into some sort of human geography in which the local watch becomes not only a way of looking at but also a way of seeing the world, a literary requirement, a stylistic exercise, \u201ca working method\u201d. It consists of a voluntarily limited vision of the world reproduced to an individual, local scale, in fact, the only one which can be understood and assimilated by the human being. It is a vision of the world which determines the acceptance of the simplest things, the most commonplace, everyday, and the most trivial ones.<\/p>\n\t\t\t\t\t\t\t\t<\/div>\n\t\t\t\t<\/div>\n\t\t\t\t\t<\/div>\n\t\t<\/div>\n\t\t\t\t\t<\/div>\n\t\t<\/section>\n\t\t\t\t<section class=\"elementor-section elementor-top-section elementor-element elementor-element-8f1a293 elementor-reverse-mobile elementor-section-boxed elementor-section-height-default elementor-section-height-default\" data-id=\"8f1a293\" data-element_type=\"section\">\n\t\t\t\t\t\t<div class=\"elementor-container elementor-column-gap-default\">\n\t\t\t\t\t<div class=\"elementor-column elementor-col-100 elementor-top-column elementor-element elementor-element-34e54a3\" data-id=\"34e54a3\" data-element_type=\"column\">\n\t\t\t<div class=\"elementor-widget-wrap elementor-element-populated\">\n\t\t\t\t\t\t<div class=\"elementor-element elementor-element-6e555fa claredonbold elementor-widget elementor-widget-text-editor\" data-id=\"6e555fa\" data-element_type=\"widget\" data-widget_type=\"text-editor.default\">\n\t\t\t\t<div class=\"elementor-widget-container\">\n\t\t\t\t\t\t\t\t\t<p>&#8220;Jo formo part d\u2019una determinada tribu. Aquesta tribu ocupa una determinada \u00e0rea geogr\u00e0fica, t\u00e9 una manera absolutament personal de veure el m\u00f3n, parla una llengua determinada, pobra, poc treballada, m\u00edsera\u00a0<span style=\"font-size: 23px; font-style: normal; font-weight: 400;\">\u2014<\/span>constitueix el que ara es comen\u00e7a d\u2019anomenar una \u00e0rea ling\u00fc\u00edstica.&#8221;<\/p>\n\t\t\t\t\t\t\t\t<\/div>\n\t\t\t\t<\/div>\n\t\t\t\t<div class=\"elementor-element elementor-element-d799d51 pitchlight elementor-widget elementor-widget-heading\" data-id=\"d799d51\" data-element_type=\"widget\" data-widget_type=\"heading.default\">\n\t\t\t\t<div class=\"elementor-widget-container\">\n\t\t\t\t\t<h2 class=\"elementor-heading-title elementor-size-default\"><p class=\"fancy\"><span style=\"font-size: 15px;font-style: normal;font-weight: 600;white-space: normal\">Josep Pla.&nbsp;<span style=\"font-size: 15px;font-style: italic;font-weight: 600;white-space: normal\">Notes disperses.<\/span> OC XII, 575.<\/span><\/p><\/h2>\t\t\t\t<\/div>\n\t\t\t\t<\/div>\n\t\t\t\t\t<\/div>\n\t\t<\/div>\n\t\t\t\t\t<\/div>\n\t\t<\/section>\n\t\t\t\t<section class=\"elementor-section elementor-top-section elementor-element elementor-element-b9f20cc elementor-section-boxed elementor-section-height-default elementor-section-height-default\" data-id=\"b9f20cc\" data-element_type=\"section\">\n\t\t\t\t\t\t<div class=\"elementor-container elementor-column-gap-default\">\n\t\t\t\t\t<div class=\"elementor-column elementor-col-100 elementor-top-column elementor-element elementor-element-e8dda5a\" data-id=\"e8dda5a\" data-element_type=\"column\">\n\t\t\t<div class=\"elementor-widget-wrap elementor-element-populated\">\n\t\t\t\t\t\t<div class=\"elementor-element elementor-element-b130c0b elementor-widget elementor-widget-menu-anchor\" data-id=\"b130c0b\" data-element_type=\"widget\" data-widget_type=\"menu-anchor.default\">\n\t\t\t\t<div class=\"elementor-widget-container\">\n\t\t\t\t\t\t\t<div class=\"elementor-menu-anchor\" id=\"seccio205\"><\/div>\n\t\t\t\t\t\t<\/div>\n\t\t\t\t<\/div>\n\t\t\t\t<div class=\"elementor-element elementor-element-41bf922 claredonlight elementor-widget elementor-widget-heading\" data-id=\"41bf922\" data-element_type=\"widget\" data-widget_type=\"heading.default\">\n\t\t\t\t<div class=\"elementor-widget-container\">\n\t\t\t\t\t<h1 class=\"elementor-heading-title elementor-size-default\">Homenots - Great Men<\/h1>\t\t\t\t<\/div>\n\t\t\t\t<\/div>\n\t\t\t\t\t<\/div>\n\t\t<\/div>\n\t\t\t\t\t<\/div>\n\t\t<\/section>\n\t\t\t\t<section class=\"elementor-section elementor-top-section elementor-element elementor-element-ddf2460 elementor-section-boxed elementor-section-height-default elementor-section-height-default\" data-id=\"ddf2460\" data-element_type=\"section\">\n\t\t\t\t\t\t<div class=\"elementor-container elementor-column-gap-default\">\n\t\t\t\t\t<div class=\"elementor-column elementor-col-100 elementor-top-column elementor-element elementor-element-0e54f98\" data-id=\"0e54f98\" data-element_type=\"column\">\n\t\t\t<div class=\"elementor-widget-wrap elementor-element-populated\">\n\t\t\t\t\t\t<div class=\"elementor-element elementor-element-5e4f411 elementor-widget elementor-widget-text-editor\" data-id=\"5e4f411\" data-element_type=\"widget\" data-widget_type=\"text-editor.default\">\n\t\t\t\t<div class=\"elementor-widget-container\">\n\t\t\t\t\t\t\t\t\t<p>Slowly, during the fifties, Josep Pla started to ascribe morality and a collective dimension to his individual process of gathering memories. In the beginning the landscape, the cuisine or the jobs were the main elements of his writing, which were at the service of a memorialistic literature; however, since 1958, Josep Pla began the publication of a series of volumes which were named Homenots (Great Men) a real gallery of portraits of the most important Catalan people of the century: artists, writers, intellectuals and also businessmen, economists or notaries. Already, in the first books of his youth, Pla had practised the portrait as a literary genre, at that time; however, he was adding a new dimension: the fact of recovering a Catalonia which had fallen into oblivion and was at the point of disappearing forever.<\/p>\n\t\t\t\t\t\t\t\t<\/div>\n\t\t\t\t<\/div>\n\t\t\t\t\t<\/div>\n\t\t<\/div>\n\t\t\t\t\t<\/div>\n\t\t<\/section>\n\t\t\t\t<section class=\"elementor-section elementor-top-section elementor-element elementor-element-19f3193 elementor-section-boxed elementor-section-height-default elementor-section-height-default\" data-id=\"19f3193\" data-element_type=\"section\">\n\t\t\t\t\t\t<div class=\"elementor-container elementor-column-gap-default\">\n\t\t\t\t\t<div class=\"elementor-column elementor-col-100 elementor-top-column elementor-element elementor-element-95bdfbe\" data-id=\"95bdfbe\" data-element_type=\"column\">\n\t\t\t<div class=\"elementor-widget-wrap elementor-element-populated\">\n\t\t\t\t\t\t<div class=\"elementor-element elementor-element-ff5338e claredonbold elementor-widget elementor-widget-text-editor\" data-id=\"ff5338e\" data-element_type=\"widget\" data-widget_type=\"text-editor.default\">\n\t\t\t\t<div class=\"elementor-widget-container\">\n\t\t\t\t\t\t\t\t\t<p>&#8220;L\u2019\u00fanica manera de lluitar contra la terrible invasi\u00f3 de l\u2019oblit, de crear una mem\u00f2ria col\u00b7lectiva, \u00e9s recordar, infatigablement, el que alguns homes \u2014\u00e9s a dir, el poble\u2014 han fet una mica m\u00e9s enll\u00e0 dels interessos particulars, immediats i petits.&#8221;<\/p>\n\t\t\t\t\t\t\t\t<\/div>\n\t\t\t\t<\/div>\n\t\t\t\t<div class=\"elementor-element elementor-element-e5b9ff1 pitchlight elementor-widget elementor-widget-heading\" data-id=\"e5b9ff1\" data-element_type=\"widget\" data-widget_type=\"heading.default\">\n\t\t\t\t<div class=\"elementor-widget-container\">\n\t\t\t\t\t<h2 class=\"elementor-heading-title elementor-size-default\"><p class=\"fancy\"><span style=\"font-size: 15px;font-style: normal;font-weight: 600;white-space: normal\">Josep Pla.&nbsp;<span style=\"font-size: 15px;font-style: italic;font-weight: 600;white-space: normal\">Homenots.<\/span> OC XVI, 7.<\/span><\/p><\/h2>\t\t\t\t<\/div>\n\t\t\t\t<\/div>\n\t\t\t\t\t<\/div>\n\t\t<\/div>\n\t\t\t\t\t<\/div>\n\t\t<\/section>\n\t\t\t\t<\/div>\n\t\t","protected":false},"excerpt":{"rendered":"<p>El meu pa\u00eds &#8211; My Country Josep Pla\u2019s writing is, above all, the result of a man\u2019s outlook whose adherence to the language and to the landscape makes him capable of interpreting and reorganising the world through his writing and creating forms of identity. People and landscapes fuse together, into some sort of human geography [&hellip;]<\/p>\n","protected":false},"author":3,"featured_media":0,"parent":8268,"menu_order":0,"comment_status":"closed","ping_status":"closed","template":"","meta":{"inline_featured_image":false,"site-sidebar-layout":"default","site-content-layout":"default","ast-site-content-layout":"default","site-content-style":"default","site-sidebar-style":"default","ast-global-header-display":"","ast-banner-title-visibility":"","ast-main-header-display":"disabled","ast-hfb-above-header-display":"","ast-hfb-below-header-display":"","ast-hfb-mobile-header-display":"","site-post-title":"disabled","ast-breadcrumbs-content":"disabled","ast-featured-img":"","footer-sml-layout":"","theme-transparent-header-meta":"default","adv-header-id-meta":"","stick-header-meta":"","header-above-stick-meta":"","header-main-stick-meta":"","header-below-stick-meta":"","astra-migrate-meta-layouts":"default","ast-page-background-enabled":"default","ast-page-background-meta":{"desktop":{"background-color":"var(--ast-global-color-4)","background-image":"","background-repeat":"repeat","background-position":"center center","background-size":"auto","background-attachment":"scroll","background-type":"","background-media":"","overlay-type":"","overlay-color":"","overlay-opacity":"","overlay-gradient":""},"tablet":{"background-color":"","background-image":"","background-repeat":"repeat","background-position":"center center","background-size":"auto","background-attachment":"scroll","background-type":"","background-media":"","overlay-type":"","overlay-color":"","overlay-opacity":"","overlay-gradient":""},"mobile":{"background-color":"","background-image":"","background-repeat":"repeat","background-position":"center center","background-size":"auto","background-attachment":"scroll","background-type":"","background-media":"","overlay-type":"","overlay-color":"","overlay-opacity":"","overlay-gradient":""}},"ast-content-background-meta":{"desktop":{"background-color":"var(--ast-global-color-5)","background-image":"","background-repeat":"repeat","background-position":"center center","background-size":"auto","background-attachment":"scroll","background-type":"","background-media":"","overlay-type":"","overlay-color":"","overlay-opacity":"","overlay-gradient":""},"tablet":{"background-color":"var(--ast-global-color-5)","background-image":"","background-repeat":"repeat","background-position":"center center","background-size":"auto","background-attachment":"scroll","background-type":"","background-media":"","overlay-type":"","overlay-color":"","overlay-opacity":"","overlay-gradient":""},"mobile":{"background-color":"var(--ast-global-color-5)","background-image":"","background-repeat":"repeat","background-position":"center center","background-size":"auto","background-attachment":"scroll","background-type":"","background-media":"","overlay-type":"","overlay-color":"","overlay-opacity":"","overlay-gradient":""}},"footnotes":""},"class_list":["post-21249","page","type-page","status-publish","hentry"],"yoast_head":"<!-- This site is optimized with the Yoast SEO plugin v26.1.1 - https:\/\/yoast.com\/wordpress\/plugins\/seo\/ -->\n<title>Homenots - El meu pa\u00eds - Fundaci\u00f3 Josep Pla<\/title>\n<meta name=\"robots\" content=\"index, follow, max-snippet:-1, max-image-preview:large, max-video-preview:-1\" \/>\n<link rel=\"canonical\" href=\"https:\/\/fundaciojoseppla.cat\/en\/permanent-exhibition\/homenots-el-meu-pais\/\" \/>\n<meta property=\"og:locale\" content=\"en_US\" \/>\n<meta property=\"og:type\" content=\"article\" \/>\n<meta property=\"og:title\" content=\"Homenots - El meu pa\u00eds - Fundaci\u00f3 Josep Pla\" \/>\n<meta property=\"og:description\" content=\"El meu pa\u00eds &#8211; My Country Josep Pla\u2019s writing is, above all, the result of a man\u2019s outlook whose adherence to the language and to the landscape makes him capable of interpreting and reorganising the world through his writing and creating forms of identity. People and landscapes fuse together, into some sort of human geography [&hellip;]\" \/>\n<meta property=\"og:url\" content=\"https:\/\/fundaciojoseppla.cat\/en\/permanent-exhibition\/homenots-el-meu-pais\/\" \/>\n<meta property=\"og:site_name\" content=\"Fundaci\u00f3 Josep Pla\" \/>\n<meta property=\"article:publisher\" content=\"https:\/\/www.facebook.com\/FJosepPla\/\" \/>\n<meta property=\"article:modified_time\" content=\"2020-05-26T13:42:29+00:00\" \/>\n<meta name=\"twitter:card\" content=\"summary_large_image\" \/>\n<meta name=\"twitter:site\" content=\"@FJosepPla\" \/>\n<meta name=\"twitter:label1\" content=\"Est. reading time\" \/>\n\t<meta name=\"twitter:data1\" content=\"2 minutes\" \/>\n<script type=\"application\/ld+json\" class=\"yoast-schema-graph\">{\"@context\":\"https:\/\/schema.org\",\"@graph\":[{\"@type\":\"WebPage\",\"@id\":\"https:\/\/fundaciojoseppla.cat\/en\/permanent-exhibition\/homenots-el-meu-pais\/\",\"url\":\"https:\/\/fundaciojoseppla.cat\/en\/permanent-exhibition\/homenots-el-meu-pais\/\",\"name\":\"Homenots - El meu pa\u00eds - Fundaci\u00f3 Josep Pla\",\"isPartOf\":{\"@id\":\"https:\/\/fundaciojoseppla.cat\/#website\"},\"datePublished\":\"2020-05-22T11:28:27+00:00\",\"dateModified\":\"2020-05-26T13:42:29+00:00\",\"breadcrumb\":{\"@id\":\"https:\/\/fundaciojoseppla.cat\/en\/permanent-exhibition\/homenots-el-meu-pais\/#breadcrumb\"},\"inLanguage\":\"en-US\",\"potentialAction\":[{\"@type\":\"ReadAction\",\"target\":[\"https:\/\/fundaciojoseppla.cat\/en\/permanent-exhibition\/homenots-el-meu-pais\/\"]}]},{\"@type\":\"BreadcrumbList\",\"@id\":\"https:\/\/fundaciojoseppla.cat\/en\/permanent-exhibition\/homenots-el-meu-pais\/#breadcrumb\",\"itemListElement\":[{\"@type\":\"ListItem\",\"position\":1,\"name\":\"Inici\",\"item\":\"https:\/\/fundaciojoseppla.cat\/en\/home\/\"},{\"@type\":\"ListItem\",\"position\":2,\"name\":\"Permanent Exhibition\",\"item\":\"https:\/\/fundaciojoseppla.cat\/en\/permanent-exhibition\/\"},{\"@type\":\"ListItem\",\"position\":3,\"name\":\"Homenots &#8211; El meu pa\u00eds\"}]},{\"@type\":\"WebSite\",\"@id\":\"https:\/\/fundaciojoseppla.cat\/#website\",\"url\":\"https:\/\/fundaciojoseppla.cat\/\",\"name\":\"Fundaci\u00f3 Josep Pla\",\"description\":\"Fundacio Josep Pla Palafrugell\",\"publisher\":{\"@id\":\"https:\/\/fundaciojoseppla.cat\/#organization\"},\"potentialAction\":[{\"@type\":\"SearchAction\",\"target\":{\"@type\":\"EntryPoint\",\"urlTemplate\":\"https:\/\/fundaciojoseppla.cat\/?s={search_term_string}\"},\"query-input\":{\"@type\":\"PropertyValueSpecification\",\"valueRequired\":true,\"valueName\":\"search_term_string\"}}],\"inLanguage\":\"en-US\"},{\"@type\":\"Organization\",\"@id\":\"https:\/\/fundaciojoseppla.cat\/#organization\",\"name\":\"Fundaci\u00f3 Josep Pla\",\"url\":\"https:\/\/fundaciojoseppla.cat\/\",\"logo\":{\"@type\":\"ImageObject\",\"inLanguage\":\"en-US\",\"@id\":\"https:\/\/fundaciojoseppla.cat\/#\/schema\/logo\/image\/\",\"url\":\"https:\/\/fundaciojoseppla.cat\/wp-content\/uploads\/2018\/05\/negre-transparent-de-logo-vecto-FJP.png\",\"contentUrl\":\"https:\/\/fundaciojoseppla.cat\/wp-content\/uploads\/2018\/05\/negre-transparent-de-logo-vecto-FJP.png\",\"width\":600,\"height\":233,\"caption\":\"Fundaci\u00f3 Josep Pla\"},\"image\":{\"@id\":\"https:\/\/fundaciojoseppla.cat\/#\/schema\/logo\/image\/\"},\"sameAs\":[\"https:\/\/www.facebook.com\/FJosepPla\/\",\"https:\/\/x.com\/FJosepPla\",\"http:\/\/pinterest.com\/fjoseppla\/\",\"https:\/\/www.youtube.com\/user\/FJosepPla\"]}]}<\/script>\n<!-- \/ Yoast SEO plugin. -->","yoast_head_json":{"title":"Homenots - El meu pa\u00eds - Fundaci\u00f3 Josep Pla","robots":{"index":"index","follow":"follow","max-snippet":"max-snippet:-1","max-image-preview":"max-image-preview:large","max-video-preview":"max-video-preview:-1"},"canonical":"https:\/\/fundaciojoseppla.cat\/en\/permanent-exhibition\/homenots-el-meu-pais\/","og_locale":"en_US","og_type":"article","og_title":"Homenots - El meu pa\u00eds - Fundaci\u00f3 Josep Pla","og_description":"El meu pa\u00eds &#8211; My Country Josep Pla\u2019s writing is, above all, the result of a man\u2019s outlook whose adherence to the language and to the landscape makes him capable of interpreting and reorganising the world through his writing and creating forms of identity. People and landscapes fuse together, into some sort of human geography [&hellip;]","og_url":"https:\/\/fundaciojoseppla.cat\/en\/permanent-exhibition\/homenots-el-meu-pais\/","og_site_name":"Fundaci\u00f3 Josep Pla","article_publisher":"https:\/\/www.facebook.com\/FJosepPla\/","article_modified_time":"2020-05-26T13:42:29+00:00","twitter_card":"summary_large_image","twitter_site":"@FJosepPla","twitter_misc":{"Est. reading time":"2 minutes"},"schema":{"@context":"https:\/\/schema.org","@graph":[{"@type":"WebPage","@id":"https:\/\/fundaciojoseppla.cat\/en\/permanent-exhibition\/homenots-el-meu-pais\/","url":"https:\/\/fundaciojoseppla.cat\/en\/permanent-exhibition\/homenots-el-meu-pais\/","name":"Homenots - El meu pa\u00eds - Fundaci\u00f3 Josep Pla","isPartOf":{"@id":"https:\/\/fundaciojoseppla.cat\/#website"},"datePublished":"2020-05-22T11:28:27+00:00","dateModified":"2020-05-26T13:42:29+00:00","breadcrumb":{"@id":"https:\/\/fundaciojoseppla.cat\/en\/permanent-exhibition\/homenots-el-meu-pais\/#breadcrumb"},"inLanguage":"en-US","potentialAction":[{"@type":"ReadAction","target":["https:\/\/fundaciojoseppla.cat\/en\/permanent-exhibition\/homenots-el-meu-pais\/"]}]},{"@type":"BreadcrumbList","@id":"https:\/\/fundaciojoseppla.cat\/en\/permanent-exhibition\/homenots-el-meu-pais\/#breadcrumb","itemListElement":[{"@type":"ListItem","position":1,"name":"Inici","item":"https:\/\/fundaciojoseppla.cat\/en\/home\/"},{"@type":"ListItem","position":2,"name":"Permanent Exhibition","item":"https:\/\/fundaciojoseppla.cat\/en\/permanent-exhibition\/"},{"@type":"ListItem","position":3,"name":"Homenots &#8211; El meu pa\u00eds"}]},{"@type":"WebSite","@id":"https:\/\/fundaciojoseppla.cat\/#website","url":"https:\/\/fundaciojoseppla.cat\/","name":"Fundaci\u00f3 Josep Pla","description":"Fundacio Josep Pla Palafrugell","publisher":{"@id":"https:\/\/fundaciojoseppla.cat\/#organization"},"potentialAction":[{"@type":"SearchAction","target":{"@type":"EntryPoint","urlTemplate":"https:\/\/fundaciojoseppla.cat\/?s={search_term_string}"},"query-input":{"@type":"PropertyValueSpecification","valueRequired":true,"valueName":"search_term_string"}}],"inLanguage":"en-US"},{"@type":"Organization","@id":"https:\/\/fundaciojoseppla.cat\/#organization","name":"Fundaci\u00f3 Josep Pla","url":"https:\/\/fundaciojoseppla.cat\/","logo":{"@type":"ImageObject","inLanguage":"en-US","@id":"https:\/\/fundaciojoseppla.cat\/#\/schema\/logo\/image\/","url":"https:\/\/fundaciojoseppla.cat\/wp-content\/uploads\/2018\/05\/negre-transparent-de-logo-vecto-FJP.png","contentUrl":"https:\/\/fundaciojoseppla.cat\/wp-content\/uploads\/2018\/05\/negre-transparent-de-logo-vecto-FJP.png","width":600,"height":233,"caption":"Fundaci\u00f3 Josep Pla"},"image":{"@id":"https:\/\/fundaciojoseppla.cat\/#\/schema\/logo\/image\/"},"sameAs":["https:\/\/www.facebook.com\/FJosepPla\/","https:\/\/x.com\/FJosepPla","http:\/\/pinterest.com\/fjoseppla\/","https:\/\/www.youtube.com\/user\/FJosepPla"]}]}},"publishpress_future_action":{"enabled":false,"date":"2026-04-16 14:10:55","action":"change-status","newStatus":"draft","terms":[],"taxonomy":"translation_priority","extraData":[]},"publishpress_future_workflow_manual_trigger":{"enabledWorkflows":[]},"_links":{"self":[{"href":"https:\/\/fundaciojoseppla.cat\/en\/wp-json\/wp\/v2\/pages\/21249","targetHints":{"allow":["GET"]}}],"collection":[{"href":"https:\/\/fundaciojoseppla.cat\/en\/wp-json\/wp\/v2\/pages"}],"about":[{"href":"https:\/\/fundaciojoseppla.cat\/en\/wp-json\/wp\/v2\/types\/page"}],"author":[{"embeddable":true,"href":"https:\/\/fundaciojoseppla.cat\/en\/wp-json\/wp\/v2\/users\/3"}],"replies":[{"embeddable":true,"href":"https:\/\/fundaciojoseppla.cat\/en\/wp-json\/wp\/v2\/comments?post=21249"}],"version-history":[{"count":2,"href":"https:\/\/fundaciojoseppla.cat\/en\/wp-json\/wp\/v2\/pages\/21249\/revisions"}],"predecessor-version":[{"id":21308,"href":"https:\/\/fundaciojoseppla.cat\/en\/wp-json\/wp\/v2\/pages\/21249\/revisions\/21308"}],"up":[{"embeddable":true,"href":"https:\/\/fundaciojoseppla.cat\/en\/wp-json\/wp\/v2\/pages\/8268"}],"wp:attachment":[{"href":"https:\/\/fundaciojoseppla.cat\/en\/wp-json\/wp\/v2\/media?parent=21249"}],"curies":[{"name":"wp","href":"https:\/\/api.w.org\/{rel}","templated":true}]}}