

{"id":5796,"date":"2018-02-08T19:20:06","date_gmt":"2018-02-08T18:20:06","guid":{"rendered":"https:\/\/fundaciojoseppla.cat\/ruta-josep-pla\/"},"modified":"2026-04-09T19:39:59","modified_gmt":"2026-04-09T17:39:59","slug":"ruta-josep-pla","status":"publish","type":"page","link":"https:\/\/fundaciojoseppla.cat\/en\/ruta-josep-pla\/","title":{"rendered":"Ruta Josep Pla"},"content":{"rendered":"\t\t<div data-elementor-type=\"wp-post\" data-elementor-id=\"5796\" class=\"elementor elementor-5796 elementor-876\" data-elementor-post-type=\"page\">\n\t\t\t\t\t\t<section class=\"elementor-section elementor-top-section elementor-element elementor-element-3fba2a18 elementor-section-boxed elementor-section-height-default elementor-section-height-default\" data-id=\"3fba2a18\" data-element_type=\"section\" data-settings=\"{&quot;background_background&quot;:&quot;classic&quot;}\">\n\t\t\t\t\t\t<div class=\"elementor-container elementor-column-gap-default\">\n\t\t\t\t\t<div class=\"elementor-column elementor-col-50 elementor-top-column elementor-element elementor-element-126502b3\" data-id=\"126502b3\" data-element_type=\"column\" data-settings=\"{&quot;background_background&quot;:&quot;classic&quot;}\">\n\t\t\t<div class=\"elementor-widget-wrap elementor-element-populated\">\n\t\t\t\t\t\t<div class=\"elementor-element elementor-element-fbc7f4b elementor-widget elementor-widget-image\" data-id=\"fbc7f4b\" data-element_type=\"widget\" data-widget_type=\"image.default\">\n\t\t\t\t<div class=\"elementor-widget-container\">\n\t\t\t\t\t\t\t\t\t\t\t\t\t\t\t<img decoding=\"async\" src=\"https:\/\/fundaciojoseppla.cat\/wp-content\/uploads\/2017\/12\/Ruta_Josep_Pla.jpg\" title=\"\" alt=\"\" loading=\"lazy\" \/>\t\t\t\t\t\t\t\t\t\t\t\t\t\t\t<\/div>\n\t\t\t\t<\/div>\n\t\t\t\t<div class=\"elementor-element elementor-element-969bbfd elementor-widget elementor-widget-image\" data-id=\"969bbfd\" data-element_type=\"widget\" data-widget_type=\"image.default\">\n\t\t\t\t<div class=\"elementor-widget-container\">\n\t\t\t\t\t\t\t\t\t\t\t\t\t\t\t<img fetchpriority=\"high\" decoding=\"async\" width=\"686\" height=\"1024\" src=\"https:\/\/fundaciojoseppla.cat\/wp-content\/uploads\/2026\/03\/postal-ruta-josep-pla-686x1024.png\" class=\"attachment-large size-large wp-image-46416\" alt=\"Rajola de la Ruta Josep Pla amb un dibuix de Josep Martinell del territori litoral de Palafrugell: Sant Sebasti\u00e0 amb el Far, Llafranc i Calella.\" srcset=\"https:\/\/fundaciojoseppla.cat\/wp-content\/uploads\/2026\/03\/postal-ruta-josep-pla-686x1024.png 686w, https:\/\/fundaciojoseppla.cat\/wp-content\/uploads\/2026\/03\/postal-ruta-josep-pla-201x300.png 201w, https:\/\/fundaciojoseppla.cat\/wp-content\/uploads\/2026\/03\/postal-ruta-josep-pla.png 740w\" sizes=\"(max-width: 686px) 100vw, 686px\" \/>\t\t\t\t\t\t\t\t\t\t\t\t\t\t\t<\/div>\n\t\t\t\t<\/div>\n\t\t\t\t<div class=\"elementor-element elementor-element-de243d1 elementor-widget elementor-widget-text-editor\" data-id=\"de243d1\" data-element_type=\"widget\" data-widget_type=\"text-editor.default\">\n\t\t\t\t<div class=\"elementor-widget-container\">\n\t\t\t\t\t\t\t\t\t<p>Original drawing Josep Martinell<\/p>\t\t\t\t\t\t\t\t<\/div>\n\t\t\t\t<\/div>\n\t\t\t\t\t<\/div>\n\t\t<\/div>\n\t\t\t\t<div class=\"elementor-column elementor-col-50 elementor-top-column elementor-element elementor-element-1875d59f\" data-id=\"1875d59f\" data-element_type=\"column\">\n\t\t\t<div class=\"elementor-widget-wrap elementor-element-populated\">\n\t\t\t\t\t\t<div class=\"elementor-element elementor-element-3d8f85d1 claredonlight elementor-widget elementor-widget-heading\" data-id=\"3d8f85d1\" data-element_type=\"widget\" data-widget_type=\"heading.default\">\n\t\t\t\t<div class=\"elementor-widget-container\">\n\t\t\t\t\t<h1 class=\"elementor-heading-title elementor-size-default\">Ruta Josep Pla<\/h1>\t\t\t\t<\/div>\n\t\t\t\t<\/div>\n\t\t\t\t<div class=\"elementor-element elementor-element-59c393e9 elementor-widget elementor-widget-text-editor\" data-id=\"59c393e9\" data-element_type=\"widget\" data-widget_type=\"text-editor.default\">\n\t\t\t\t<div class=\"elementor-widget-container\">\n\t\t\t\t\t\t\t\t\t<p><strong>Josep Pla route<\/strong> is a tourist and cultural itinerary designed by Fundaci\u00f3 Josep Pla (Josep Pla Foundation) in order to introduce the readers to the diverse places associated with the author in Palafrugell and the municipality. The route leads through the centre of the town: Josep Pla\u2019s birthplace in Nou Street (currently the foundation head office), the house where he lived, Nova square- vital centre of the Palafrugell life even nowadays, and then continues along the seaside to the places that fascinated the author from the very first moment and did so for the rest of his life: Tamariu, Sant Sebasti\u00e0, Llafranc, Calella&#8230; The route finishes at the Llofriu cemetery.<\/p><p>Fundaci\u00f3 Josep Pla (Josep Pla Foundation) also offers a variety of monographic literary routes that will give you a deeper insight into the history, the community and the landscape of our municipality depicted in the books. Please enquire about these new routes: Josep Pla Route in Palafrugell, Josep Pla Route in Calella, in Sant Sebasti\u00e0, Pals, Tamariu and Llofriu.<\/p><p>And if you are interested, the Josep Pla, cuisine and landscapes programme gives you the opportunity to taste a typical meal from the Empord\u00e0 area right after the walk.<\/p>\t\t\t\t\t\t\t\t<\/div>\n\t\t\t\t<\/div>\n\t\t\t\t<div class=\"elementor-element elementor-element-64f8866 elementor-widget elementor-widget-spacer\" data-id=\"64f8866\" data-element_type=\"widget\" data-widget_type=\"spacer.default\">\n\t\t\t\t<div class=\"elementor-widget-container\">\n\t\t\t\t\t\t\t<div class=\"elementor-spacer\">\n\t\t\t<div class=\"elementor-spacer-inner\"><\/div>\n\t\t<\/div>\n\t\t\t\t\t\t<\/div>\n\t\t\t\t<\/div>\n\t\t\t\t\t<\/div>\n\t\t<\/div>\n\t\t\t\t\t<\/div>\n\t\t<\/section>\n\t\t\t\t<section class=\"elementor-section elementor-top-section elementor-element elementor-element-709dbfd elementor-section-boxed elementor-section-height-default elementor-section-height-default\" data-id=\"709dbfd\" data-element_type=\"section\">\n\t\t\t\t\t\t<div class=\"elementor-container elementor-column-gap-wider\">\n\t\t\t\t\t<div class=\"elementor-column elementor-col-50 elementor-top-column elementor-element elementor-element-0843bbd\" data-id=\"0843bbd\" data-element_type=\"column\">\n\t\t\t<div class=\"elementor-widget-wrap elementor-element-populated\">\n\t\t\t\t\t\t<div class=\"elementor-element elementor-element-73c425cc claredonregular elementor-widget elementor-widget-heading\" data-id=\"73c425cc\" data-element_type=\"widget\" data-widget_type=\"heading.default\">\n\t\t\t\t<div class=\"elementor-widget-container\">\n\t\t\t\t\t<p class=\"elementor-heading-title elementor-size-default\">Itinerary<\/p>\t\t\t\t<\/div>\n\t\t\t\t<\/div>\n\t\t\t\t<div class=\"elementor-element elementor-element-6c032e2 elementor-widget elementor-widget-text-editor\" data-id=\"6c032e2\" data-element_type=\"widget\" data-widget_type=\"text-editor.default\">\n\t\t\t\t<div class=\"elementor-widget-container\">\n\t\t\t\t\t\t\t\t\t<ul class=\"linksverds\"><li>0. El nostre clima<\/li><li><a href=\"http:\/\/www.mapaliterari.cat\/ca\/espai\/palafrugell-carrer-nou-49\/josep-pla\" target=\"blank\">1. Palafrugell, carrer Nou, 49<\/a><\/li><li><a href=\"http:\/\/www.mapaliterari.cat\/ca\/espai\/palafrugell-placa-nova\/josep-pla\" target=\"blank\" data-wplink-edit=\"true\">2. Palafrugell, carrer Torres i Jonama, 56<\/a><\/li><li><a href=\"http:\/\/www.mapaliterari.cat\/ca\/espai\/palafrugell-carrer-torres-i-jonama-56\/josep-pla\" target=\"blank\">3. Palafrugell, Pla\u00e7a Nova<\/a><\/li><li><a href=\"http:\/\/www.mapaliterari.cat\/ca\/espai\/tamariu\/josep-pla\" target=\"blank\">4. Tamariu<\/a><\/li><li><a href=\"http:\/\/www.mapaliterari.cat\/ca\/espai\/sant-sebastia\/josep-pla\" target=\"blank\">5. Sant Sebasti\u00e0<\/a><\/li><li><a href=\"http:\/\/www.mapaliterari.cat\/ca\/espai\/llafranc\/josep-pla\" target=\"blank\">6. Llafranc<\/a><\/li><li><a href=\"http:\/\/www.mapaliterari.cat\/ca\/espai\/4-el-canadell\/josep-pla\" target=\"blank\">7. Calella, El Canadell<\/a><\/li><li><a href=\"http:\/\/www.mapaliterari.cat\/ca\/espai\/2-el-port-bo\/josep-pla\" target=\"blank\">8. Calella, El Port Bo<\/a><\/li><li><a href=\"http:\/\/www.mapaliterari.cat\/ca\/espai\/llofriu-el-mas-pla\/josep-pla\" target=\"blank\">9. Llofriu, el mas Pla<\/a><\/li><li><a href=\"http:\/\/www.mapaliterari.cat\/ca\/espai\/llofriu-el-cementerio\/josep-pla\" target=\"blank\">10. Llofriu, el cementiri<\/a><\/li><\/ul>\t\t\t\t\t\t\t\t<\/div>\n\t\t\t\t<\/div>\n\t\t\t\t\t<\/div>\n\t\t<\/div>\n\t\t\t\t<div class=\"elementor-column elementor-col-50 elementor-top-column elementor-element elementor-element-85b6c53\" data-id=\"85b6c53\" data-element_type=\"column\">\n\t\t\t<div class=\"elementor-widget-wrap elementor-element-populated\">\n\t\t\t\t\t\t<div class=\"elementor-element elementor-element-e5d950a claredonbold elementor-widget elementor-widget-text-editor\" data-id=\"e5d950a\" data-element_type=\"widget\" data-widget_type=\"text-editor.default\">\n\t\t\t\t<div class=\"elementor-widget-container\">\n\t\t\t\t\t\t\t\t\t<p>&#8220;El meu poble \u00e9s un poble com tants n\u2019hi ha, t\u00e9 les qualitats i els defectes que hom li vulgui concedir. Ara, el genius loci \u00e9s un fet real i concret, que actua sobre el nostre escrit. Aix\u00ed, si no s\u00f3c un esperit de campanar, tampoc no es pot dir que sigui un desarrelat i un vagabund de la geografia. Precisament perqu\u00e8 s\u00f3c un home d\u2019un determinat rodal i en tinc plena consci\u00e8ncia, em trobo potser en condicions de comprendre els rodals adjacents i d\u2019eixamplar aquest horitz\u00f3 ad libitum.&#8221;<\/p>\n\t\t\t\t\t\t\t\t<\/div>\n\t\t\t\t<\/div>\n\t\t\t\t<div class=\"elementor-element elementor-element-fd3261b pitchlight elementor-widget elementor-widget-heading\" data-id=\"fd3261b\" data-element_type=\"widget\" data-widget_type=\"heading.default\">\n\t\t\t\t<div class=\"elementor-widget-container\">\n\t\t\t\t\t<h2 class=\"elementor-heading-title elementor-size-default\"><p class=\"fancy\"><span style=\"font-size: 15px;font-style: normal;font-weight: 600;white-space: normal\">Josep Pla.&nbsp;<span style=\"font-size: 15px;font-style: italic;font-weight: 600;white-space: normal\">El meu pa\u00eds.<\/span> OC VII, 679.<\/span><span style=\"font-family: Roboto, sans-serif;font-size: 14px;font-style: italic;font-weight: 600\"><\/span><\/p><\/h2>\t\t\t\t<\/div>\n\t\t\t\t<\/div>\n\t\t\t\t\t<\/div>\n\t\t<\/div>\n\t\t\t\t\t<\/div>\n\t\t<\/section>\n\t\t\t\t<\/div>\n\t\t","protected":false},"excerpt":{"rendered":"<p>Original drawing Josep Martinell Ruta Josep Pla Josep Pla route is a tourist and cultural itinerary designed by Fundaci\u00f3 Josep Pla (Josep Pla Foundation) in order to introduce the readers to the diverse places associated with the author in Palafrugell and the municipality. The route leads through the centre of the town: Josep Pla\u2019s birthplace [&hellip;]<\/p>\n","protected":false},"author":3,"featured_media":0,"parent":0,"menu_order":0,"comment_status":"closed","ping_status":"closed","template":"","meta":{"inline_featured_image":false,"site-sidebar-layout":"default","site-content-layout":"default","ast-site-content-layout":"default","site-content-style":"default","site-sidebar-style":"default","ast-global-header-display":"","ast-banner-title-visibility":"","ast-main-header-display":"disabled","ast-hfb-above-header-display":"","ast-hfb-below-header-display":"","ast-hfb-mobile-header-display":"","site-post-title":"disabled","ast-breadcrumbs-content":"","ast-featured-img":"disabled","footer-sml-layout":"","theme-transparent-header-meta":"default","adv-header-id-meta":"","stick-header-meta":"","header-above-stick-meta":"","header-main-stick-meta":"","header-below-stick-meta":"","astra-migrate-meta-layouts":"default","ast-page-background-enabled":"default","ast-page-background-meta":{"desktop":{"background-color":"var(--ast-global-color-4)","background-image":"","background-repeat":"repeat","background-position":"center center","background-size":"auto","background-attachment":"scroll","background-type":"","background-media":"","overlay-type":"","overlay-color":"","overlay-opacity":"","overlay-gradient":""},"tablet":{"background-color":"","background-image":"","background-repeat":"repeat","background-position":"center center","background-size":"auto","background-attachment":"scroll","background-type":"","background-media":"","overlay-type":"","overlay-color":"","overlay-opacity":"","overlay-gradient":""},"mobile":{"background-color":"","background-image":"","background-repeat":"repeat","background-position":"center center","background-size":"auto","background-attachment":"scroll","background-type":"","background-media":"","overlay-type":"","overlay-color":"","overlay-opacity":"","overlay-gradient":""}},"ast-content-background-meta":{"desktop":{"background-color":"var(--ast-global-color-5)","background-image":"","background-repeat":"repeat","background-position":"center center","background-size":"auto","background-attachment":"scroll","background-type":"","background-media":"","overlay-type":"","overlay-color":"","overlay-opacity":"","overlay-gradient":""},"tablet":{"background-color":"var(--ast-global-color-5)","background-image":"","background-repeat":"repeat","background-position":"center center","background-size":"auto","background-attachment":"scroll","background-type":"","background-media":"","overlay-type":"","overlay-color":"","overlay-opacity":"","overlay-gradient":""},"mobile":{"background-color":"var(--ast-global-color-5)","background-image":"","background-repeat":"repeat","background-position":"center center","background-size":"auto","background-attachment":"scroll","background-type":"","background-media":"","overlay-type":"","overlay-color":"","overlay-opacity":"","overlay-gradient":""}},"footnotes":""},"class_list":["post-5796","page","type-page","status-publish","hentry"],"yoast_head":"<!-- This site is optimized with the Yoast SEO plugin v26.1.1 - https:\/\/yoast.com\/wordpress\/plugins\/seo\/ -->\n<title>Ruta Josep Pla - Fundaci\u00f3 Josep Pla<\/title>\n<meta name=\"robots\" content=\"index, follow, max-snippet:-1, max-image-preview:large, max-video-preview:-1\" \/>\n<link rel=\"canonical\" href=\"https:\/\/fundaciojoseppla.cat\/ruta-josep-pla\/\" \/>\n<meta property=\"og:locale\" content=\"en_US\" \/>\n<meta property=\"og:type\" content=\"article\" \/>\n<meta property=\"og:title\" content=\"Ruta Josep Pla - Fundaci\u00f3 Josep Pla\" \/>\n<meta property=\"og:description\" content=\"Original drawing Josep Martinell Ruta Josep Pla Josep Pla route is a tourist and cultural itinerary designed by Fundaci\u00f3 Josep Pla (Josep Pla Foundation) in order to introduce the readers to the diverse places associated with the author in Palafrugell and the municipality. The route leads through the centre of the town: Josep Pla\u2019s birthplace [&hellip;]\" \/>\n<meta property=\"og:url\" content=\"https:\/\/fundaciojoseppla.cat\/ruta-josep-pla\/\" \/>\n<meta property=\"og:site_name\" content=\"Fundaci\u00f3 Josep Pla\" \/>\n<meta property=\"article:publisher\" content=\"https:\/\/www.facebook.com\/FJosepPla\/\" \/>\n<meta property=\"article:modified_time\" content=\"2026-04-09T17:39:59+00:00\" \/>\n<meta property=\"og:image\" content=\"https:\/\/fundaciojoseppla.cat\/wp-content\/uploads\/2017\/12\/Ruta_Josep_Pla.jpg\" \/>\n<meta name=\"twitter:card\" content=\"summary_large_image\" \/>\n<meta name=\"twitter:site\" content=\"@FJosepPla\" \/>\n<meta name=\"twitter:label1\" content=\"Est. reading time\" \/>\n\t<meta name=\"twitter:data1\" content=\"2 minutes\" \/>\n<script type=\"application\/ld+json\" class=\"yoast-schema-graph\">{\"@context\":\"https:\/\/schema.org\",\"@graph\":[{\"@type\":\"WebPage\",\"@id\":\"https:\/\/fundaciojoseppla.cat\/ruta-josep-pla\/\",\"url\":\"https:\/\/fundaciojoseppla.cat\/ruta-josep-pla\/\",\"name\":\"Ruta Josep Pla - Fundaci\u00f3 Josep Pla\",\"isPartOf\":{\"@id\":\"https:\/\/fundaciojoseppla.cat\/#website\"},\"primaryImageOfPage\":{\"@id\":\"https:\/\/fundaciojoseppla.cat\/ruta-josep-pla\/#primaryimage\"},\"image\":{\"@id\":\"https:\/\/fundaciojoseppla.cat\/ruta-josep-pla\/#primaryimage\"},\"thumbnailUrl\":\"https:\/\/fundaciojoseppla.cat\/wp-content\/uploads\/2017\/12\/Ruta_Josep_Pla.jpg\",\"datePublished\":\"2018-02-08T18:20:06+00:00\",\"dateModified\":\"2026-04-09T17:39:59+00:00\",\"breadcrumb\":{\"@id\":\"https:\/\/fundaciojoseppla.cat\/ruta-josep-pla\/#breadcrumb\"},\"inLanguage\":\"en-US\",\"potentialAction\":[{\"@type\":\"ReadAction\",\"target\":[\"https:\/\/fundaciojoseppla.cat\/ruta-josep-pla\/\"]}]},{\"@type\":\"ImageObject\",\"inLanguage\":\"en-US\",\"@id\":\"https:\/\/fundaciojoseppla.cat\/ruta-josep-pla\/#primaryimage\",\"url\":\"https:\/\/fundaciojoseppla.cat\/wp-content\/uploads\/2017\/12\/Ruta_Josep_Pla.jpg\",\"contentUrl\":\"https:\/\/fundaciojoseppla.cat\/wp-content\/uploads\/2017\/12\/Ruta_Josep_Pla.jpg\"},{\"@type\":\"BreadcrumbList\",\"@id\":\"https:\/\/fundaciojoseppla.cat\/ruta-josep-pla\/#breadcrumb\",\"itemListElement\":[{\"@type\":\"ListItem\",\"position\":1,\"name\":\"Inici\",\"item\":\"https:\/\/fundaciojoseppla.cat\/en\/home\/\"},{\"@type\":\"ListItem\",\"position\":2,\"name\":\"Ruta Josep Pla\"}]},{\"@type\":\"WebSite\",\"@id\":\"https:\/\/fundaciojoseppla.cat\/#website\",\"url\":\"https:\/\/fundaciojoseppla.cat\/\",\"name\":\"Fundaci\u00f3 Josep Pla\",\"description\":\"Fundacio Josep Pla Palafrugell\",\"publisher\":{\"@id\":\"https:\/\/fundaciojoseppla.cat\/#organization\"},\"potentialAction\":[{\"@type\":\"SearchAction\",\"target\":{\"@type\":\"EntryPoint\",\"urlTemplate\":\"https:\/\/fundaciojoseppla.cat\/?s={search_term_string}\"},\"query-input\":{\"@type\":\"PropertyValueSpecification\",\"valueRequired\":true,\"valueName\":\"search_term_string\"}}],\"inLanguage\":\"en-US\"},{\"@type\":\"Organization\",\"@id\":\"https:\/\/fundaciojoseppla.cat\/#organization\",\"name\":\"Fundaci\u00f3 Josep Pla\",\"url\":\"https:\/\/fundaciojoseppla.cat\/\",\"logo\":{\"@type\":\"ImageObject\",\"inLanguage\":\"en-US\",\"@id\":\"https:\/\/fundaciojoseppla.cat\/#\/schema\/logo\/image\/\",\"url\":\"https:\/\/fundaciojoseppla.cat\/wp-content\/uploads\/2018\/05\/negre-transparent-de-logo-vecto-FJP.png\",\"contentUrl\":\"https:\/\/fundaciojoseppla.cat\/wp-content\/uploads\/2018\/05\/negre-transparent-de-logo-vecto-FJP.png\",\"width\":600,\"height\":233,\"caption\":\"Fundaci\u00f3 Josep Pla\"},\"image\":{\"@id\":\"https:\/\/fundaciojoseppla.cat\/#\/schema\/logo\/image\/\"},\"sameAs\":[\"https:\/\/www.facebook.com\/FJosepPla\/\",\"https:\/\/x.com\/FJosepPla\",\"http:\/\/pinterest.com\/fjoseppla\/\",\"https:\/\/www.youtube.com\/user\/FJosepPla\"]}]}<\/script>\n<!-- \/ Yoast SEO plugin. -->","yoast_head_json":{"title":"Ruta Josep Pla - Fundaci\u00f3 Josep Pla","robots":{"index":"index","follow":"follow","max-snippet":"max-snippet:-1","max-image-preview":"max-image-preview:large","max-video-preview":"max-video-preview:-1"},"canonical":"https:\/\/fundaciojoseppla.cat\/ruta-josep-pla\/","og_locale":"en_US","og_type":"article","og_title":"Ruta Josep Pla - Fundaci\u00f3 Josep Pla","og_description":"Original drawing Josep Martinell Ruta Josep Pla Josep Pla route is a tourist and cultural itinerary designed by Fundaci\u00f3 Josep Pla (Josep Pla Foundation) in order to introduce the readers to the diverse places associated with the author in Palafrugell and the municipality. The route leads through the centre of the town: Josep Pla\u2019s birthplace [&hellip;]","og_url":"https:\/\/fundaciojoseppla.cat\/ruta-josep-pla\/","og_site_name":"Fundaci\u00f3 Josep Pla","article_publisher":"https:\/\/www.facebook.com\/FJosepPla\/","article_modified_time":"2026-04-09T17:39:59+00:00","og_image":[{"url":"https:\/\/fundaciojoseppla.cat\/wp-content\/uploads\/2017\/12\/Ruta_Josep_Pla.jpg","type":"","width":"","height":""}],"twitter_card":"summary_large_image","twitter_site":"@FJosepPla","twitter_misc":{"Est. reading time":"2 minutes"},"schema":{"@context":"https:\/\/schema.org","@graph":[{"@type":"WebPage","@id":"https:\/\/fundaciojoseppla.cat\/ruta-josep-pla\/","url":"https:\/\/fundaciojoseppla.cat\/ruta-josep-pla\/","name":"Ruta Josep Pla - Fundaci\u00f3 Josep Pla","isPartOf":{"@id":"https:\/\/fundaciojoseppla.cat\/#website"},"primaryImageOfPage":{"@id":"https:\/\/fundaciojoseppla.cat\/ruta-josep-pla\/#primaryimage"},"image":{"@id":"https:\/\/fundaciojoseppla.cat\/ruta-josep-pla\/#primaryimage"},"thumbnailUrl":"https:\/\/fundaciojoseppla.cat\/wp-content\/uploads\/2017\/12\/Ruta_Josep_Pla.jpg","datePublished":"2018-02-08T18:20:06+00:00","dateModified":"2026-04-09T17:39:59+00:00","breadcrumb":{"@id":"https:\/\/fundaciojoseppla.cat\/ruta-josep-pla\/#breadcrumb"},"inLanguage":"en-US","potentialAction":[{"@type":"ReadAction","target":["https:\/\/fundaciojoseppla.cat\/ruta-josep-pla\/"]}]},{"@type":"ImageObject","inLanguage":"en-US","@id":"https:\/\/fundaciojoseppla.cat\/ruta-josep-pla\/#primaryimage","url":"https:\/\/fundaciojoseppla.cat\/wp-content\/uploads\/2017\/12\/Ruta_Josep_Pla.jpg","contentUrl":"https:\/\/fundaciojoseppla.cat\/wp-content\/uploads\/2017\/12\/Ruta_Josep_Pla.jpg"},{"@type":"BreadcrumbList","@id":"https:\/\/fundaciojoseppla.cat\/ruta-josep-pla\/#breadcrumb","itemListElement":[{"@type":"ListItem","position":1,"name":"Inici","item":"https:\/\/fundaciojoseppla.cat\/en\/home\/"},{"@type":"ListItem","position":2,"name":"Ruta Josep Pla"}]},{"@type":"WebSite","@id":"https:\/\/fundaciojoseppla.cat\/#website","url":"https:\/\/fundaciojoseppla.cat\/","name":"Fundaci\u00f3 Josep Pla","description":"Fundacio Josep Pla Palafrugell","publisher":{"@id":"https:\/\/fundaciojoseppla.cat\/#organization"},"potentialAction":[{"@type":"SearchAction","target":{"@type":"EntryPoint","urlTemplate":"https:\/\/fundaciojoseppla.cat\/?s={search_term_string}"},"query-input":{"@type":"PropertyValueSpecification","valueRequired":true,"valueName":"search_term_string"}}],"inLanguage":"en-US"},{"@type":"Organization","@id":"https:\/\/fundaciojoseppla.cat\/#organization","name":"Fundaci\u00f3 Josep Pla","url":"https:\/\/fundaciojoseppla.cat\/","logo":{"@type":"ImageObject","inLanguage":"en-US","@id":"https:\/\/fundaciojoseppla.cat\/#\/schema\/logo\/image\/","url":"https:\/\/fundaciojoseppla.cat\/wp-content\/uploads\/2018\/05\/negre-transparent-de-logo-vecto-FJP.png","contentUrl":"https:\/\/fundaciojoseppla.cat\/wp-content\/uploads\/2018\/05\/negre-transparent-de-logo-vecto-FJP.png","width":600,"height":233,"caption":"Fundaci\u00f3 Josep Pla"},"image":{"@id":"https:\/\/fundaciojoseppla.cat\/#\/schema\/logo\/image\/"},"sameAs":["https:\/\/www.facebook.com\/FJosepPla\/","https:\/\/x.com\/FJosepPla","http:\/\/pinterest.com\/fjoseppla\/","https:\/\/www.youtube.com\/user\/FJosepPla"]}]}},"publishpress_future_action":{"enabled":false,"date":"2026-04-26 21:20:34","action":"change-status","newStatus":"draft","terms":[],"taxonomy":"translation_priority","extraData":[]},"publishpress_future_workflow_manual_trigger":{"enabledWorkflows":[]},"_links":{"self":[{"href":"https:\/\/fundaciojoseppla.cat\/en\/wp-json\/wp\/v2\/pages\/5796","targetHints":{"allow":["GET"]}}],"collection":[{"href":"https:\/\/fundaciojoseppla.cat\/en\/wp-json\/wp\/v2\/pages"}],"about":[{"href":"https:\/\/fundaciojoseppla.cat\/en\/wp-json\/wp\/v2\/types\/page"}],"author":[{"embeddable":true,"href":"https:\/\/fundaciojoseppla.cat\/en\/wp-json\/wp\/v2\/users\/3"}],"replies":[{"embeddable":true,"href":"https:\/\/fundaciojoseppla.cat\/en\/wp-json\/wp\/v2\/comments?post=5796"}],"version-history":[{"count":46,"href":"https:\/\/fundaciojoseppla.cat\/en\/wp-json\/wp\/v2\/pages\/5796\/revisions"}],"predecessor-version":[{"id":47745,"href":"https:\/\/fundaciojoseppla.cat\/en\/wp-json\/wp\/v2\/pages\/5796\/revisions\/47745"}],"wp:attachment":[{"href":"https:\/\/fundaciojoseppla.cat\/en\/wp-json\/wp\/v2\/media?parent=5796"}],"curies":[{"name":"wp","href":"https:\/\/api.w.org\/{rel}","templated":true}]}}