

{"id":19033,"date":"2019-03-05T13:30:53","date_gmt":"2019-03-05T12:30:53","guid":{"rendered":"https:\/\/fundaciojoseppla.cat\/biblioteca\/"},"modified":"2022-11-21T10:48:00","modified_gmt":"2022-11-21T09:48:00","slug":"biblioteca","status":"publish","type":"page","link":"https:\/\/fundaciojoseppla.cat\/es\/biblioteca\/","title":{"rendered":"Biblioteca"},"content":{"rendered":"\t\t<div data-elementor-type=\"wp-post\" data-elementor-id=\"19033\" class=\"elementor elementor-19033 elementor-63\" data-elementor-post-type=\"page\">\n\t\t\t\t\t\t<section class=\"elementor-section elementor-top-section elementor-element elementor-element-afe4b0f elementor-section-boxed elementor-section-height-default elementor-section-height-default\" data-id=\"afe4b0f\" data-element_type=\"section\">\n\t\t\t\t\t\t<div class=\"elementor-container elementor-column-gap-default\">\n\t\t\t\t\t<div class=\"elementor-column elementor-col-50 elementor-top-column elementor-element elementor-element-0ff04f8\" data-id=\"0ff04f8\" data-element_type=\"column\" data-settings=\"{&quot;background_background&quot;:&quot;classic&quot;}\">\n\t\t\t<div class=\"elementor-widget-wrap elementor-element-populated\">\n\t\t\t\t\t\t<div class=\"elementor-element elementor-element-54cbcd2 elementor-widget elementor-widget-image\" data-id=\"54cbcd2\" data-element_type=\"widget\" data-widget_type=\"image.default\">\n\t\t\t\t<div class=\"elementor-widget-container\">\n\t\t\t\t\t\t\t\t\t\t\t\t\t\t\t<img fetchpriority=\"high\" decoding=\"async\" width=\"714\" height=\"1024\" src=\"https:\/\/fundaciojoseppla.cat\/wp-content\/uploads\/2018\/08\/biblioteca-fundacio-josep-pla-714x1024.jpg\" class=\"attachment-large size-large wp-image-15995\" alt=\"\" srcset=\"https:\/\/fundaciojoseppla.cat\/wp-content\/uploads\/2018\/08\/biblioteca-fundacio-josep-pla-714x1024.jpg 714w, https:\/\/fundaciojoseppla.cat\/wp-content\/uploads\/2018\/08\/biblioteca-fundacio-josep-pla-209x300.jpg 209w, https:\/\/fundaciojoseppla.cat\/wp-content\/uploads\/2018\/08\/biblioteca-fundacio-josep-pla-768x1102.jpg 768w, https:\/\/fundaciojoseppla.cat\/wp-content\/uploads\/2018\/08\/biblioteca-fundacio-josep-pla.jpg 1300w\" sizes=\"(max-width: 714px) 100vw, 714px\" \/>\t\t\t\t\t\t\t\t\t\t\t\t\t\t\t<\/div>\n\t\t\t\t<\/div>\n\t\t\t\t<div class=\"elementor-element elementor-element-24594e9 elementor-widget elementor-widget-text-editor\" data-id=\"24594e9\" data-element_type=\"widget\" data-widget_type=\"text-editor.default\">\n\t\t\t\t<div class=\"elementor-widget-container\">\n\t\t\t\t\t\t\t\t\t<p>Foto Enric Bruguera<\/p>\n\t\t\t\t\t\t\t\t<\/div>\n\t\t\t\t<\/div>\n\t\t\t\t\t<\/div>\n\t\t<\/div>\n\t\t\t\t<div class=\"elementor-column elementor-col-50 elementor-top-column elementor-element elementor-element-579063cc\" data-id=\"579063cc\" data-element_type=\"column\">\n\t\t\t<div class=\"elementor-widget-wrap elementor-element-populated\">\n\t\t\t\t\t\t<div class=\"elementor-element elementor-element-321cc947 claredonlight elementor-widget elementor-widget-heading\" data-id=\"321cc947\" data-element_type=\"widget\" data-widget_type=\"heading.default\">\n\t\t\t\t<div class=\"elementor-widget-container\">\n\t\t\t\t\t<h1 class=\"elementor-heading-title elementor-size-default\">Biblioteca<\/h1>\t\t\t\t<\/div>\n\t\t\t\t<\/div>\n\t\t\t\t<div class=\"elementor-element elementor-element-5c7ec59e elementor-widget elementor-widget-text-editor\" data-id=\"5c7ec59e\" data-element_type=\"widget\" data-widget_type=\"text-editor.default\">\n\t\t\t\t<div class=\"elementor-widget-container\">\n\t\t\t\t\t\t\t\t\t<p>La Fundaci\u00f3 Josep Pla tiene a disposici\u00f3n de lectores y estudiosos la biblioteca que el mismo escritor don\u00f3 en el a\u00f1o 1973. Tambi\u00e9n dispone de un fondo bibliogr\u00e1fico especializado en Josep Pla, que se va actualizando.<\/p><p>Nuestro cat\u00e1logo se encuentra alojado en la p\u00e1gina web de la <a class=\"linktaronja\" href=\"https:\/\/omnia.udg.edu\/discovery\/search?vid=34CSUC_UDG:BtcaJosepPla\" target=\"_blank\" rel=\"noopener\">Biblioteca de la UdG<\/a>. Una vez introducidos los t\u00e9rminos de b\u00fasqueda, tendr\u00e9is que filtrar los resultados por \u201cBiblioteca Josep Pla\u201d en el apartado \u2018Localitzaci\u00f3\u2019 del men\u00fa de la izquierda.<\/p><p>La biblioteca esta abierta al p\u00fablico de martes a viernes. <a class=\"linktaronja\" href=\"https:\/\/fundaciojoseppla.cat\/es\/situacion-i-horarios\/\">Horarios<\/a>.\u00a0Est\u00e1n excluidas de pr\u00e9stamo las ediciones anteriores a 1992. El pr\u00e9stamo ser\u00e1 por 15 dias.<\/p>\t\t\t\t\t\t\t\t<\/div>\n\t\t\t\t<\/div>\n\t\t\t\t<div class=\"elementor-element elementor-element-d5190f8 elementor-widget elementor-widget-spacer\" data-id=\"d5190f8\" data-element_type=\"widget\" data-widget_type=\"spacer.default\">\n\t\t\t\t<div class=\"elementor-widget-container\">\n\t\t\t\t\t\t\t<div class=\"elementor-spacer\">\n\t\t\t<div class=\"elementor-spacer-inner\"><\/div>\n\t\t<\/div>\n\t\t\t\t\t\t<\/div>\n\t\t\t\t<\/div>\n\t\t\t\t\t<\/div>\n\t\t<\/div>\n\t\t\t\t\t<\/div>\n\t\t<\/section>\n\t\t\t\t<section class=\"elementor-section elementor-top-section elementor-element elementor-element-701228ba elementor-section-boxed elementor-section-height-default elementor-section-height-default\" data-id=\"701228ba\" data-element_type=\"section\">\n\t\t\t\t\t\t<div class=\"elementor-container elementor-column-gap-default\">\n\t\t\t\t\t<div class=\"elementor-column elementor-col-100 elementor-top-column elementor-element elementor-element-7d319e6c\" data-id=\"7d319e6c\" data-element_type=\"column\">\n\t\t\t<div class=\"elementor-widget-wrap elementor-element-populated\">\n\t\t\t\t\t\t<div class=\"elementor-element elementor-element-6448f36 claredonregular elementor-widget elementor-widget-heading\" data-id=\"6448f36\" data-element_type=\"widget\" data-widget_type=\"heading.default\">\n\t\t\t\t<div class=\"elementor-widget-container\">\n\t\t\t\t\t<p class=\"elementor-heading-title elementor-size-default\">Precio de los servicios<\/p>\t\t\t\t<\/div>\n\t\t\t\t<\/div>\n\t\t\t\t\t<\/div>\n\t\t<\/div>\n\t\t\t\t\t<\/div>\n\t\t<\/section>\n\t\t\t\t<section class=\"elementor-section elementor-top-section elementor-element elementor-element-b2c762f elementor-section-boxed elementor-section-height-default elementor-section-height-default\" data-id=\"b2c762f\" data-element_type=\"section\">\n\t\t\t\t\t\t<div class=\"elementor-container elementor-column-gap-default\">\n\t\t\t\t\t<div class=\"elementor-column elementor-col-100 elementor-top-column elementor-element elementor-element-0605b0c\" data-id=\"0605b0c\" data-element_type=\"column\">\n\t\t\t<div class=\"elementor-widget-wrap elementor-element-populated\">\n\t\t\t\t\t\t<div class=\"elementor-element elementor-element-3d2d362 elementor-widget elementor-widget-text-editor\" data-id=\"3d2d362\" data-element_type=\"widget\" data-widget_type=\"text-editor.default\">\n\t\t\t\t<div class=\"elementor-widget-container\">\n\t\t\t\t\t\t\t\t\t<table id=\"biblioteca\">\n<tbody>\n<tr class=\"primer\">\n<td class=\"taulanomun\"><strong>Fondo<\/strong><\/td>\n<td class=\"taulanomun\"><strong>Servicio<\/strong><\/td>\n<td class=\"taulanomdos\" style=\"text-align: center;\"><strong>Uso comercial (editorial, publicitario y comunicaci\u00f3n) <\/strong><\/td>\n<td class=\"taulanomdos\" style=\"text-align: center;\"><strong>Uso acad\u00e9mico o entidad sin \u00e1nimo de lucro <\/strong><\/td>\n<\/tr>\n<tr>\n<td class=\"taulanomun\"><\/td>\n<td class=\"taulanomun\"><\/td>\n<td class=\"taulanomdos\" style=\"text-align: center;\"><strong>PVP Unitario <\/strong><\/td>\n<td class=\"taulanomdos\" style=\"text-align: center;\"><strong>PVP Unitario <\/strong><\/td>\n<\/tr>\n<tr>\n<td class=\"taulanom taulanomun\"><strong>Biblioteca Josep Pla<\/strong><\/td>\n<td class=\"taulanomun\">Fotocopia DINA4 y folio<\/td>\n<td class=\"taulanomdos\" style=\"text-align: center;\"><strong>1\u20ac<\/strong><\/td>\n<td class=\"taulanomdos\" style=\"text-align: center;\"><strong>0,20\u20ac<\/strong><\/td>\n<\/tr>\n<tr>\n<td class=\"taulanomun\"><\/td>\n<td class=\"taulanomun\">Fotocopia DINA3<\/td>\n<td class=\"taulanomdos\" style=\"text-align: center;\"><strong>1\u20ac<\/strong><\/td>\n<td class=\"taulanomdos\" style=\"text-align: center;\"><strong>0,40\u20ac<\/strong><\/td>\n<\/tr>\n<tr>\n<td class=\"taulanomun\"><\/td>\n<td class=\"taulanomun\">Digitalitzaci\u00f3n<\/td>\n<td class=\"taulanomdos\" style=\"text-align: center;\"><strong>5\u20ac<\/strong><\/td>\n<td class=\"taulanomdos\" style=\"text-align: center;\"><strong>1\u20ac<\/strong><\/td>\n<\/tr>\n<tr>\n<td class=\"taulanomun\"><\/td>\n<td class=\"taulanomun\">Soporte de CD o DVD<\/td>\n<td class=\"taulanomdos\" style=\"text-align: center;\"><strong>3\u20ac<\/strong><\/td>\n<td class=\"taulanomdos\" style=\"text-align: center;\"><strong>3\u20ac<\/strong><\/td>\n<\/tr>\n<tr>\n<td class=\"taulanomun\"><\/td>\n<td class=\"taulanomun\">Env\u00edo correos<\/td>\n<td class=\"taulanomdos\" style=\"text-align: center;\"><strong>Contra reembolso<\/strong><\/td>\n<td class=\"taulanomdos\" style=\"text-align: center;\"><strong>Contra reembolso<\/strong><\/td>\n<\/tr>\n<tr>\n<td class=\"taulanomun\"><\/td>\n<td class=\"taulanomun\">Env\u00edo por mensajer\u00eda<\/td>\n<td class=\"taulanomdos\" style=\"text-align: center;\"><strong>Portes debidos<\/strong><\/td>\n<td class=\"taulanomdos\" style=\"text-align: center;\"><strong>Portes debidos<\/strong><\/td>\n<\/tr>\n<tr>\n<td class=\"taulanomun\"><\/td>\n<td class=\"taulanomun\"><\/td>\n<td class=\"taulanomdos\" style=\"text-align: center;\"><\/td>\n<td class=\"taulanomdos\" style=\"text-align: center;\"><\/td>\n<\/tr>\n<tr>\n<td class=\"taulanomun\"><\/td>\n<td class=\"taulanomun\"><\/td>\n<td class=\"taulanomdos\" style=\"text-align: center;\"><\/td>\n<td class=\"taulanomdos\" style=\"text-align: center;\"><\/td>\n<\/tr>\n<tr>\n<td class=\"taulanomun taulanom\"><strong>Centro de Documentaci\u00f3n<\/strong><\/td>\n<td class=\"taulanomun\">Fotocopia<\/td>\n<td class=\"taulanomdos\" style=\"text-align: center;\"><strong>5\u20ac<\/strong><\/td>\n<td class=\"taulanomdos\" style=\"text-align: center;\"><strong>3\u20ac<\/strong><\/td>\n<\/tr>\n<tr>\n<td class=\"taulanomun\"><\/td>\n<td class=\"taulanomun\">Digitalitzaci\u00f3n<\/td>\n<td class=\"taulanomdos\" style=\"text-align: center;\"><strong>10\u20ac<\/strong><\/td>\n<td class=\"taulanomdos\" style=\"text-align: center;\"><strong>5\u20ac<\/strong><\/td>\n<\/tr>\n<tr>\n<td class=\"taulanomun\"><\/td>\n<td class=\"taulanomun\">Soporte de CD o DVD<\/td>\n<td class=\"taulanomdos\" style=\"text-align: center;\"><strong>3\u20ac<\/strong><\/td>\n<td class=\"taulanomdos\" style=\"text-align: center;\"><strong>3\u20ac<\/strong><\/td>\n<\/tr>\n<tr>\n<td class=\"taulanomun\"><\/td>\n<td class=\"taulanomun\">Env\u00edo correos<\/td>\n<td class=\"taulanomdos\" style=\"text-align: center;\"><strong>Contra reembolso<\/strong><\/td>\n<td class=\"taulanomdos\" style=\"text-align: center;\"><strong>Contra reembolso<\/strong><\/td>\n<\/tr>\n<tr>\n<td class=\"taulanomun\"><\/td>\n<td class=\"taulanomun\">Enviament missatger<\/td>\n<td class=\"taulanomdos\" style=\"text-align: center;\"><strong>Portes debidos<\/strong><\/td>\n<td class=\"taulanomdos\" style=\"text-align: center;\"><strong>Portes debidos<\/strong><\/td>\n<\/tr>\n<\/tbody>\n<\/table>\n\t\t\t\t\t\t\t\t<\/div>\n\t\t\t\t<\/div>\n\t\t\t\t\t<\/div>\n\t\t<\/div>\n\t\t\t\t\t<\/div>\n\t\t<\/section>\n\t\t\t\t<\/div>\n\t\t","protected":false},"excerpt":{"rendered":"<p>Foto Enric Bruguera Biblioteca La Fundaci\u00f3 Josep Pla tiene a disposici\u00f3n de lectores y estudiosos la biblioteca que el mismo escritor don\u00f3 en el a\u00f1o 1973. Tambi\u00e9n dispone de un fondo bibliogr\u00e1fico especializado en Josep Pla, que se va actualizando. Nuestro cat\u00e1logo se encuentra alojado en la p\u00e1gina web de la Biblioteca de la UdG. [&hellip;]<\/p>\n","protected":false},"author":3,"featured_media":0,"parent":0,"menu_order":0,"comment_status":"closed","ping_status":"closed","template":"","meta":{"inline_featured_image":false,"site-sidebar-layout":"default","site-content-layout":"default","ast-site-content-layout":"default","site-content-style":"default","site-sidebar-style":"default","ast-global-header-display":"","ast-banner-title-visibility":"","ast-main-header-display":"disabled","ast-hfb-above-header-display":"","ast-hfb-below-header-display":"","ast-hfb-mobile-header-display":"","site-post-title":"disabled","ast-breadcrumbs-content":"","ast-featured-img":"disabled","footer-sml-layout":"","theme-transparent-header-meta":"default","adv-header-id-meta":"","stick-header-meta":"","header-above-stick-meta":"","header-main-stick-meta":"","header-below-stick-meta":"","astra-migrate-meta-layouts":"default","ast-page-background-enabled":"default","ast-page-background-meta":{"desktop":{"background-color":"var(--ast-global-color-4)","background-image":"","background-repeat":"repeat","background-position":"center center","background-size":"auto","background-attachment":"scroll","background-type":"","background-media":"","overlay-type":"","overlay-color":"","overlay-opacity":"","overlay-gradient":""},"tablet":{"background-color":"","background-image":"","background-repeat":"repeat","background-position":"center center","background-size":"auto","background-attachment":"scroll","background-type":"","background-media":"","overlay-type":"","overlay-color":"","overlay-opacity":"","overlay-gradient":""},"mobile":{"background-color":"","background-image":"","background-repeat":"repeat","background-position":"center center","background-size":"auto","background-attachment":"scroll","background-type":"","background-media":"","overlay-type":"","overlay-color":"","overlay-opacity":"","overlay-gradient":""}},"ast-content-background-meta":{"desktop":{"background-color":"var(--ast-global-color-5)","background-image":"","background-repeat":"repeat","background-position":"center center","background-size":"auto","background-attachment":"scroll","background-type":"","background-media":"","overlay-type":"","overlay-color":"","overlay-opacity":"","overlay-gradient":""},"tablet":{"background-color":"var(--ast-global-color-5)","background-image":"","background-repeat":"repeat","background-position":"center center","background-size":"auto","background-attachment":"scroll","background-type":"","background-media":"","overlay-type":"","overlay-color":"","overlay-opacity":"","overlay-gradient":""},"mobile":{"background-color":"var(--ast-global-color-5)","background-image":"","background-repeat":"repeat","background-position":"center center","background-size":"auto","background-attachment":"scroll","background-type":"","background-media":"","overlay-type":"","overlay-color":"","overlay-opacity":"","overlay-gradient":""}},"footnotes":""},"class_list":["post-19033","page","type-page","status-publish","hentry"],"yoast_head":"<!-- This site is optimized with the Yoast SEO plugin v26.1.1 - https:\/\/yoast.com\/wordpress\/plugins\/seo\/ -->\n<title>Biblioteca - Fundaci\u00f3 Josep Pla<\/title>\n<meta name=\"robots\" content=\"index, follow, max-snippet:-1, max-image-preview:large, max-video-preview:-1\" \/>\n<link rel=\"canonical\" href=\"https:\/\/fundaciojoseppla.cat\/es\/biblioteca\/\" \/>\n<meta property=\"og:locale\" content=\"es_ES\" \/>\n<meta property=\"og:type\" content=\"article\" \/>\n<meta property=\"og:title\" content=\"Biblioteca - Fundaci\u00f3 Josep Pla\" \/>\n<meta property=\"og:description\" content=\"Foto Enric Bruguera Biblioteca La Fundaci\u00f3 Josep Pla tiene a disposici\u00f3n de lectores y estudiosos la biblioteca que el mismo escritor don\u00f3 en el a\u00f1o 1973. Tambi\u00e9n dispone de un fondo bibliogr\u00e1fico especializado en Josep Pla, que se va actualizando. Nuestro cat\u00e1logo se encuentra alojado en la p\u00e1gina web de la Biblioteca de la UdG. [&hellip;]\" \/>\n<meta property=\"og:url\" content=\"https:\/\/fundaciojoseppla.cat\/es\/biblioteca\/\" \/>\n<meta property=\"og:site_name\" content=\"Fundaci\u00f3 Josep Pla\" \/>\n<meta property=\"article:publisher\" content=\"https:\/\/www.facebook.com\/FJosepPla\/\" \/>\n<meta property=\"article:modified_time\" content=\"2022-11-21T09:48:00+00:00\" \/>\n<meta property=\"og:image\" content=\"https:\/\/fundaciojoseppla.cat\/wp-content\/uploads\/2018\/08\/biblioteca-fundacio-josep-pla-714x1024.jpg\" \/>\n<meta name=\"twitter:card\" content=\"summary_large_image\" \/>\n<meta name=\"twitter:site\" content=\"@FJosepPla\" \/>\n<meta name=\"twitter:label1\" content=\"Tiempo de lectura\" \/>\n\t<meta name=\"twitter:data1\" content=\"2 minutos\" \/>\n<script type=\"application\/ld+json\" class=\"yoast-schema-graph\">{\"@context\":\"https:\/\/schema.org\",\"@graph\":[{\"@type\":\"WebPage\",\"@id\":\"https:\/\/fundaciojoseppla.cat\/es\/biblioteca\/\",\"url\":\"https:\/\/fundaciojoseppla.cat\/es\/biblioteca\/\",\"name\":\"Biblioteca - Fundaci\u00f3 Josep Pla\",\"isPartOf\":{\"@id\":\"https:\/\/fundaciojoseppla.cat\/#website\"},\"primaryImageOfPage\":{\"@id\":\"https:\/\/fundaciojoseppla.cat\/es\/biblioteca\/#primaryimage\"},\"image\":{\"@id\":\"https:\/\/fundaciojoseppla.cat\/es\/biblioteca\/#primaryimage\"},\"thumbnailUrl\":\"https:\/\/fundaciojoseppla.cat\/wp-content\/uploads\/2018\/08\/biblioteca-fundacio-josep-pla-714x1024.jpg\",\"datePublished\":\"2019-03-05T12:30:53+00:00\",\"dateModified\":\"2022-11-21T09:48:00+00:00\",\"breadcrumb\":{\"@id\":\"https:\/\/fundaciojoseppla.cat\/es\/biblioteca\/#breadcrumb\"},\"inLanguage\":\"es\",\"potentialAction\":[{\"@type\":\"ReadAction\",\"target\":[\"https:\/\/fundaciojoseppla.cat\/es\/biblioteca\/\"]}]},{\"@type\":\"ImageObject\",\"inLanguage\":\"es\",\"@id\":\"https:\/\/fundaciojoseppla.cat\/es\/biblioteca\/#primaryimage\",\"url\":\"https:\/\/fundaciojoseppla.cat\/wp-content\/uploads\/2018\/08\/biblioteca-fundacio-josep-pla-714x1024.jpg\",\"contentUrl\":\"https:\/\/fundaciojoseppla.cat\/wp-content\/uploads\/2018\/08\/biblioteca-fundacio-josep-pla-714x1024.jpg\"},{\"@type\":\"BreadcrumbList\",\"@id\":\"https:\/\/fundaciojoseppla.cat\/es\/biblioteca\/#breadcrumb\",\"itemListElement\":[{\"@type\":\"ListItem\",\"position\":1,\"name\":\"Inici\",\"item\":\"https:\/\/fundaciojoseppla.cat\/es\/\"},{\"@type\":\"ListItem\",\"position\":2,\"name\":\"Biblioteca\"}]},{\"@type\":\"WebSite\",\"@id\":\"https:\/\/fundaciojoseppla.cat\/#website\",\"url\":\"https:\/\/fundaciojoseppla.cat\/\",\"name\":\"Fundaci\u00f3 Josep Pla\",\"description\":\"Fundacio Josep Pla Palafrugell\",\"publisher\":{\"@id\":\"https:\/\/fundaciojoseppla.cat\/#organization\"},\"potentialAction\":[{\"@type\":\"SearchAction\",\"target\":{\"@type\":\"EntryPoint\",\"urlTemplate\":\"https:\/\/fundaciojoseppla.cat\/?s={search_term_string}\"},\"query-input\":{\"@type\":\"PropertyValueSpecification\",\"valueRequired\":true,\"valueName\":\"search_term_string\"}}],\"inLanguage\":\"es\"},{\"@type\":\"Organization\",\"@id\":\"https:\/\/fundaciojoseppla.cat\/#organization\",\"name\":\"Fundaci\u00f3 Josep Pla\",\"url\":\"https:\/\/fundaciojoseppla.cat\/\",\"logo\":{\"@type\":\"ImageObject\",\"inLanguage\":\"es\",\"@id\":\"https:\/\/fundaciojoseppla.cat\/#\/schema\/logo\/image\/\",\"url\":\"https:\/\/fundaciojoseppla.cat\/wp-content\/uploads\/2018\/05\/negre-transparent-de-logo-vecto-FJP.png\",\"contentUrl\":\"https:\/\/fundaciojoseppla.cat\/wp-content\/uploads\/2018\/05\/negre-transparent-de-logo-vecto-FJP.png\",\"width\":600,\"height\":233,\"caption\":\"Fundaci\u00f3 Josep Pla\"},\"image\":{\"@id\":\"https:\/\/fundaciojoseppla.cat\/#\/schema\/logo\/image\/\"},\"sameAs\":[\"https:\/\/www.facebook.com\/FJosepPla\/\",\"https:\/\/x.com\/FJosepPla\",\"http:\/\/pinterest.com\/fjoseppla\/\",\"https:\/\/www.youtube.com\/user\/FJosepPla\"]}]}<\/script>\n<!-- \/ Yoast SEO plugin. -->","yoast_head_json":{"title":"Biblioteca - Fundaci\u00f3 Josep Pla","robots":{"index":"index","follow":"follow","max-snippet":"max-snippet:-1","max-image-preview":"max-image-preview:large","max-video-preview":"max-video-preview:-1"},"canonical":"https:\/\/fundaciojoseppla.cat\/es\/biblioteca\/","og_locale":"es_ES","og_type":"article","og_title":"Biblioteca - Fundaci\u00f3 Josep Pla","og_description":"Foto Enric Bruguera Biblioteca La Fundaci\u00f3 Josep Pla tiene a disposici\u00f3n de lectores y estudiosos la biblioteca que el mismo escritor don\u00f3 en el a\u00f1o 1973. Tambi\u00e9n dispone de un fondo bibliogr\u00e1fico especializado en Josep Pla, que se va actualizando. Nuestro cat\u00e1logo se encuentra alojado en la p\u00e1gina web de la Biblioteca de la UdG. [&hellip;]","og_url":"https:\/\/fundaciojoseppla.cat\/es\/biblioteca\/","og_site_name":"Fundaci\u00f3 Josep Pla","article_publisher":"https:\/\/www.facebook.com\/FJosepPla\/","article_modified_time":"2022-11-21T09:48:00+00:00","og_image":[{"url":"https:\/\/fundaciojoseppla.cat\/wp-content\/uploads\/2018\/08\/biblioteca-fundacio-josep-pla-714x1024.jpg","type":"","width":"","height":""}],"twitter_card":"summary_large_image","twitter_site":"@FJosepPla","twitter_misc":{"Tiempo de lectura":"2 minutos"},"schema":{"@context":"https:\/\/schema.org","@graph":[{"@type":"WebPage","@id":"https:\/\/fundaciojoseppla.cat\/es\/biblioteca\/","url":"https:\/\/fundaciojoseppla.cat\/es\/biblioteca\/","name":"Biblioteca - Fundaci\u00f3 Josep Pla","isPartOf":{"@id":"https:\/\/fundaciojoseppla.cat\/#website"},"primaryImageOfPage":{"@id":"https:\/\/fundaciojoseppla.cat\/es\/biblioteca\/#primaryimage"},"image":{"@id":"https:\/\/fundaciojoseppla.cat\/es\/biblioteca\/#primaryimage"},"thumbnailUrl":"https:\/\/fundaciojoseppla.cat\/wp-content\/uploads\/2018\/08\/biblioteca-fundacio-josep-pla-714x1024.jpg","datePublished":"2019-03-05T12:30:53+00:00","dateModified":"2022-11-21T09:48:00+00:00","breadcrumb":{"@id":"https:\/\/fundaciojoseppla.cat\/es\/biblioteca\/#breadcrumb"},"inLanguage":"es","potentialAction":[{"@type":"ReadAction","target":["https:\/\/fundaciojoseppla.cat\/es\/biblioteca\/"]}]},{"@type":"ImageObject","inLanguage":"es","@id":"https:\/\/fundaciojoseppla.cat\/es\/biblioteca\/#primaryimage","url":"https:\/\/fundaciojoseppla.cat\/wp-content\/uploads\/2018\/08\/biblioteca-fundacio-josep-pla-714x1024.jpg","contentUrl":"https:\/\/fundaciojoseppla.cat\/wp-content\/uploads\/2018\/08\/biblioteca-fundacio-josep-pla-714x1024.jpg"},{"@type":"BreadcrumbList","@id":"https:\/\/fundaciojoseppla.cat\/es\/biblioteca\/#breadcrumb","itemListElement":[{"@type":"ListItem","position":1,"name":"Inici","item":"https:\/\/fundaciojoseppla.cat\/es\/"},{"@type":"ListItem","position":2,"name":"Biblioteca"}]},{"@type":"WebSite","@id":"https:\/\/fundaciojoseppla.cat\/#website","url":"https:\/\/fundaciojoseppla.cat\/","name":"Fundaci\u00f3 Josep Pla","description":"Fundacio Josep Pla Palafrugell","publisher":{"@id":"https:\/\/fundaciojoseppla.cat\/#organization"},"potentialAction":[{"@type":"SearchAction","target":{"@type":"EntryPoint","urlTemplate":"https:\/\/fundaciojoseppla.cat\/?s={search_term_string}"},"query-input":{"@type":"PropertyValueSpecification","valueRequired":true,"valueName":"search_term_string"}}],"inLanguage":"es"},{"@type":"Organization","@id":"https:\/\/fundaciojoseppla.cat\/#organization","name":"Fundaci\u00f3 Josep Pla","url":"https:\/\/fundaciojoseppla.cat\/","logo":{"@type":"ImageObject","inLanguage":"es","@id":"https:\/\/fundaciojoseppla.cat\/#\/schema\/logo\/image\/","url":"https:\/\/fundaciojoseppla.cat\/wp-content\/uploads\/2018\/05\/negre-transparent-de-logo-vecto-FJP.png","contentUrl":"https:\/\/fundaciojoseppla.cat\/wp-content\/uploads\/2018\/05\/negre-transparent-de-logo-vecto-FJP.png","width":600,"height":233,"caption":"Fundaci\u00f3 Josep Pla"},"image":{"@id":"https:\/\/fundaciojoseppla.cat\/#\/schema\/logo\/image\/"},"sameAs":["https:\/\/www.facebook.com\/FJosepPla\/","https:\/\/x.com\/FJosepPla","http:\/\/pinterest.com\/fjoseppla\/","https:\/\/www.youtube.com\/user\/FJosepPla"]}]}},"publishpress_future_action":{"enabled":false,"date":"2026-04-27 16:49:14","action":"change-status","newStatus":"draft","terms":[],"taxonomy":"translation_priority","extraData":[]},"publishpress_future_workflow_manual_trigger":{"enabledWorkflows":[]},"_links":{"self":[{"href":"https:\/\/fundaciojoseppla.cat\/es\/wp-json\/wp\/v2\/pages\/19033","targetHints":{"allow":["GET"]}}],"collection":[{"href":"https:\/\/fundaciojoseppla.cat\/es\/wp-json\/wp\/v2\/pages"}],"about":[{"href":"https:\/\/fundaciojoseppla.cat\/es\/wp-json\/wp\/v2\/types\/page"}],"author":[{"embeddable":true,"href":"https:\/\/fundaciojoseppla.cat\/es\/wp-json\/wp\/v2\/users\/3"}],"replies":[{"embeddable":true,"href":"https:\/\/fundaciojoseppla.cat\/es\/wp-json\/wp\/v2\/comments?post=19033"}],"version-history":[{"count":7,"href":"https:\/\/fundaciojoseppla.cat\/es\/wp-json\/wp\/v2\/pages\/19033\/revisions"}],"predecessor-version":[{"id":34311,"href":"https:\/\/fundaciojoseppla.cat\/es\/wp-json\/wp\/v2\/pages\/19033\/revisions\/34311"}],"wp:attachment":[{"href":"https:\/\/fundaciojoseppla.cat\/es\/wp-json\/wp\/v2\/media?parent=19033"}],"curies":[{"name":"wp","href":"https:\/\/api.w.org\/{rel}","templated":true}]}}