

{"id":5772,"date":"2018-02-08T19:18:16","date_gmt":"2018-02-08T18:18:16","guid":{"rendered":"https:\/\/fundaciojoseppla.cat\/ruta-josep-pla\/"},"modified":"2026-04-09T19:39:57","modified_gmt":"2026-04-09T17:39:57","slug":"ruta-josep-pla","status":"publish","type":"page","link":"https:\/\/fundaciojoseppla.cat\/es\/ruta-josep-pla\/","title":{"rendered":"Ruta Josep Pla"},"content":{"rendered":"\t\t<div data-elementor-type=\"wp-post\" data-elementor-id=\"5772\" class=\"elementor elementor-5772 elementor-876\" data-elementor-post-type=\"page\">\n\t\t\t\t\t\t<section class=\"elementor-section elementor-top-section elementor-element elementor-element-3fba2a18 elementor-section-boxed elementor-section-height-default elementor-section-height-default\" data-id=\"3fba2a18\" data-element_type=\"section\" data-settings=\"{&quot;background_background&quot;:&quot;classic&quot;}\">\n\t\t\t\t\t\t<div class=\"elementor-container elementor-column-gap-default\">\n\t\t\t\t\t<div class=\"elementor-column elementor-col-50 elementor-top-column elementor-element elementor-element-126502b3\" data-id=\"126502b3\" data-element_type=\"column\" data-settings=\"{&quot;background_background&quot;:&quot;classic&quot;}\">\n\t\t\t<div class=\"elementor-widget-wrap elementor-element-populated\">\n\t\t\t\t\t\t<div class=\"elementor-element elementor-element-6b42d5b elementor-widget elementor-widget-image\" data-id=\"6b42d5b\" data-element_type=\"widget\" data-widget_type=\"image.default\">\n\t\t\t\t<div class=\"elementor-widget-container\">\n\t\t\t\t\t\t\t\t\t\t\t\t\t\t\t<img decoding=\"async\" src=\"https:\/\/fundaciojoseppla.cat\/wp-content\/uploads\/2017\/12\/Ruta_Josep_Pla.jpg\" title=\"\" alt=\"\" loading=\"lazy\" \/>\t\t\t\t\t\t\t\t\t\t\t\t\t\t\t<\/div>\n\t\t\t\t<\/div>\n\t\t\t\t<div class=\"elementor-element elementor-element-4f0d471 elementor-widget elementor-widget-image\" data-id=\"4f0d471\" data-element_type=\"widget\" data-widget_type=\"image.default\">\n\t\t\t\t<div class=\"elementor-widget-container\">\n\t\t\t\t\t\t\t\t\t\t\t\t\t\t\t<img fetchpriority=\"high\" decoding=\"async\" width=\"686\" height=\"1024\" src=\"https:\/\/fundaciojoseppla.cat\/wp-content\/uploads\/2026\/03\/postal-ruta-josep-pla-686x1024.png\" class=\"attachment-large size-large wp-image-46418\" alt=\"Rajola de la Ruta Josep Pla amb un dibuix de Josep Martinell del territori litoral de Palafrugell: Sant Sebasti\u00e0 amb el Far, Llafranc i Calella.\" srcset=\"https:\/\/fundaciojoseppla.cat\/wp-content\/uploads\/2026\/03\/postal-ruta-josep-pla-686x1024.png 686w, https:\/\/fundaciojoseppla.cat\/wp-content\/uploads\/2026\/03\/postal-ruta-josep-pla-201x300.png 201w, https:\/\/fundaciojoseppla.cat\/wp-content\/uploads\/2026\/03\/postal-ruta-josep-pla.png 740w\" sizes=\"(max-width: 686px) 100vw, 686px\" \/>\t\t\t\t\t\t\t\t\t\t\t\t\t\t\t<\/div>\n\t\t\t\t<\/div>\n\t\t\t\t<div class=\"elementor-element elementor-element-4756d97 elementor-widget elementor-widget-text-editor\" data-id=\"4756d97\" data-element_type=\"widget\" data-widget_type=\"text-editor.default\">\n\t\t\t\t<div class=\"elementor-widget-container\">\n\t\t\t\t\t\t\t\t\t<p>Dibujo original Josep Martinell<\/p>\t\t\t\t\t\t\t\t<\/div>\n\t\t\t\t<\/div>\n\t\t\t\t\t<\/div>\n\t\t<\/div>\n\t\t\t\t<div class=\"elementor-column elementor-col-50 elementor-top-column elementor-element elementor-element-1875d59f\" data-id=\"1875d59f\" data-element_type=\"column\">\n\t\t\t<div class=\"elementor-widget-wrap elementor-element-populated\">\n\t\t\t\t\t\t<div class=\"elementor-element elementor-element-3d8f85d1 claredonlight elementor-widget elementor-widget-heading\" data-id=\"3d8f85d1\" data-element_type=\"widget\" data-widget_type=\"heading.default\">\n\t\t\t\t<div class=\"elementor-widget-container\">\n\t\t\t\t\t<h1 class=\"elementor-heading-title elementor-size-default\">Ruta Josep Pla<\/h1>\t\t\t\t<\/div>\n\t\t\t\t<\/div>\n\t\t\t\t<div class=\"elementor-element elementor-element-59c393e9 elementor-widget elementor-widget-text-editor\" data-id=\"59c393e9\" data-element_type=\"widget\" data-widget_type=\"text-editor.default\">\n\t\t\t\t<div class=\"elementor-widget-container\">\n\t\t\t\t\t\t\t\t\t<p>La <strong>Ruta Josep Pla<\/strong> es un itinerario tur\u00edstico y cultural dise\u00f1ado por la Fundaci\u00f3n Josep Pla para dar a conocer a los lectores, diversos lugares significativamente planianos de Palafrugell y su municipio. El recorrido pasa por el centro del pueblo: la casa natal \u2013en la calle Nou, sede de la Fundaci\u00f3\u2013, la casa donde vivi\u00f3 i la pla\u00e7a Nova \u2013centro neur\u00e1lgico, aun hoy, de la vida palafrugellense\u2013 y continua cerca del mar, por el paisaje que fascin\u00f3 por primera vez y para siempre al escritor: Tamariu, Sant Sebasti\u00e0, Llafranc, Calella\u2026 La ruta termina en el cementerio de Llofriu.<\/p><p>La Fundaci\u00f3 Josep Pla ofrece tambi\u00e9n diversas rutas literarias monogr\u00e1ficas que os descubrir\u00e1n con m\u00e1s intensidad la historia, la sociedad y el paisaje de los espacios escritos de nuestro municipio. Pedidnos el guiaje de estos nuevos itinerarios: la Ruta Josep Pla por Palafrugell, la Ruta Josep Pla por Calella, por Sant Sebasti\u00e0, Tamariu o Llofriu.<br \/><br \/>Y, si os apetece, dentro del programa Josep Pla, cocina y paisaje pod\u00e9is completar el paseo con una comida de cocina tradicional ampurdanesa de calidad.<\/p>\t\t\t\t\t\t\t\t<\/div>\n\t\t\t\t<\/div>\n\t\t\t\t<div class=\"elementor-element elementor-element-64f8866 elementor-widget elementor-widget-spacer\" data-id=\"64f8866\" data-element_type=\"widget\" data-widget_type=\"spacer.default\">\n\t\t\t\t<div class=\"elementor-widget-container\">\n\t\t\t\t\t\t\t<div class=\"elementor-spacer\">\n\t\t\t<div class=\"elementor-spacer-inner\"><\/div>\n\t\t<\/div>\n\t\t\t\t\t\t<\/div>\n\t\t\t\t<\/div>\n\t\t\t\t\t<\/div>\n\t\t<\/div>\n\t\t\t\t\t<\/div>\n\t\t<\/section>\n\t\t\t\t<section class=\"elementor-section elementor-top-section elementor-element elementor-element-709dbfd elementor-section-boxed elementor-section-height-default elementor-section-height-default\" data-id=\"709dbfd\" data-element_type=\"section\">\n\t\t\t\t\t\t<div class=\"elementor-container elementor-column-gap-wider\">\n\t\t\t\t\t<div class=\"elementor-column elementor-col-50 elementor-top-column elementor-element elementor-element-0843bbd\" data-id=\"0843bbd\" data-element_type=\"column\">\n\t\t\t<div class=\"elementor-widget-wrap elementor-element-populated\">\n\t\t\t\t\t\t<div class=\"elementor-element elementor-element-73c425cc claredonregular elementor-widget elementor-widget-heading\" data-id=\"73c425cc\" data-element_type=\"widget\" data-widget_type=\"heading.default\">\n\t\t\t\t<div class=\"elementor-widget-container\">\n\t\t\t\t\t<p class=\"elementor-heading-title elementor-size-default\">Itinerario<\/p>\t\t\t\t<\/div>\n\t\t\t\t<\/div>\n\t\t\t\t<div class=\"elementor-element elementor-element-fa1b5e8 elementor-widget elementor-widget-text-editor\" data-id=\"fa1b5e8\" data-element_type=\"widget\" data-widget_type=\"text-editor.default\">\n\t\t\t\t<div class=\"elementor-widget-container\">\n\t\t\t\t\t\t\t\t\t<ul class=\"linksverds\"><li>0. El nostre clima<\/li><li><a href=\"http:\/\/www.mapaliterari.cat\/ca\/espai\/palafrugell-carrer-nou-49\/josep-pla\" target=\"blank\">1. Palafrugell, carrer Nou, 49<\/a><\/li><li><a href=\"http:\/\/www.mapaliterari.cat\/ca\/espai\/palafrugell-placa-nova\/josep-pla\" target=\"blank\">2. Palafrugell, carrer Torres i Jonama, 56<\/a><\/li><li><a href=\"http:\/\/www.mapaliterari.cat\/ca\/espai\/palafrugell-carrer-torres-i-jonama-56\/josep-pla\" target=\"blank\">3. Palafrugell, Pla\u00e7a Nova<\/a><\/li><li><a href=\"http:\/\/www.mapaliterari.cat\/ca\/espai\/tamariu\/josep-pla\" target=\"blank\">4. Tamariu<\/a><\/li><li><a href=\"http:\/\/www.mapaliterari.cat\/ca\/espai\/sant-sebastia\/josep-pla\" target=\"blank\">5. Sant Sebasti\u00e0<\/a><\/li><li><a href=\"http:\/\/www.mapaliterari.cat\/ca\/espai\/llafranc\/josep-pla\" target=\"blank\">6. Llafranc<\/a><\/li><li><a href=\"http:\/\/www.mapaliterari.cat\/ca\/espai\/4-el-canadell\/josep-pla\" target=\"blank\">7. Calella, El Canadell<\/a><\/li><li><a href=\"http:\/\/www.mapaliterari.cat\/ca\/espai\/2-el-port-bo\/josep-pla\" target=\"blank\">8. Calella, El Port Bo<\/a><\/li><li><a href=\"http:\/\/www.mapaliterari.cat\/ca\/espai\/llofriu-el-mas-pla\/josep-pla\" target=\"blank\">9. Llofriu, el mas Pla<\/a><\/li><li><a href=\"http:\/\/www.mapaliterari.cat\/ca\/espai\/llofriu-el-cementerio\/josep-pla\" target=\"blank\">10. Llofriu, el cementiri<\/a><\/li><\/ul>\t\t\t\t\t\t\t\t<\/div>\n\t\t\t\t<\/div>\n\t\t\t\t\t<\/div>\n\t\t<\/div>\n\t\t\t\t<div class=\"elementor-column elementor-col-50 elementor-top-column elementor-element elementor-element-85b6c53\" data-id=\"85b6c53\" data-element_type=\"column\">\n\t\t\t<div class=\"elementor-widget-wrap elementor-element-populated\">\n\t\t\t\t\t\t<div class=\"elementor-element elementor-element-e5d950a claredonbold elementor-widget elementor-widget-text-editor\" data-id=\"e5d950a\" data-element_type=\"widget\" data-widget_type=\"text-editor.default\">\n\t\t\t\t<div class=\"elementor-widget-container\">\n\t\t\t\t\t\t\t\t\t<p>&#8220;El meu poble \u00e9s un poble com tants n\u2019hi ha, t\u00e9 les qualitats i els defectes que hom li vulgui concedir. Ara, el genius loci \u00e9s un fet real i concret, que actua sobre el nostre escrit. Aix\u00ed, si no s\u00f3c un esperit de campanar, tampoc no es pot dir que sigui un desarrelat i un vagabund de la geografia. Precisament perqu\u00e8 s\u00f3c un home d\u2019un determinat rodal i en tinc plena consci\u00e8ncia, em trobo potser en condicions de comprendre els rodals adjacents i d\u2019eixamplar aquest horitz\u00f3 ad libitum.&#8221;<\/p>\n\t\t\t\t\t\t\t\t<\/div>\n\t\t\t\t<\/div>\n\t\t\t\t<div class=\"elementor-element elementor-element-9b688b1 pitchlight elementor-widget elementor-widget-heading\" data-id=\"9b688b1\" data-element_type=\"widget\" data-widget_type=\"heading.default\">\n\t\t\t\t<div class=\"elementor-widget-container\">\n\t\t\t\t\t<h2 class=\"elementor-heading-title elementor-size-default\"><p class=\"fancy\"><span style=\"font-size: 15px;font-style: normal;font-weight: 600;white-space: normal\">Josep Pla.&nbsp;<span style=\"font-size: 15px;font-style: italic;font-weight: 600;white-space: normal\">El meu pa\u00eds.<\/span> OC VII, 679.<\/span><span style=\"font-family: Roboto, sans-serif;font-size: 14px;font-style: italic;font-weight: 600\"><\/span><\/p><\/h2>\t\t\t\t<\/div>\n\t\t\t\t<\/div>\n\t\t\t\t\t<\/div>\n\t\t<\/div>\n\t\t\t\t\t<\/div>\n\t\t<\/section>\n\t\t\t\t<\/div>\n\t\t","protected":false},"excerpt":{"rendered":"<p>Dibujo original Josep Martinell Ruta Josep Pla La Ruta Josep Pla es un itinerario tur\u00edstico y cultural dise\u00f1ado por la Fundaci\u00f3n Josep Pla para dar a conocer a los lectores, diversos lugares significativamente planianos de Palafrugell y su municipio. El recorrido pasa por el centro del pueblo: la casa natal \u2013en la calle Nou, sede [&hellip;]<\/p>\n","protected":false},"author":3,"featured_media":0,"parent":0,"menu_order":0,"comment_status":"closed","ping_status":"closed","template":"","meta":{"inline_featured_image":false,"site-sidebar-layout":"default","site-content-layout":"default","ast-site-content-layout":"default","site-content-style":"default","site-sidebar-style":"default","ast-global-header-display":"","ast-banner-title-visibility":"","ast-main-header-display":"disabled","ast-hfb-above-header-display":"","ast-hfb-below-header-display":"","ast-hfb-mobile-header-display":"","site-post-title":"disabled","ast-breadcrumbs-content":"","ast-featured-img":"disabled","footer-sml-layout":"","theme-transparent-header-meta":"default","adv-header-id-meta":"","stick-header-meta":"","header-above-stick-meta":"","header-main-stick-meta":"","header-below-stick-meta":"","astra-migrate-meta-layouts":"default","ast-page-background-enabled":"default","ast-page-background-meta":{"desktop":{"background-color":"var(--ast-global-color-4)","background-image":"","background-repeat":"repeat","background-position":"center center","background-size":"auto","background-attachment":"scroll","background-type":"","background-media":"","overlay-type":"","overlay-color":"","overlay-opacity":"","overlay-gradient":""},"tablet":{"background-color":"","background-image":"","background-repeat":"repeat","background-position":"center center","background-size":"auto","background-attachment":"scroll","background-type":"","background-media":"","overlay-type":"","overlay-color":"","overlay-opacity":"","overlay-gradient":""},"mobile":{"background-color":"","background-image":"","background-repeat":"repeat","background-position":"center center","background-size":"auto","background-attachment":"scroll","background-type":"","background-media":"","overlay-type":"","overlay-color":"","overlay-opacity":"","overlay-gradient":""}},"ast-content-background-meta":{"desktop":{"background-color":"var(--ast-global-color-5)","background-image":"","background-repeat":"repeat","background-position":"center center","background-size":"auto","background-attachment":"scroll","background-type":"","background-media":"","overlay-type":"","overlay-color":"","overlay-opacity":"","overlay-gradient":""},"tablet":{"background-color":"var(--ast-global-color-5)","background-image":"","background-repeat":"repeat","background-position":"center center","background-size":"auto","background-attachment":"scroll","background-type":"","background-media":"","overlay-type":"","overlay-color":"","overlay-opacity":"","overlay-gradient":""},"mobile":{"background-color":"var(--ast-global-color-5)","background-image":"","background-repeat":"repeat","background-position":"center center","background-size":"auto","background-attachment":"scroll","background-type":"","background-media":"","overlay-type":"","overlay-color":"","overlay-opacity":"","overlay-gradient":""}},"footnotes":""},"class_list":["post-5772","page","type-page","status-publish","hentry"],"yoast_head":"<!-- This site is optimized with the Yoast SEO plugin v26.1.1 - https:\/\/yoast.com\/wordpress\/plugins\/seo\/ -->\n<title>Ruta Josep Pla - Fundaci\u00f3 Josep Pla<\/title>\n<meta name=\"robots\" content=\"index, follow, max-snippet:-1, max-image-preview:large, max-video-preview:-1\" \/>\n<link rel=\"canonical\" href=\"https:\/\/fundaciojoseppla.cat\/ruta-josep-pla\/\" \/>\n<meta property=\"og:locale\" content=\"es_ES\" \/>\n<meta property=\"og:type\" content=\"article\" \/>\n<meta property=\"og:title\" content=\"Ruta Josep Pla - Fundaci\u00f3 Josep Pla\" \/>\n<meta property=\"og:description\" content=\"Dibujo original Josep Martinell Ruta Josep Pla La Ruta Josep Pla es un itinerario tur\u00edstico y cultural dise\u00f1ado por la Fundaci\u00f3n Josep Pla para dar a conocer a los lectores, diversos lugares significativamente planianos de Palafrugell y su municipio. El recorrido pasa por el centro del pueblo: la casa natal \u2013en la calle Nou, sede [&hellip;]\" \/>\n<meta property=\"og:url\" content=\"https:\/\/fundaciojoseppla.cat\/ruta-josep-pla\/\" \/>\n<meta property=\"og:site_name\" content=\"Fundaci\u00f3 Josep Pla\" \/>\n<meta property=\"article:publisher\" content=\"https:\/\/www.facebook.com\/FJosepPla\/\" \/>\n<meta property=\"article:modified_time\" content=\"2026-04-09T17:39:57+00:00\" \/>\n<meta property=\"og:image\" content=\"https:\/\/fundaciojoseppla.cat\/wp-content\/uploads\/2017\/12\/Ruta_Josep_Pla.jpg\" \/>\n<meta name=\"twitter:card\" content=\"summary_large_image\" \/>\n<meta name=\"twitter:site\" content=\"@FJosepPla\" \/>\n<meta name=\"twitter:label1\" content=\"Tiempo de lectura\" \/>\n\t<meta name=\"twitter:data1\" content=\"2 minutos\" \/>\n<script type=\"application\/ld+json\" class=\"yoast-schema-graph\">{\"@context\":\"https:\/\/schema.org\",\"@graph\":[{\"@type\":\"WebPage\",\"@id\":\"https:\/\/fundaciojoseppla.cat\/ruta-josep-pla\/\",\"url\":\"https:\/\/fundaciojoseppla.cat\/ruta-josep-pla\/\",\"name\":\"Ruta Josep Pla - Fundaci\u00f3 Josep Pla\",\"isPartOf\":{\"@id\":\"https:\/\/fundaciojoseppla.cat\/#website\"},\"primaryImageOfPage\":{\"@id\":\"https:\/\/fundaciojoseppla.cat\/ruta-josep-pla\/#primaryimage\"},\"image\":{\"@id\":\"https:\/\/fundaciojoseppla.cat\/ruta-josep-pla\/#primaryimage\"},\"thumbnailUrl\":\"https:\/\/fundaciojoseppla.cat\/wp-content\/uploads\/2017\/12\/Ruta_Josep_Pla.jpg\",\"datePublished\":\"2018-02-08T18:18:16+00:00\",\"dateModified\":\"2026-04-09T17:39:57+00:00\",\"breadcrumb\":{\"@id\":\"https:\/\/fundaciojoseppla.cat\/ruta-josep-pla\/#breadcrumb\"},\"inLanguage\":\"es\",\"potentialAction\":[{\"@type\":\"ReadAction\",\"target\":[\"https:\/\/fundaciojoseppla.cat\/ruta-josep-pla\/\"]}]},{\"@type\":\"ImageObject\",\"inLanguage\":\"es\",\"@id\":\"https:\/\/fundaciojoseppla.cat\/ruta-josep-pla\/#primaryimage\",\"url\":\"https:\/\/fundaciojoseppla.cat\/wp-content\/uploads\/2017\/12\/Ruta_Josep_Pla.jpg\",\"contentUrl\":\"https:\/\/fundaciojoseppla.cat\/wp-content\/uploads\/2017\/12\/Ruta_Josep_Pla.jpg\"},{\"@type\":\"BreadcrumbList\",\"@id\":\"https:\/\/fundaciojoseppla.cat\/ruta-josep-pla\/#breadcrumb\",\"itemListElement\":[{\"@type\":\"ListItem\",\"position\":1,\"name\":\"Inici\",\"item\":\"https:\/\/fundaciojoseppla.cat\/es\/\"},{\"@type\":\"ListItem\",\"position\":2,\"name\":\"Ruta Josep Pla\"}]},{\"@type\":\"WebSite\",\"@id\":\"https:\/\/fundaciojoseppla.cat\/#website\",\"url\":\"https:\/\/fundaciojoseppla.cat\/\",\"name\":\"Fundaci\u00f3 Josep Pla\",\"description\":\"Fundacio Josep Pla Palafrugell\",\"publisher\":{\"@id\":\"https:\/\/fundaciojoseppla.cat\/#organization\"},\"potentialAction\":[{\"@type\":\"SearchAction\",\"target\":{\"@type\":\"EntryPoint\",\"urlTemplate\":\"https:\/\/fundaciojoseppla.cat\/?s={search_term_string}\"},\"query-input\":{\"@type\":\"PropertyValueSpecification\",\"valueRequired\":true,\"valueName\":\"search_term_string\"}}],\"inLanguage\":\"es\"},{\"@type\":\"Organization\",\"@id\":\"https:\/\/fundaciojoseppla.cat\/#organization\",\"name\":\"Fundaci\u00f3 Josep Pla\",\"url\":\"https:\/\/fundaciojoseppla.cat\/\",\"logo\":{\"@type\":\"ImageObject\",\"inLanguage\":\"es\",\"@id\":\"https:\/\/fundaciojoseppla.cat\/#\/schema\/logo\/image\/\",\"url\":\"https:\/\/fundaciojoseppla.cat\/wp-content\/uploads\/2018\/05\/negre-transparent-de-logo-vecto-FJP.png\",\"contentUrl\":\"https:\/\/fundaciojoseppla.cat\/wp-content\/uploads\/2018\/05\/negre-transparent-de-logo-vecto-FJP.png\",\"width\":600,\"height\":233,\"caption\":\"Fundaci\u00f3 Josep Pla\"},\"image\":{\"@id\":\"https:\/\/fundaciojoseppla.cat\/#\/schema\/logo\/image\/\"},\"sameAs\":[\"https:\/\/www.facebook.com\/FJosepPla\/\",\"https:\/\/x.com\/FJosepPla\",\"http:\/\/pinterest.com\/fjoseppla\/\",\"https:\/\/www.youtube.com\/user\/FJosepPla\"]}]}<\/script>\n<!-- \/ Yoast SEO plugin. -->","yoast_head_json":{"title":"Ruta Josep Pla - Fundaci\u00f3 Josep Pla","robots":{"index":"index","follow":"follow","max-snippet":"max-snippet:-1","max-image-preview":"max-image-preview:large","max-video-preview":"max-video-preview:-1"},"canonical":"https:\/\/fundaciojoseppla.cat\/ruta-josep-pla\/","og_locale":"es_ES","og_type":"article","og_title":"Ruta Josep Pla - Fundaci\u00f3 Josep Pla","og_description":"Dibujo original Josep Martinell Ruta Josep Pla La Ruta Josep Pla es un itinerario tur\u00edstico y cultural dise\u00f1ado por la Fundaci\u00f3n Josep Pla para dar a conocer a los lectores, diversos lugares significativamente planianos de Palafrugell y su municipio. El recorrido pasa por el centro del pueblo: la casa natal \u2013en la calle Nou, sede [&hellip;]","og_url":"https:\/\/fundaciojoseppla.cat\/ruta-josep-pla\/","og_site_name":"Fundaci\u00f3 Josep Pla","article_publisher":"https:\/\/www.facebook.com\/FJosepPla\/","article_modified_time":"2026-04-09T17:39:57+00:00","og_image":[{"url":"https:\/\/fundaciojoseppla.cat\/wp-content\/uploads\/2017\/12\/Ruta_Josep_Pla.jpg","type":"","width":"","height":""}],"twitter_card":"summary_large_image","twitter_site":"@FJosepPla","twitter_misc":{"Tiempo de lectura":"2 minutos"},"schema":{"@context":"https:\/\/schema.org","@graph":[{"@type":"WebPage","@id":"https:\/\/fundaciojoseppla.cat\/ruta-josep-pla\/","url":"https:\/\/fundaciojoseppla.cat\/ruta-josep-pla\/","name":"Ruta Josep Pla - Fundaci\u00f3 Josep Pla","isPartOf":{"@id":"https:\/\/fundaciojoseppla.cat\/#website"},"primaryImageOfPage":{"@id":"https:\/\/fundaciojoseppla.cat\/ruta-josep-pla\/#primaryimage"},"image":{"@id":"https:\/\/fundaciojoseppla.cat\/ruta-josep-pla\/#primaryimage"},"thumbnailUrl":"https:\/\/fundaciojoseppla.cat\/wp-content\/uploads\/2017\/12\/Ruta_Josep_Pla.jpg","datePublished":"2018-02-08T18:18:16+00:00","dateModified":"2026-04-09T17:39:57+00:00","breadcrumb":{"@id":"https:\/\/fundaciojoseppla.cat\/ruta-josep-pla\/#breadcrumb"},"inLanguage":"es","potentialAction":[{"@type":"ReadAction","target":["https:\/\/fundaciojoseppla.cat\/ruta-josep-pla\/"]}]},{"@type":"ImageObject","inLanguage":"es","@id":"https:\/\/fundaciojoseppla.cat\/ruta-josep-pla\/#primaryimage","url":"https:\/\/fundaciojoseppla.cat\/wp-content\/uploads\/2017\/12\/Ruta_Josep_Pla.jpg","contentUrl":"https:\/\/fundaciojoseppla.cat\/wp-content\/uploads\/2017\/12\/Ruta_Josep_Pla.jpg"},{"@type":"BreadcrumbList","@id":"https:\/\/fundaciojoseppla.cat\/ruta-josep-pla\/#breadcrumb","itemListElement":[{"@type":"ListItem","position":1,"name":"Inici","item":"https:\/\/fundaciojoseppla.cat\/es\/"},{"@type":"ListItem","position":2,"name":"Ruta Josep Pla"}]},{"@type":"WebSite","@id":"https:\/\/fundaciojoseppla.cat\/#website","url":"https:\/\/fundaciojoseppla.cat\/","name":"Fundaci\u00f3 Josep Pla","description":"Fundacio Josep Pla Palafrugell","publisher":{"@id":"https:\/\/fundaciojoseppla.cat\/#organization"},"potentialAction":[{"@type":"SearchAction","target":{"@type":"EntryPoint","urlTemplate":"https:\/\/fundaciojoseppla.cat\/?s={search_term_string}"},"query-input":{"@type":"PropertyValueSpecification","valueRequired":true,"valueName":"search_term_string"}}],"inLanguage":"es"},{"@type":"Organization","@id":"https:\/\/fundaciojoseppla.cat\/#organization","name":"Fundaci\u00f3 Josep Pla","url":"https:\/\/fundaciojoseppla.cat\/","logo":{"@type":"ImageObject","inLanguage":"es","@id":"https:\/\/fundaciojoseppla.cat\/#\/schema\/logo\/image\/","url":"https:\/\/fundaciojoseppla.cat\/wp-content\/uploads\/2018\/05\/negre-transparent-de-logo-vecto-FJP.png","contentUrl":"https:\/\/fundaciojoseppla.cat\/wp-content\/uploads\/2018\/05\/negre-transparent-de-logo-vecto-FJP.png","width":600,"height":233,"caption":"Fundaci\u00f3 Josep Pla"},"image":{"@id":"https:\/\/fundaciojoseppla.cat\/#\/schema\/logo\/image\/"},"sameAs":["https:\/\/www.facebook.com\/FJosepPla\/","https:\/\/x.com\/FJosepPla","http:\/\/pinterest.com\/fjoseppla\/","https:\/\/www.youtube.com\/user\/FJosepPla"]}]}},"publishpress_future_action":{"enabled":false,"date":"2026-04-23 21:39:11","action":"change-status","newStatus":"draft","terms":[],"taxonomy":"translation_priority","extraData":[]},"publishpress_future_workflow_manual_trigger":{"enabledWorkflows":[]},"_links":{"self":[{"href":"https:\/\/fundaciojoseppla.cat\/es\/wp-json\/wp\/v2\/pages\/5772","targetHints":{"allow":["GET"]}}],"collection":[{"href":"https:\/\/fundaciojoseppla.cat\/es\/wp-json\/wp\/v2\/pages"}],"about":[{"href":"https:\/\/fundaciojoseppla.cat\/es\/wp-json\/wp\/v2\/types\/page"}],"author":[{"embeddable":true,"href":"https:\/\/fundaciojoseppla.cat\/es\/wp-json\/wp\/v2\/users\/3"}],"replies":[{"embeddable":true,"href":"https:\/\/fundaciojoseppla.cat\/es\/wp-json\/wp\/v2\/comments?post=5772"}],"version-history":[{"count":49,"href":"https:\/\/fundaciojoseppla.cat\/es\/wp-json\/wp\/v2\/pages\/5772\/revisions"}],"predecessor-version":[{"id":47742,"href":"https:\/\/fundaciojoseppla.cat\/es\/wp-json\/wp\/v2\/pages\/5772\/revisions\/47742"}],"wp:attachment":[{"href":"https:\/\/fundaciojoseppla.cat\/es\/wp-json\/wp\/v2\/media?parent=5772"}],"curies":[{"name":"wp","href":"https:\/\/api.w.org\/{rel}","templated":true}]}}