

{"id":21253,"date":"2020-05-22T13:35:14","date_gmt":"2020-05-22T11:35:14","guid":{"rendered":"https:\/\/fundaciojoseppla.cat\/exposition-permanente\/homenots-el-meu-pais\/"},"modified":"2020-05-26T15:43:07","modified_gmt":"2020-05-26T13:43:07","slug":"homenots-el-meu-pais","status":"publish","type":"page","link":"https:\/\/fundaciojoseppla.cat\/fr\/exposition-permanente\/homenots-el-meu-pais\/","title":{"rendered":"Homenots &#8211; El meu pa\u00eds"},"content":{"rendered":"\t\t<div data-elementor-type=\"wp-page\" data-elementor-id=\"21253\" class=\"elementor elementor-21253 elementor-21233\" data-elementor-post-type=\"page\">\n\t\t\t\t\t\t<section class=\"elementor-section elementor-top-section elementor-element elementor-element-eeb8cf4 elementor-section-boxed elementor-section-height-default elementor-section-height-default\" data-id=\"eeb8cf4\" data-element_type=\"section\">\n\t\t\t\t\t\t<div class=\"elementor-container elementor-column-gap-default\">\n\t\t\t\t\t<div class=\"elementor-column elementor-col-100 elementor-top-column elementor-element elementor-element-1c9b495\" data-id=\"1c9b495\" data-element_type=\"column\">\n\t\t\t<div class=\"elementor-widget-wrap elementor-element-populated\">\n\t\t\t\t\t\t<div class=\"elementor-element elementor-element-d683cc4 claredonlight elementor-widget elementor-widget-heading\" data-id=\"d683cc4\" data-element_type=\"widget\" data-widget_type=\"heading.default\">\n\t\t\t\t<div class=\"elementor-widget-container\">\n\t\t\t\t\t<h1 class=\"elementor-heading-title elementor-size-default\">El meu pa\u00eds \u2013 Mon pays<\/h1>\t\t\t\t<\/div>\n\t\t\t\t<\/div>\n\t\t\t\t\t<\/div>\n\t\t<\/div>\n\t\t\t\t\t<\/div>\n\t\t<\/section>\n\t\t\t\t<section class=\"elementor-section elementor-top-section elementor-element elementor-element-4d1de69 elementor-section-boxed elementor-section-height-default elementor-section-height-default\" data-id=\"4d1de69\" data-element_type=\"section\">\n\t\t\t\t\t\t<div class=\"elementor-container elementor-column-gap-default\">\n\t\t\t\t\t<div class=\"elementor-column elementor-col-100 elementor-top-column elementor-element elementor-element-52a4f79\" data-id=\"52a4f79\" data-element_type=\"column\">\n\t\t\t<div class=\"elementor-widget-wrap elementor-element-populated\">\n\t\t\t\t\t\t<div class=\"elementor-element elementor-element-f17cc1d elementor-widget elementor-widget-text-editor\" data-id=\"f17cc1d\" data-element_type=\"widget\" data-widget_type=\"text-editor.default\">\n\t\t\t\t<div class=\"elementor-widget-container\">\n\t\t\t\t\t\t\t\t\t<p>L\u2019\u00e9criture de Josep Pla est avant tout le r\u00e9sultat du regard d\u00b4un homme qui, par le lien fusionnel qui l&#8217;unit \u00e0 la langue et au paysage, se sent capable d\u2019interpr\u00e9ter le monde et de le r\u00e9organiser \u00e0 partir de son \u00e9criture en cr\u00e9ant des formes d\u2019identit\u00e9. Les \u00eatres et le paysage se fondent pour former un tout, dans une sorte de g\u00e9ographie humaine o\u00f9 le regard local, plus qu\u2019une fa\u00e7on de regarder, de voir et de penser le monde, se transforme en une exigence litt\u00e9raire, un exercice de style, \u201cune m\u00e9thode de travail\u201d. Il s\u2019agit d\u2019une vision du monde volontairement limit\u00e9e \u00e0 l\u2019\u00e9chelle individuelle et locale parce que, en fait, c\u2019est la seule qui soit compr\u00e9hensible et assimilable par l\u00b4homme. C\u2019est une vision du monde qui impose l\u2019acceptation des choses les plus simples, les plus quotidiennes, les plus banales.<\/p>\n\t\t\t\t\t\t\t\t<\/div>\n\t\t\t\t<\/div>\n\t\t\t\t\t<\/div>\n\t\t<\/div>\n\t\t\t\t\t<\/div>\n\t\t<\/section>\n\t\t\t\t<section class=\"elementor-section elementor-top-section elementor-element elementor-element-8f1a293 elementor-reverse-mobile elementor-section-boxed elementor-section-height-default elementor-section-height-default\" data-id=\"8f1a293\" data-element_type=\"section\">\n\t\t\t\t\t\t<div class=\"elementor-container elementor-column-gap-default\">\n\t\t\t\t\t<div class=\"elementor-column elementor-col-100 elementor-top-column elementor-element elementor-element-34e54a3\" data-id=\"34e54a3\" data-element_type=\"column\">\n\t\t\t<div class=\"elementor-widget-wrap elementor-element-populated\">\n\t\t\t\t\t\t<div class=\"elementor-element elementor-element-6e555fa claredonbold elementor-widget elementor-widget-text-editor\" data-id=\"6e555fa\" data-element_type=\"widget\" data-widget_type=\"text-editor.default\">\n\t\t\t\t<div class=\"elementor-widget-container\">\n\t\t\t\t\t\t\t\t\t<p>\u201cJe fais partie d\u2019une certaine tribu. Cette tribu occupe une certaine zone g\u00e9ographique, a une mani\u00e8re absolument personnelle de voir le monde, parle une certaine langue, pauvre, peu travaill\u00e9e, mis\u00e9rable &#8211; elle constitue ce que l\u2019on commence \u00e0 appeler une zone linguistique.\u201d<\/p>\n\t\t\t\t\t\t\t\t<\/div>\n\t\t\t\t<\/div>\n\t\t\t\t<div class=\"elementor-element elementor-element-d799d51 pitchlight elementor-widget elementor-widget-heading\" data-id=\"d799d51\" data-element_type=\"widget\" data-widget_type=\"heading.default\">\n\t\t\t\t<div class=\"elementor-widget-container\">\n\t\t\t\t\t<h2 class=\"elementor-heading-title elementor-size-default\"><p class=\"fancy\"><span style=\"font-size: 15px;font-style: normal;font-weight: 600;white-space: normal\">Josep Pla.&nbsp;<span style=\"font-size: 15px;font-style: italic;font-weight: 600;white-space: normal\">Notes disperses.<\/span> OC XII, 575.<\/span><\/p><\/h2>\t\t\t\t<\/div>\n\t\t\t\t<\/div>\n\t\t\t\t\t<\/div>\n\t\t<\/div>\n\t\t\t\t\t<\/div>\n\t\t<\/section>\n\t\t\t\t<section class=\"elementor-section elementor-top-section elementor-element elementor-element-b9f20cc elementor-section-boxed elementor-section-height-default elementor-section-height-default\" data-id=\"b9f20cc\" data-element_type=\"section\">\n\t\t\t\t\t\t<div class=\"elementor-container elementor-column-gap-default\">\n\t\t\t\t\t<div class=\"elementor-column elementor-col-100 elementor-top-column elementor-element elementor-element-e8dda5a\" data-id=\"e8dda5a\" data-element_type=\"column\">\n\t\t\t<div class=\"elementor-widget-wrap elementor-element-populated\">\n\t\t\t\t\t\t<div class=\"elementor-element elementor-element-b130c0b elementor-widget elementor-widget-menu-anchor\" data-id=\"b130c0b\" data-element_type=\"widget\" data-widget_type=\"menu-anchor.default\">\n\t\t\t\t<div class=\"elementor-widget-container\">\n\t\t\t\t\t\t\t<div class=\"elementor-menu-anchor\" id=\"seccio205\"><\/div>\n\t\t\t\t\t\t<\/div>\n\t\t\t\t<\/div>\n\t\t\t\t<div class=\"elementor-element elementor-element-41bf922 claredonlight elementor-widget elementor-widget-heading\" data-id=\"41bf922\" data-element_type=\"widget\" data-widget_type=\"heading.default\">\n\t\t\t\t<div class=\"elementor-widget-container\">\n\t\t\t\t\t<h1 class=\"elementor-heading-title elementor-size-default\">Homenots \u2013 Grans personages<\/h1>\t\t\t\t<\/div>\n\t\t\t\t<\/div>\n\t\t\t\t\t<\/div>\n\t\t<\/div>\n\t\t\t\t\t<\/div>\n\t\t<\/section>\n\t\t\t\t<section class=\"elementor-section elementor-top-section elementor-element elementor-element-ddf2460 elementor-section-boxed elementor-section-height-default elementor-section-height-default\" data-id=\"ddf2460\" data-element_type=\"section\">\n\t\t\t\t\t\t<div class=\"elementor-container elementor-column-gap-default\">\n\t\t\t\t\t<div class=\"elementor-column elementor-col-100 elementor-top-column elementor-element elementor-element-0e54f98\" data-id=\"0e54f98\" data-element_type=\"column\">\n\t\t\t<div class=\"elementor-widget-wrap elementor-element-populated\">\n\t\t\t\t\t\t<div class=\"elementor-element elementor-element-5e4f411 elementor-widget elementor-widget-text-editor\" data-id=\"5e4f411\" data-element_type=\"widget\" data-widget_type=\"text-editor.default\">\n\t\t\t\t<div class=\"elementor-widget-container\">\n\t\t\t\t\t\t\t\t\t<p>Dans les ann\u00e9es cinquante, Josep Pla a peu \u00e0 peu donn\u00e9 une valeur morale et une dimension collective \u00e0 sa d\u00e9marche personnelle de r\u00e9cup\u00e9ration de la m\u00e9moire. Si, dans un premier temps, il fonda cette litt\u00e9rature de m\u00e9moire sur des \u00e9l\u00e9ments tels que le paysage, la cuisine ou les m\u00e9tiers, l&#8217;ann\u00e9e 1958 marqua le d\u00e9but de la publication d&#8217;une s\u00e9rie de volumes intitul\u00e9s <em>Homenots<\/em>, v\u00e9ritable galerie de portraits des catalans illustres de son si\u00e8cle : artistes, \u00e9crivains, intellectuels, mais aussi chefs d&#8217;entreprise, \u00e9conomistes ou notaires. D\u00e9j\u00e0 dans ses premiers livres de jeunesse, Pla avait pratiqu\u00e9 le portrait comme genre litt\u00e9raire ou exercice de style, mais \u00e0 pr\u00e9sent il y ajoutait une nouvelle dimension : il s&#8217;agissait de sauver de l\u2019oubli toute une Catalogne qui \u00e9tait en voie de disparition.<\/p>\n\t\t\t\t\t\t\t\t<\/div>\n\t\t\t\t<\/div>\n\t\t\t\t\t<\/div>\n\t\t<\/div>\n\t\t\t\t\t<\/div>\n\t\t<\/section>\n\t\t\t\t<section class=\"elementor-section elementor-top-section elementor-element elementor-element-19f3193 elementor-section-boxed elementor-section-height-default elementor-section-height-default\" data-id=\"19f3193\" data-element_type=\"section\">\n\t\t\t\t\t\t<div class=\"elementor-container elementor-column-gap-default\">\n\t\t\t\t\t<div class=\"elementor-column elementor-col-100 elementor-top-column elementor-element elementor-element-95bdfbe\" data-id=\"95bdfbe\" data-element_type=\"column\">\n\t\t\t<div class=\"elementor-widget-wrap elementor-element-populated\">\n\t\t\t\t\t\t<div class=\"elementor-element elementor-element-ff5338e claredonbold elementor-widget elementor-widget-text-editor\" data-id=\"ff5338e\" data-element_type=\"widget\" data-widget_type=\"text-editor.default\">\n\t\t\t\t<div class=\"elementor-widget-container\">\n\t\t\t\t\t\t\t\t\t<p>\u201cLa seule fa\u00e7on de lutter contre la terrible invasion de l\u2019oubli, de cr\u00e9er une m\u00e9moire collective, c\u2019est de rappeler, inlassablement, ce que quelques hommes &#8211; c\u2019est-\u00e0-dire le peuple &#8211; ont fait qui aille un peu au-del\u00e0 des int\u00e9r\u00eats personnels, imm\u00e9diats et petits.\u201d<\/p>\n\t\t\t\t\t\t\t\t<\/div>\n\t\t\t\t<\/div>\n\t\t\t\t<div class=\"elementor-element elementor-element-e5b9ff1 pitchlight elementor-widget elementor-widget-heading\" data-id=\"e5b9ff1\" data-element_type=\"widget\" data-widget_type=\"heading.default\">\n\t\t\t\t<div class=\"elementor-widget-container\">\n\t\t\t\t\t<h2 class=\"elementor-heading-title elementor-size-default\"><p class=\"fancy\"><span style=\"font-size: 15px;font-style: normal;font-weight: 600;white-space: normal\">Josep Pla.&nbsp;<span style=\"font-size: 15px;font-style: italic;font-weight: 600;white-space: normal\">Homenots.<\/span> OC XVI, 7.<\/span><\/p><\/h2>\t\t\t\t<\/div>\n\t\t\t\t<\/div>\n\t\t\t\t\t<\/div>\n\t\t<\/div>\n\t\t\t\t\t<\/div>\n\t\t<\/section>\n\t\t\t\t<\/div>\n\t\t","protected":false},"excerpt":{"rendered":"<p>El meu pa\u00eds \u2013 Mon pays L\u2019\u00e9criture de Josep Pla est avant tout le r\u00e9sultat du regard d\u00b4un homme qui, par le lien fusionnel qui l&#8217;unit \u00e0 la langue et au paysage, se sent capable d\u2019interpr\u00e9ter le monde et de le r\u00e9organiser \u00e0 partir de son \u00e9criture en cr\u00e9ant des formes d\u2019identit\u00e9. Les \u00eatres et [&hellip;]<\/p>\n","protected":false},"author":3,"featured_media":0,"parent":8366,"menu_order":0,"comment_status":"closed","ping_status":"closed","template":"","meta":{"inline_featured_image":false,"site-sidebar-layout":"default","site-content-layout":"default","ast-site-content-layout":"default","site-content-style":"default","site-sidebar-style":"default","ast-global-header-display":"","ast-banner-title-visibility":"","ast-main-header-display":"disabled","ast-hfb-above-header-display":"","ast-hfb-below-header-display":"","ast-hfb-mobile-header-display":"","site-post-title":"disabled","ast-breadcrumbs-content":"disabled","ast-featured-img":"","footer-sml-layout":"","theme-transparent-header-meta":"default","adv-header-id-meta":"","stick-header-meta":"","header-above-stick-meta":"","header-main-stick-meta":"","header-below-stick-meta":"","astra-migrate-meta-layouts":"default","ast-page-background-enabled":"default","ast-page-background-meta":{"desktop":{"background-color":"var(--ast-global-color-4)","background-image":"","background-repeat":"repeat","background-position":"center center","background-size":"auto","background-attachment":"scroll","background-type":"","background-media":"","overlay-type":"","overlay-color":"","overlay-opacity":"","overlay-gradient":""},"tablet":{"background-color":"","background-image":"","background-repeat":"repeat","background-position":"center center","background-size":"auto","background-attachment":"scroll","background-type":"","background-media":"","overlay-type":"","overlay-color":"","overlay-opacity":"","overlay-gradient":""},"mobile":{"background-color":"","background-image":"","background-repeat":"repeat","background-position":"center center","background-size":"auto","background-attachment":"scroll","background-type":"","background-media":"","overlay-type":"","overlay-color":"","overlay-opacity":"","overlay-gradient":""}},"ast-content-background-meta":{"desktop":{"background-color":"var(--ast-global-color-5)","background-image":"","background-repeat":"repeat","background-position":"center center","background-size":"auto","background-attachment":"scroll","background-type":"","background-media":"","overlay-type":"","overlay-color":"","overlay-opacity":"","overlay-gradient":""},"tablet":{"background-color":"var(--ast-global-color-5)","background-image":"","background-repeat":"repeat","background-position":"center center","background-size":"auto","background-attachment":"scroll","background-type":"","background-media":"","overlay-type":"","overlay-color":"","overlay-opacity":"","overlay-gradient":""},"mobile":{"background-color":"var(--ast-global-color-5)","background-image":"","background-repeat":"repeat","background-position":"center center","background-size":"auto","background-attachment":"scroll","background-type":"","background-media":"","overlay-type":"","overlay-color":"","overlay-opacity":"","overlay-gradient":""}},"footnotes":""},"class_list":["post-21253","page","type-page","status-publish","hentry"],"yoast_head":"<!-- This site is optimized with the Yoast SEO plugin v26.1.1 - https:\/\/yoast.com\/wordpress\/plugins\/seo\/ -->\n<title>Homenots - El meu pa\u00eds - Fundaci\u00f3 Josep Pla<\/title>\n<meta name=\"robots\" content=\"index, follow, max-snippet:-1, max-image-preview:large, max-video-preview:-1\" \/>\n<link rel=\"canonical\" href=\"https:\/\/fundaciojoseppla.cat\/fr\/exposition-permanente\/homenots-el-meu-pais\/\" \/>\n<meta property=\"og:locale\" content=\"fr_FR\" \/>\n<meta property=\"og:type\" content=\"article\" \/>\n<meta property=\"og:title\" content=\"Homenots - El meu pa\u00eds - Fundaci\u00f3 Josep Pla\" \/>\n<meta property=\"og:description\" content=\"El meu pa\u00eds \u2013 Mon pays L\u2019\u00e9criture de Josep Pla est avant tout le r\u00e9sultat du regard d\u00b4un homme qui, par le lien fusionnel qui l&#8217;unit \u00e0 la langue et au paysage, se sent capable d\u2019interpr\u00e9ter le monde et de le r\u00e9organiser \u00e0 partir de son \u00e9criture en cr\u00e9ant des formes d\u2019identit\u00e9. Les \u00eatres et [&hellip;]\" \/>\n<meta property=\"og:url\" content=\"https:\/\/fundaciojoseppla.cat\/fr\/exposition-permanente\/homenots-el-meu-pais\/\" \/>\n<meta property=\"og:site_name\" content=\"Fundaci\u00f3 Josep Pla\" \/>\n<meta property=\"article:publisher\" content=\"https:\/\/www.facebook.com\/FJosepPla\/\" \/>\n<meta property=\"article:modified_time\" content=\"2020-05-26T13:43:07+00:00\" \/>\n<meta name=\"twitter:card\" content=\"summary_large_image\" \/>\n<meta name=\"twitter:site\" content=\"@FJosepPla\" \/>\n<meta name=\"twitter:label1\" content=\"Dur\u00e9e de lecture estim\u00e9e\" \/>\n\t<meta name=\"twitter:data1\" content=\"2 minutes\" \/>\n<script type=\"application\/ld+json\" class=\"yoast-schema-graph\">{\"@context\":\"https:\/\/schema.org\",\"@graph\":[{\"@type\":\"WebPage\",\"@id\":\"https:\/\/fundaciojoseppla.cat\/fr\/exposition-permanente\/homenots-el-meu-pais\/\",\"url\":\"https:\/\/fundaciojoseppla.cat\/fr\/exposition-permanente\/homenots-el-meu-pais\/\",\"name\":\"Homenots - El meu pa\u00eds - Fundaci\u00f3 Josep Pla\",\"isPartOf\":{\"@id\":\"https:\/\/fundaciojoseppla.cat\/#website\"},\"datePublished\":\"2020-05-22T11:35:14+00:00\",\"dateModified\":\"2020-05-26T13:43:07+00:00\",\"breadcrumb\":{\"@id\":\"https:\/\/fundaciojoseppla.cat\/fr\/exposition-permanente\/homenots-el-meu-pais\/#breadcrumb\"},\"inLanguage\":\"fr-FR\",\"potentialAction\":[{\"@type\":\"ReadAction\",\"target\":[\"https:\/\/fundaciojoseppla.cat\/fr\/exposition-permanente\/homenots-el-meu-pais\/\"]}]},{\"@type\":\"BreadcrumbList\",\"@id\":\"https:\/\/fundaciojoseppla.cat\/fr\/exposition-permanente\/homenots-el-meu-pais\/#breadcrumb\",\"itemListElement\":[{\"@type\":\"ListItem\",\"position\":1,\"name\":\"Inici\",\"item\":\"https:\/\/fundaciojoseppla.cat\/\"},{\"@type\":\"ListItem\",\"position\":2,\"name\":\"Exposition permanente\",\"item\":\"https:\/\/fundaciojoseppla.cat\/fr\/exposition-permanente\/\"},{\"@type\":\"ListItem\",\"position\":3,\"name\":\"Homenots &#8211; El meu pa\u00eds\"}]},{\"@type\":\"WebSite\",\"@id\":\"https:\/\/fundaciojoseppla.cat\/#website\",\"url\":\"https:\/\/fundaciojoseppla.cat\/\",\"name\":\"Fundaci\u00f3 Josep Pla\",\"description\":\"Fundacio Josep Pla Palafrugell\",\"publisher\":{\"@id\":\"https:\/\/fundaciojoseppla.cat\/#organization\"},\"potentialAction\":[{\"@type\":\"SearchAction\",\"target\":{\"@type\":\"EntryPoint\",\"urlTemplate\":\"https:\/\/fundaciojoseppla.cat\/?s={search_term_string}\"},\"query-input\":{\"@type\":\"PropertyValueSpecification\",\"valueRequired\":true,\"valueName\":\"search_term_string\"}}],\"inLanguage\":\"fr-FR\"},{\"@type\":\"Organization\",\"@id\":\"https:\/\/fundaciojoseppla.cat\/#organization\",\"name\":\"Fundaci\u00f3 Josep Pla\",\"url\":\"https:\/\/fundaciojoseppla.cat\/\",\"logo\":{\"@type\":\"ImageObject\",\"inLanguage\":\"fr-FR\",\"@id\":\"https:\/\/fundaciojoseppla.cat\/#\/schema\/logo\/image\/\",\"url\":\"https:\/\/fundaciojoseppla.cat\/wp-content\/uploads\/2018\/05\/negre-transparent-de-logo-vecto-FJP.png\",\"contentUrl\":\"https:\/\/fundaciojoseppla.cat\/wp-content\/uploads\/2018\/05\/negre-transparent-de-logo-vecto-FJP.png\",\"width\":600,\"height\":233,\"caption\":\"Fundaci\u00f3 Josep Pla\"},\"image\":{\"@id\":\"https:\/\/fundaciojoseppla.cat\/#\/schema\/logo\/image\/\"},\"sameAs\":[\"https:\/\/www.facebook.com\/FJosepPla\/\",\"https:\/\/x.com\/FJosepPla\",\"http:\/\/pinterest.com\/fjoseppla\/\",\"https:\/\/www.youtube.com\/user\/FJosepPla\"]}]}<\/script>\n<!-- \/ Yoast SEO plugin. -->","yoast_head_json":{"title":"Homenots - El meu pa\u00eds - Fundaci\u00f3 Josep Pla","robots":{"index":"index","follow":"follow","max-snippet":"max-snippet:-1","max-image-preview":"max-image-preview:large","max-video-preview":"max-video-preview:-1"},"canonical":"https:\/\/fundaciojoseppla.cat\/fr\/exposition-permanente\/homenots-el-meu-pais\/","og_locale":"fr_FR","og_type":"article","og_title":"Homenots - El meu pa\u00eds - Fundaci\u00f3 Josep Pla","og_description":"El meu pa\u00eds \u2013 Mon pays L\u2019\u00e9criture de Josep Pla est avant tout le r\u00e9sultat du regard d\u00b4un homme qui, par le lien fusionnel qui l&#8217;unit \u00e0 la langue et au paysage, se sent capable d\u2019interpr\u00e9ter le monde et de le r\u00e9organiser \u00e0 partir de son \u00e9criture en cr\u00e9ant des formes d\u2019identit\u00e9. Les \u00eatres et [&hellip;]","og_url":"https:\/\/fundaciojoseppla.cat\/fr\/exposition-permanente\/homenots-el-meu-pais\/","og_site_name":"Fundaci\u00f3 Josep Pla","article_publisher":"https:\/\/www.facebook.com\/FJosepPla\/","article_modified_time":"2020-05-26T13:43:07+00:00","twitter_card":"summary_large_image","twitter_site":"@FJosepPla","twitter_misc":{"Dur\u00e9e de lecture estim\u00e9e":"2 minutes"},"schema":{"@context":"https:\/\/schema.org","@graph":[{"@type":"WebPage","@id":"https:\/\/fundaciojoseppla.cat\/fr\/exposition-permanente\/homenots-el-meu-pais\/","url":"https:\/\/fundaciojoseppla.cat\/fr\/exposition-permanente\/homenots-el-meu-pais\/","name":"Homenots - El meu pa\u00eds - Fundaci\u00f3 Josep Pla","isPartOf":{"@id":"https:\/\/fundaciojoseppla.cat\/#website"},"datePublished":"2020-05-22T11:35:14+00:00","dateModified":"2020-05-26T13:43:07+00:00","breadcrumb":{"@id":"https:\/\/fundaciojoseppla.cat\/fr\/exposition-permanente\/homenots-el-meu-pais\/#breadcrumb"},"inLanguage":"fr-FR","potentialAction":[{"@type":"ReadAction","target":["https:\/\/fundaciojoseppla.cat\/fr\/exposition-permanente\/homenots-el-meu-pais\/"]}]},{"@type":"BreadcrumbList","@id":"https:\/\/fundaciojoseppla.cat\/fr\/exposition-permanente\/homenots-el-meu-pais\/#breadcrumb","itemListElement":[{"@type":"ListItem","position":1,"name":"Inici","item":"https:\/\/fundaciojoseppla.cat\/"},{"@type":"ListItem","position":2,"name":"Exposition permanente","item":"https:\/\/fundaciojoseppla.cat\/fr\/exposition-permanente\/"},{"@type":"ListItem","position":3,"name":"Homenots &#8211; El meu pa\u00eds"}]},{"@type":"WebSite","@id":"https:\/\/fundaciojoseppla.cat\/#website","url":"https:\/\/fundaciojoseppla.cat\/","name":"Fundaci\u00f3 Josep Pla","description":"Fundacio Josep Pla Palafrugell","publisher":{"@id":"https:\/\/fundaciojoseppla.cat\/#organization"},"potentialAction":[{"@type":"SearchAction","target":{"@type":"EntryPoint","urlTemplate":"https:\/\/fundaciojoseppla.cat\/?s={search_term_string}"},"query-input":{"@type":"PropertyValueSpecification","valueRequired":true,"valueName":"search_term_string"}}],"inLanguage":"fr-FR"},{"@type":"Organization","@id":"https:\/\/fundaciojoseppla.cat\/#organization","name":"Fundaci\u00f3 Josep Pla","url":"https:\/\/fundaciojoseppla.cat\/","logo":{"@type":"ImageObject","inLanguage":"fr-FR","@id":"https:\/\/fundaciojoseppla.cat\/#\/schema\/logo\/image\/","url":"https:\/\/fundaciojoseppla.cat\/wp-content\/uploads\/2018\/05\/negre-transparent-de-logo-vecto-FJP.png","contentUrl":"https:\/\/fundaciojoseppla.cat\/wp-content\/uploads\/2018\/05\/negre-transparent-de-logo-vecto-FJP.png","width":600,"height":233,"caption":"Fundaci\u00f3 Josep Pla"},"image":{"@id":"https:\/\/fundaciojoseppla.cat\/#\/schema\/logo\/image\/"},"sameAs":["https:\/\/www.facebook.com\/FJosepPla\/","https:\/\/x.com\/FJosepPla","http:\/\/pinterest.com\/fjoseppla\/","https:\/\/www.youtube.com\/user\/FJosepPla"]}]}},"publishpress_future_action":{"enabled":false,"date":"2026-04-18 19:11:20","action":"change-status","newStatus":"draft","terms":[],"taxonomy":"translation_priority","extraData":[]},"publishpress_future_workflow_manual_trigger":{"enabledWorkflows":[]},"_links":{"self":[{"href":"https:\/\/fundaciojoseppla.cat\/fr\/wp-json\/wp\/v2\/pages\/21253","targetHints":{"allow":["GET"]}}],"collection":[{"href":"https:\/\/fundaciojoseppla.cat\/fr\/wp-json\/wp\/v2\/pages"}],"about":[{"href":"https:\/\/fundaciojoseppla.cat\/fr\/wp-json\/wp\/v2\/types\/page"}],"author":[{"embeddable":true,"href":"https:\/\/fundaciojoseppla.cat\/fr\/wp-json\/wp\/v2\/users\/3"}],"replies":[{"embeddable":true,"href":"https:\/\/fundaciojoseppla.cat\/fr\/wp-json\/wp\/v2\/comments?post=21253"}],"version-history":[{"count":2,"href":"https:\/\/fundaciojoseppla.cat\/fr\/wp-json\/wp\/v2\/pages\/21253\/revisions"}],"predecessor-version":[{"id":21309,"href":"https:\/\/fundaciojoseppla.cat\/fr\/wp-json\/wp\/v2\/pages\/21253\/revisions\/21309"}],"up":[{"embeddable":true,"href":"https:\/\/fundaciojoseppla.cat\/fr\/wp-json\/wp\/v2\/pages\/8366"}],"wp:attachment":[{"href":"https:\/\/fundaciojoseppla.cat\/fr\/wp-json\/wp\/v2\/media?parent=21253"}],"curies":[{"name":"wp","href":"https:\/\/api.w.org\/{rel}","templated":true}]}}