

{"id":3847,"date":"2018-02-04T11:40:10","date_gmt":"2018-02-04T10:40:10","guid":{"rendered":"https:\/\/fundaciojoseppla.cat\/centre-de-documentation\/"},"modified":"2023-02-01T12:14:30","modified_gmt":"2023-02-01T11:14:30","slug":"centre-de-documentation","status":"publish","type":"page","link":"https:\/\/fundaciojoseppla.cat\/fr\/centre-de-documentation\/","title":{"rendered":"Centre de documentation"},"content":{"rendered":"\t\t<div data-elementor-type=\"wp-post\" data-elementor-id=\"3847\" class=\"elementor elementor-3847 elementor-65\" data-elementor-post-type=\"page\">\n\t\t\t\t\t\t<section class=\"elementor-section elementor-top-section elementor-element elementor-element-6a277720 elementor-section-boxed elementor-section-height-default elementor-section-height-default\" data-id=\"6a277720\" data-element_type=\"section\">\n\t\t\t\t\t\t<div class=\"elementor-container elementor-column-gap-default\">\n\t\t\t\t\t<div class=\"elementor-column elementor-col-100 elementor-top-column elementor-element elementor-element-69f26066\" data-id=\"69f26066\" data-element_type=\"column\">\n\t\t\t<div class=\"elementor-widget-wrap elementor-element-populated\">\n\t\t\t\t\t\t<div class=\"elementor-element elementor-element-51110d0b claredonlight elementor-widget elementor-widget-heading\" data-id=\"51110d0b\" data-element_type=\"widget\" data-widget_type=\"heading.default\">\n\t\t\t\t<div class=\"elementor-widget-container\">\n\t\t\t\t\t<h1 class=\"elementor-heading-title elementor-size-default\">Centre de documentation<\/h1>\t\t\t\t<\/div>\n\t\t\t\t<\/div>\n\t\t\t\t<div class=\"elementor-element elementor-element-f667283 elementor-widget elementor-widget-heading\" data-id=\"f667283\" data-element_type=\"widget\" data-widget_type=\"heading.default\">\n\t\t\t\t<div class=\"elementor-widget-container\">\n\t\t\t\t\t<p class=\"elementor-heading-title elementor-size-default\">Le Centre de documentation de la Fundaci\u00f3 Josep Pla r\u00e9unit<\/p>\t\t\t\t<\/div>\n\t\t\t\t<\/div>\n\t\t\t\t<section class=\"elementor-section elementor-inner-section elementor-element elementor-element-d49c540 elementor-section-boxed elementor-section-height-default elementor-section-height-default\" data-id=\"d49c540\" data-element_type=\"section\">\n\t\t\t\t\t\t<div class=\"elementor-container elementor-column-gap-default\">\n\t\t\t\t\t<div class=\"elementor-column elementor-col-50 elementor-inner-column elementor-element elementor-element-9afd7f8\" data-id=\"9afd7f8\" data-element_type=\"column\">\n\t\t\t<div class=\"elementor-widget-wrap elementor-element-populated\">\n\t\t\t\t\t\t<div class=\"elementor-element elementor-element-00a5f8f manuscritsdocumentacio elementor-widget elementor-widget-text-editor\" data-id=\"00a5f8f\" data-element_type=\"widget\" data-widget_type=\"text-editor.default\">\n\t\t\t\t<div class=\"elementor-widget-container\">\n\t\t\t\t\t\t\t\t\t<p><span class=\"titolonsom\">1. Des manuscrits:<\/span><\/p>\n<div class=\"padleft25 padbottom30\"><span class=\"titolonsom\">1.1.<\/span>Oeuvre compl\u00e8te de Josep Pla: Ed. Selecta et Destino<br> <span class=\"titolonsom\">1.2.<\/span> Correspondances<br> <span class=\"titolonsom\">1.3.<\/span> Notes<\/div>\n<p><span class=\"titolonsom\">2. H\u00e9m\u00e9roth\u00e8que:<\/span><\/p>\n<div class=\"padleft25\"><span class=\"titolonsom\">2.1.<\/span> Articles de Josep Pla<br> <span class=\"titolonsom\">2.2.<\/span> Articles sur Josep Pla<\/div>\n<div class=\"padleft25\"><span class=\"titolonsom\">2.3.<\/span> <a class=\"linktaronja\" href=\"https:\/\/fundaciojoseppla.cat\/arxiu-de-premsa\">Archives de presse<\/a><br> <span class=\"titolonsom\">2.4.<\/span> <a class=\"linktaronja\" href=\"https:\/\/fundaciojoseppla.cat\/arxiu-de-premsa\">Archive de blogs sur internet<\/a><\/div>\t\t\t\t\t\t\t\t<\/div>\n\t\t\t\t<\/div>\n\t\t\t\t\t<\/div>\n\t\t<\/div>\n\t\t\t\t<div class=\"elementor-column elementor-col-50 elementor-inner-column elementor-element elementor-element-27b9f95\" data-id=\"27b9f95\" data-element_type=\"column\">\n\t\t\t<div class=\"elementor-widget-wrap elementor-element-populated\">\n\t\t\t\t\t\t<div class=\"elementor-element elementor-element-e814067 manuscritsdocumentacio elementor-widget elementor-widget-text-editor\" data-id=\"e814067\" data-element_type=\"widget\" data-widget_type=\"text-editor.default\">\n\t\t\t\t<div class=\"elementor-widget-container\">\n\t\t\t\t\t\t\t\t\t<p><span class=\"titolonsom\">3. Fonds de documents photographiques:<\/span><\/p><div class=\"padleft25 padbottom30\"><span class=\"titolonsom\">3.1.<\/span> Photographies biographiques<br \/> <span class=\"titolonsom\">3.2.<\/span> Photographies des activit\u00e9s de la Fundaci\u00f3<\/div><p><span class=\"titolonsom\">4. M\u00e9diath\u00e8que:<\/span><\/p><div class=\"padleft25 padbottom30\"><span class=\"titolonsom\">4.1.<\/span> Josep Pla: Cassetes (33), Vid\u00e9os (49), CD (50), CD Rom (62), <a class=\"linktaronja\" href=\"https:\/\/fundaciojoseppla.cat\/videos-cd-dvd\/dvd-a-fons\">DVD<\/a> (14)<br \/> <span class=\"titolonsom\">4.2.<\/span> Activit\u00e9s de la Fondation Josep Pla, conf\u00e9rences et pr\u00e9sentations: <a class=\"linktaronja\" href=\"https:\/\/vimeo.com\/channels\/fjp\">VIMEO<\/a> (2006-2011) <a class=\"linktaronja\" href=\"https:\/\/www.youtube.com\/user\/FJosepPla\">YOUTUBE<\/a><br \/> <span class=\"titolonsom\">4.3.<\/span> <a class=\"linktaronja\" href=\"\/?page_id=1386\">Autres<\/a> (produccions alienes)<\/div><p><span class=\"titolonsom\">5. Fonds d\u2019\u0153uvres d&#8217;art<\/span> (provenant de donations)<\/p>\t\t\t\t\t\t\t\t<\/div>\n\t\t\t\t<\/div>\n\t\t\t\t\t<\/div>\n\t\t<\/div>\n\t\t\t\t\t<\/div>\n\t\t<\/section>\n\t\t\t\t\t<\/div>\n\t\t<\/div>\n\t\t\t\t\t<\/div>\n\t\t<\/section>\n\t\t\t\t<section class=\"elementor-section elementor-top-section elementor-element elementor-element-54d6e40 elementor-section-full_width elementor-section-height-default elementor-section-height-default\" data-id=\"54d6e40\" data-element_type=\"section\" data-settings=\"{&quot;background_background&quot;:&quot;classic&quot;}\">\n\t\t\t\t\t\t<div class=\"elementor-container elementor-column-gap-default\">\n\t\t\t\t\t<div class=\"elementor-column elementor-col-100 elementor-top-column elementor-element elementor-element-8e99b86\" data-id=\"8e99b86\" data-element_type=\"column\">\n\t\t\t<div class=\"elementor-widget-wrap elementor-element-populated\">\n\t\t\t\t\t\t<div class=\"elementor-element elementor-element-c9a5081 elementor-widget elementor-widget-spacer\" data-id=\"c9a5081\" data-element_type=\"widget\" data-widget_type=\"spacer.default\">\n\t\t\t\t<div class=\"elementor-widget-container\">\n\t\t\t\t\t\t\t<div class=\"elementor-spacer\">\n\t\t\t<div class=\"elementor-spacer-inner\"><\/div>\n\t\t<\/div>\n\t\t\t\t\t\t<\/div>\n\t\t\t\t<\/div>\n\t\t\t\t\t<\/div>\n\t\t<\/div>\n\t\t\t\t\t<\/div>\n\t\t<\/section>\n\t\t\t\t<\/div>\n\t\t","protected":false},"excerpt":{"rendered":"<p>Centre de documentation Le Centre de documentation de la Fundaci\u00f3 Josep Pla r\u00e9unit 1. Des manuscrits: 1.1.Oeuvre compl\u00e8te de Josep Pla: Ed. Selecta et Destino 1.2. Correspondances 1.3. Notes 2. H\u00e9m\u00e9roth\u00e8que: 2.1. Articles de Josep Pla 2.2. Articles sur Josep Pla 2.3. Archives de presse 2.4. Archive de blogs sur internet 3. Fonds de documents [&hellip;]<\/p>\n","protected":false},"author":3,"featured_media":0,"parent":0,"menu_order":0,"comment_status":"closed","ping_status":"closed","template":"","meta":{"inline_featured_image":false,"site-sidebar-layout":"default","site-content-layout":"default","ast-site-content-layout":"default","site-content-style":"default","site-sidebar-style":"default","ast-global-header-display":"","ast-banner-title-visibility":"","ast-main-header-display":"disabled","ast-hfb-above-header-display":"","ast-hfb-below-header-display":"","ast-hfb-mobile-header-display":"","site-post-title":"disabled","ast-breadcrumbs-content":"","ast-featured-img":"disabled","footer-sml-layout":"","theme-transparent-header-meta":"","adv-header-id-meta":"","stick-header-meta":"","header-above-stick-meta":"","header-main-stick-meta":"","header-below-stick-meta":"","astra-migrate-meta-layouts":"default","ast-page-background-enabled":"default","ast-page-background-meta":{"desktop":{"background-color":"var(--ast-global-color-4)","background-image":"","background-repeat":"repeat","background-position":"center center","background-size":"auto","background-attachment":"scroll","background-type":"","background-media":"","overlay-type":"","overlay-color":"","overlay-opacity":"","overlay-gradient":""},"tablet":{"background-color":"","background-image":"","background-repeat":"repeat","background-position":"center center","background-size":"auto","background-attachment":"scroll","background-type":"","background-media":"","overlay-type":"","overlay-color":"","overlay-opacity":"","overlay-gradient":""},"mobile":{"background-color":"","background-image":"","background-repeat":"repeat","background-position":"center center","background-size":"auto","background-attachment":"scroll","background-type":"","background-media":"","overlay-type":"","overlay-color":"","overlay-opacity":"","overlay-gradient":""}},"ast-content-background-meta":{"desktop":{"background-color":"var(--ast-global-color-5)","background-image":"","background-repeat":"repeat","background-position":"center center","background-size":"auto","background-attachment":"scroll","background-type":"","background-media":"","overlay-type":"","overlay-color":"","overlay-opacity":"","overlay-gradient":""},"tablet":{"background-color":"var(--ast-global-color-5)","background-image":"","background-repeat":"repeat","background-position":"center center","background-size":"auto","background-attachment":"scroll","background-type":"","background-media":"","overlay-type":"","overlay-color":"","overlay-opacity":"","overlay-gradient":""},"mobile":{"background-color":"var(--ast-global-color-5)","background-image":"","background-repeat":"repeat","background-position":"center center","background-size":"auto","background-attachment":"scroll","background-type":"","background-media":"","overlay-type":"","overlay-color":"","overlay-opacity":"","overlay-gradient":""}},"footnotes":""},"class_list":["post-3847","page","type-page","status-publish","hentry"],"yoast_head":"<!-- This site is optimized with the Yoast SEO plugin v26.1.1 - https:\/\/yoast.com\/wordpress\/plugins\/seo\/ -->\n<title>Centre de documentation - Fundaci\u00f3 Josep Pla<\/title>\n<meta name=\"robots\" content=\"index, follow, max-snippet:-1, max-image-preview:large, max-video-preview:-1\" \/>\n<link rel=\"canonical\" href=\"https:\/\/fundaciojoseppla.cat\/fr\/centre-de-documentation\/\" \/>\n<meta property=\"og:locale\" content=\"fr_FR\" \/>\n<meta property=\"og:type\" content=\"article\" \/>\n<meta property=\"og:title\" content=\"Centre de documentation - Fundaci\u00f3 Josep Pla\" \/>\n<meta property=\"og:description\" content=\"Centre de documentation Le Centre de documentation de la Fundaci\u00f3 Josep Pla r\u00e9unit 1. Des manuscrits: 1.1.Oeuvre compl\u00e8te de Josep Pla: Ed. Selecta et Destino 1.2. Correspondances 1.3. Notes 2. H\u00e9m\u00e9roth\u00e8que: 2.1. Articles de Josep Pla 2.2. Articles sur Josep Pla 2.3. Archives de presse 2.4. Archive de blogs sur internet 3. Fonds de documents [&hellip;]\" \/>\n<meta property=\"og:url\" content=\"https:\/\/fundaciojoseppla.cat\/fr\/centre-de-documentation\/\" \/>\n<meta property=\"og:site_name\" content=\"Fundaci\u00f3 Josep Pla\" \/>\n<meta property=\"article:publisher\" content=\"https:\/\/www.facebook.com\/FJosepPla\/\" \/>\n<meta property=\"article:modified_time\" content=\"2023-02-01T11:14:30+00:00\" \/>\n<meta name=\"twitter:card\" content=\"summary_large_image\" \/>\n<meta name=\"twitter:site\" content=\"@FJosepPla\" \/>\n<meta name=\"twitter:label1\" content=\"Dur\u00e9e de lecture estim\u00e9e\" \/>\n\t<meta name=\"twitter:data1\" content=\"1 minute\" \/>\n<script type=\"application\/ld+json\" class=\"yoast-schema-graph\">{\"@context\":\"https:\/\/schema.org\",\"@graph\":[{\"@type\":\"WebPage\",\"@id\":\"https:\/\/fundaciojoseppla.cat\/fr\/centre-de-documentation\/\",\"url\":\"https:\/\/fundaciojoseppla.cat\/fr\/centre-de-documentation\/\",\"name\":\"Centre de documentation - Fundaci\u00f3 Josep Pla\",\"isPartOf\":{\"@id\":\"https:\/\/fundaciojoseppla.cat\/#website\"},\"datePublished\":\"2018-02-04T10:40:10+00:00\",\"dateModified\":\"2023-02-01T11:14:30+00:00\",\"breadcrumb\":{\"@id\":\"https:\/\/fundaciojoseppla.cat\/fr\/centre-de-documentation\/#breadcrumb\"},\"inLanguage\":\"fr-FR\",\"potentialAction\":[{\"@type\":\"ReadAction\",\"target\":[\"https:\/\/fundaciojoseppla.cat\/fr\/centre-de-documentation\/\"]}]},{\"@type\":\"BreadcrumbList\",\"@id\":\"https:\/\/fundaciojoseppla.cat\/fr\/centre-de-documentation\/#breadcrumb\",\"itemListElement\":[{\"@type\":\"ListItem\",\"position\":1,\"name\":\"Inici\",\"item\":\"https:\/\/fundaciojoseppla.cat\/\"},{\"@type\":\"ListItem\",\"position\":2,\"name\":\"Centre de documentation\"}]},{\"@type\":\"WebSite\",\"@id\":\"https:\/\/fundaciojoseppla.cat\/#website\",\"url\":\"https:\/\/fundaciojoseppla.cat\/\",\"name\":\"Fundaci\u00f3 Josep Pla\",\"description\":\"Fundacio Josep Pla Palafrugell\",\"publisher\":{\"@id\":\"https:\/\/fundaciojoseppla.cat\/#organization\"},\"potentialAction\":[{\"@type\":\"SearchAction\",\"target\":{\"@type\":\"EntryPoint\",\"urlTemplate\":\"https:\/\/fundaciojoseppla.cat\/?s={search_term_string}\"},\"query-input\":{\"@type\":\"PropertyValueSpecification\",\"valueRequired\":true,\"valueName\":\"search_term_string\"}}],\"inLanguage\":\"fr-FR\"},{\"@type\":\"Organization\",\"@id\":\"https:\/\/fundaciojoseppla.cat\/#organization\",\"name\":\"Fundaci\u00f3 Josep Pla\",\"url\":\"https:\/\/fundaciojoseppla.cat\/\",\"logo\":{\"@type\":\"ImageObject\",\"inLanguage\":\"fr-FR\",\"@id\":\"https:\/\/fundaciojoseppla.cat\/#\/schema\/logo\/image\/\",\"url\":\"https:\/\/fundaciojoseppla.cat\/wp-content\/uploads\/2018\/05\/negre-transparent-de-logo-vecto-FJP.png\",\"contentUrl\":\"https:\/\/fundaciojoseppla.cat\/wp-content\/uploads\/2018\/05\/negre-transparent-de-logo-vecto-FJP.png\",\"width\":600,\"height\":233,\"caption\":\"Fundaci\u00f3 Josep Pla\"},\"image\":{\"@id\":\"https:\/\/fundaciojoseppla.cat\/#\/schema\/logo\/image\/\"},\"sameAs\":[\"https:\/\/www.facebook.com\/FJosepPla\/\",\"https:\/\/x.com\/FJosepPla\",\"http:\/\/pinterest.com\/fjoseppla\/\",\"https:\/\/www.youtube.com\/user\/FJosepPla\"]}]}<\/script>\n<!-- \/ Yoast SEO plugin. -->","yoast_head_json":{"title":"Centre de documentation - Fundaci\u00f3 Josep Pla","robots":{"index":"index","follow":"follow","max-snippet":"max-snippet:-1","max-image-preview":"max-image-preview:large","max-video-preview":"max-video-preview:-1"},"canonical":"https:\/\/fundaciojoseppla.cat\/fr\/centre-de-documentation\/","og_locale":"fr_FR","og_type":"article","og_title":"Centre de documentation - Fundaci\u00f3 Josep Pla","og_description":"Centre de documentation Le Centre de documentation de la Fundaci\u00f3 Josep Pla r\u00e9unit 1. Des manuscrits: 1.1.Oeuvre compl\u00e8te de Josep Pla: Ed. Selecta et Destino 1.2. Correspondances 1.3. Notes 2. H\u00e9m\u00e9roth\u00e8que: 2.1. Articles de Josep Pla 2.2. Articles sur Josep Pla 2.3. Archives de presse 2.4. Archive de blogs sur internet 3. Fonds de documents [&hellip;]","og_url":"https:\/\/fundaciojoseppla.cat\/fr\/centre-de-documentation\/","og_site_name":"Fundaci\u00f3 Josep Pla","article_publisher":"https:\/\/www.facebook.com\/FJosepPla\/","article_modified_time":"2023-02-01T11:14:30+00:00","twitter_card":"summary_large_image","twitter_site":"@FJosepPla","twitter_misc":{"Dur\u00e9e de lecture estim\u00e9e":"1 minute"},"schema":{"@context":"https:\/\/schema.org","@graph":[{"@type":"WebPage","@id":"https:\/\/fundaciojoseppla.cat\/fr\/centre-de-documentation\/","url":"https:\/\/fundaciojoseppla.cat\/fr\/centre-de-documentation\/","name":"Centre de documentation - Fundaci\u00f3 Josep Pla","isPartOf":{"@id":"https:\/\/fundaciojoseppla.cat\/#website"},"datePublished":"2018-02-04T10:40:10+00:00","dateModified":"2023-02-01T11:14:30+00:00","breadcrumb":{"@id":"https:\/\/fundaciojoseppla.cat\/fr\/centre-de-documentation\/#breadcrumb"},"inLanguage":"fr-FR","potentialAction":[{"@type":"ReadAction","target":["https:\/\/fundaciojoseppla.cat\/fr\/centre-de-documentation\/"]}]},{"@type":"BreadcrumbList","@id":"https:\/\/fundaciojoseppla.cat\/fr\/centre-de-documentation\/#breadcrumb","itemListElement":[{"@type":"ListItem","position":1,"name":"Inici","item":"https:\/\/fundaciojoseppla.cat\/"},{"@type":"ListItem","position":2,"name":"Centre de documentation"}]},{"@type":"WebSite","@id":"https:\/\/fundaciojoseppla.cat\/#website","url":"https:\/\/fundaciojoseppla.cat\/","name":"Fundaci\u00f3 Josep Pla","description":"Fundacio Josep Pla Palafrugell","publisher":{"@id":"https:\/\/fundaciojoseppla.cat\/#organization"},"potentialAction":[{"@type":"SearchAction","target":{"@type":"EntryPoint","urlTemplate":"https:\/\/fundaciojoseppla.cat\/?s={search_term_string}"},"query-input":{"@type":"PropertyValueSpecification","valueRequired":true,"valueName":"search_term_string"}}],"inLanguage":"fr-FR"},{"@type":"Organization","@id":"https:\/\/fundaciojoseppla.cat\/#organization","name":"Fundaci\u00f3 Josep Pla","url":"https:\/\/fundaciojoseppla.cat\/","logo":{"@type":"ImageObject","inLanguage":"fr-FR","@id":"https:\/\/fundaciojoseppla.cat\/#\/schema\/logo\/image\/","url":"https:\/\/fundaciojoseppla.cat\/wp-content\/uploads\/2018\/05\/negre-transparent-de-logo-vecto-FJP.png","contentUrl":"https:\/\/fundaciojoseppla.cat\/wp-content\/uploads\/2018\/05\/negre-transparent-de-logo-vecto-FJP.png","width":600,"height":233,"caption":"Fundaci\u00f3 Josep Pla"},"image":{"@id":"https:\/\/fundaciojoseppla.cat\/#\/schema\/logo\/image\/"},"sameAs":["https:\/\/www.facebook.com\/FJosepPla\/","https:\/\/x.com\/FJosepPla","http:\/\/pinterest.com\/fjoseppla\/","https:\/\/www.youtube.com\/user\/FJosepPla"]}]}},"publishpress_future_action":{"enabled":false,"date":"2026-04-25 19:17:26","action":"change-status","newStatus":"draft","terms":[],"taxonomy":"translation_priority","extraData":[]},"publishpress_future_workflow_manual_trigger":{"enabledWorkflows":[]},"_links":{"self":[{"href":"https:\/\/fundaciojoseppla.cat\/fr\/wp-json\/wp\/v2\/pages\/3847","targetHints":{"allow":["GET"]}}],"collection":[{"href":"https:\/\/fundaciojoseppla.cat\/fr\/wp-json\/wp\/v2\/pages"}],"about":[{"href":"https:\/\/fundaciojoseppla.cat\/fr\/wp-json\/wp\/v2\/types\/page"}],"author":[{"embeddable":true,"href":"https:\/\/fundaciojoseppla.cat\/fr\/wp-json\/wp\/v2\/users\/3"}],"replies":[{"embeddable":true,"href":"https:\/\/fundaciojoseppla.cat\/fr\/wp-json\/wp\/v2\/comments?post=3847"}],"version-history":[{"count":33,"href":"https:\/\/fundaciojoseppla.cat\/fr\/wp-json\/wp\/v2\/pages\/3847\/revisions"}],"predecessor-version":[{"id":34995,"href":"https:\/\/fundaciojoseppla.cat\/fr\/wp-json\/wp\/v2\/pages\/3847\/revisions\/34995"}],"wp:attachment":[{"href":"https:\/\/fundaciojoseppla.cat\/fr\/wp-json\/wp\/v2\/media?parent=3847"}],"curies":[{"name":"wp","href":"https:\/\/api.w.org\/{rel}","templated":true}]}}