

{"id":4136,"date":"2018-02-04T13:25:51","date_gmt":"2018-02-04T12:25:51","guid":{"rendered":"https:\/\/fundaciojoseppla.cat\/expositions-temporaires\/"},"modified":"2026-02-04T19:43:41","modified_gmt":"2026-02-04T18:43:41","slug":"expositions-temporaires","status":"publish","type":"page","link":"https:\/\/fundaciojoseppla.cat\/fr\/expositions-temporaires\/","title":{"rendered":"Expositions temporaires"},"content":{"rendered":"\t\t<div data-elementor-type=\"wp-post\" data-elementor-id=\"4136\" class=\"elementor elementor-4136 elementor-654\" data-elementor-post-type=\"page\">\n\t\t\t\t\t\t<section class=\"elementor-section elementor-top-section elementor-element elementor-element-1a82be3b elementor-section-boxed elementor-section-height-default elementor-section-height-default\" data-id=\"1a82be3b\" data-element_type=\"section\">\n\t\t\t\t\t\t<div class=\"elementor-container elementor-column-gap-default\">\n\t\t\t\t\t<div class=\"elementor-column elementor-col-100 elementor-top-column elementor-element elementor-element-73293f19\" data-id=\"73293f19\" data-element_type=\"column\">\n\t\t\t<div class=\"elementor-widget-wrap elementor-element-populated\">\n\t\t\t\t\t\t<div class=\"elementor-element elementor-element-78229670 claredonlight elementor-widget elementor-widget-heading\" data-id=\"78229670\" data-element_type=\"widget\" data-widget_type=\"heading.default\">\n\t\t\t\t<div class=\"elementor-widget-container\">\n\t\t\t\t\t<h1 class=\"elementor-heading-title elementor-size-default\">Exposicions temporaires<\/h1>\t\t\t\t<\/div>\n\t\t\t\t<\/div>\n\t\t\t\t<div class=\"elementor-element elementor-element-f64ea21 claredonregular elementor-widget elementor-widget-heading\" data-id=\"f64ea21\" data-element_type=\"widget\" data-widget_type=\"heading.default\">\n\t\t\t\t<div class=\"elementor-widget-container\">\n\t\t\t\t\t<p class=\"elementor-heading-title elementor-size-default\">2025<\/p>\t\t\t\t<\/div>\n\t\t\t\t<\/div>\n\t\t\t\t<div class=\"elementor-element elementor-element-bdc05f9 elementor-widget elementor-widget-image\" data-id=\"bdc05f9\" data-element_type=\"widget\" data-widget_type=\"image.default\">\n\t\t\t\t<div class=\"elementor-widget-container\">\n\t\t\t\t\t\t\t\t\t\t\t\t\t\t\t<img fetchpriority=\"high\" decoding=\"async\" width=\"768\" height=\"397\" src=\"https:\/\/fundaciojoseppla.cat\/wp-content\/uploads\/2025\/07\/coses-vistes-josep-pla-1925-768x397.png\" class=\"attachment-medium_large size-medium_large wp-image-43874\" alt=\"\" srcset=\"https:\/\/fundaciojoseppla.cat\/wp-content\/uploads\/2025\/07\/coses-vistes-josep-pla-1925-768x397.png 768w, https:\/\/fundaciojoseppla.cat\/wp-content\/uploads\/2025\/07\/coses-vistes-josep-pla-1925-300x155.png 300w, https:\/\/fundaciojoseppla.cat\/wp-content\/uploads\/2025\/07\/coses-vistes-josep-pla-1925.png 1000w\" sizes=\"(max-width: 768px) 100vw, 768px\" \/>\t\t\t\t\t\t\t\t\t\t\t\t\t\t\t<\/div>\n\t\t\t\t<\/div>\n\t\t\t\t<section class=\"elementor-section elementor-inner-section elementor-element elementor-element-56c60db9 elementor-section-boxed elementor-section-height-default elementor-section-height-default\" data-id=\"56c60db9\" data-element_type=\"section\">\n\t\t\t\t\t\t<div class=\"elementor-container elementor-column-gap-default\">\n\t\t\t\t\t<div class=\"elementor-column elementor-col-16 elementor-inner-column elementor-element elementor-element-63daa2a5\" data-id=\"63daa2a5\" data-element_type=\"column\">\n\t\t\t<div class=\"elementor-widget-wrap elementor-element-populated\">\n\t\t\t\t\t\t<div class=\"elementor-element elementor-element-319b0abe separadornomarge elementor-widget-divider--view-line elementor-widget elementor-widget-divider\" data-id=\"319b0abe\" data-element_type=\"widget\" data-widget_type=\"divider.default\">\n\t\t\t\t<div class=\"elementor-widget-container\">\n\t\t\t\t\t\t\t<div class=\"elementor-divider\">\n\t\t\t<span class=\"elementor-divider-separator\">\n\t\t\t\t\t\t<\/span>\n\t\t<\/div>\n\t\t\t\t\t\t<\/div>\n\t\t\t\t<\/div>\n\t\t\t\t<div class=\"elementor-element elementor-element-205091c claredonlight elementor-widget elementor-widget-text-editor\" data-id=\"205091c\" data-element_type=\"widget\" data-widget_type=\"text-editor.default\">\n\t\t\t\t<div class=\"elementor-widget-container\">\n\t\t\t\t\t\t\t\t\t<p class=\"expoany\"><a class=\"linkverd\" style=\"text-decoration: none !important;\" href=\"https:\/\/fundaciojoseppla.cat\/fr\/expositions-temporaires\/El-carrer-estret-la-poetica-de-la-banalitat#seccio4\">2001<\/a><\/p>\n<a class=\"linkverd claredonbold\" style=\"text-decoration: none !important;\" href=\"https:\/\/fundaciojoseppla.cat\/fr\/expositions-temporaires\/El-carrer-estret-la-poetica-de-la-banalitat#seccio4\">El carrer Estret, la po\u00e8tica de la banalitat (&#8220;El carrer Estret&#8221;, la po\u00e9tique de la banalit\u00e9)<\/a>\t\t\t\t\t\t\t\t<\/div>\n\t\t\t\t<\/div>\n\t\t\t\t\t<\/div>\n\t\t<\/div>\n\t\t\t\t<div class=\"elementor-column elementor-col-16 elementor-inner-column elementor-element elementor-element-2c5cf63\" data-id=\"2c5cf63\" data-element_type=\"column\">\n\t\t\t<div class=\"elementor-widget-wrap elementor-element-populated\">\n\t\t\t\t\t\t<div class=\"elementor-element elementor-element-6871bdbd separadornomarge elementor-widget-divider--view-line elementor-widget elementor-widget-divider\" data-id=\"6871bdbd\" data-element_type=\"widget\" data-widget_type=\"divider.default\">\n\t\t\t\t<div class=\"elementor-widget-container\">\n\t\t\t\t\t\t\t<div class=\"elementor-divider\">\n\t\t\t<span class=\"elementor-divider-separator\">\n\t\t\t\t\t\t<\/span>\n\t\t<\/div>\n\t\t\t\t\t\t<\/div>\n\t\t\t\t<\/div>\n\t\t\t\t<div class=\"elementor-element elementor-element-6c501750 claredonlight elementor-widget elementor-widget-text-editor\" data-id=\"6c501750\" data-element_type=\"widget\" data-widget_type=\"text-editor.default\">\n\t\t\t\t<div class=\"elementor-widget-container\">\n\t\t\t\t\t\t\t\t\t<p class=\"expoany\"><a class=\"linkverd\" style=\"text-decoration: none !important;\" href=\"https:\/\/fundaciojoseppla.cat\/fr\/expositions-temporaires\/gaudi-i-verdaguer-llegits-per-josep-pla#seccio5\">2002<\/a><\/p>\n<a class=\"linkverd claredonbold\" style=\"text-decoration: none !important;\" href=\"https:\/\/fundaciojoseppla.cat\/fr\/expositions-temporaires\/gaudi-i-verdaguer-llegits-per-josep-pla#seccio5\">Gaud\u00ed i Verdaguer llegits per Josep Pla (Gaud\u00ed et Verdaguer lus par Josep Pla)<\/a>\t\t\t\t\t\t\t\t<\/div>\n\t\t\t\t<\/div>\n\t\t\t\t\t<\/div>\n\t\t<\/div>\n\t\t\t\t<div class=\"elementor-column elementor-col-16 elementor-inner-column elementor-element elementor-element-2e0598cd\" data-id=\"2e0598cd\" data-element_type=\"column\">\n\t\t\t<div class=\"elementor-widget-wrap elementor-element-populated\">\n\t\t\t\t\t\t<div class=\"elementor-element elementor-element-70150d4 separadornomarge elementor-widget-divider--view-line elementor-widget elementor-widget-divider\" data-id=\"70150d4\" data-element_type=\"widget\" data-widget_type=\"divider.default\">\n\t\t\t\t<div class=\"elementor-widget-container\">\n\t\t\t\t\t\t\t<div class=\"elementor-divider\">\n\t\t\t<span class=\"elementor-divider-separator\">\n\t\t\t\t\t\t<\/span>\n\t\t<\/div>\n\t\t\t\t\t\t<\/div>\n\t\t\t\t<\/div>\n\t\t\t\t<div class=\"elementor-element elementor-element-403d7ff0 claredonlight elementor-widget elementor-widget-text-editor\" data-id=\"403d7ff0\" data-element_type=\"widget\" data-widget_type=\"text-editor.default\">\n\t\t\t\t<div class=\"elementor-widget-container\">\n\t\t\t\t\t\t\t\t\t<p class=\"expoany\"><a class=\"linkverd\" style=\"text-decoration: none !important;\" href=\"https:\/\/fundaciojoseppla.cat\/fr\/expositions-temporaires\/josep-pla-soc-un-illoman#seccio6\">2001-02<\/a><\/p>\n<a class=\"linkverd claredonbold\" style=\"text-decoration: none !important;\" href=\"https:\/\/fundaciojoseppla.cat\/fr\/expositions-temporaires\/josep-pla-soc-un-illoman#seccio6\">Josep Pla: \u201c&#8230;s\u00f3c un ill\u00f2man\u201d (Josep Pla : &#8220;\u2026je suis un \u00eelomane&#8221;)<\/a>\t\t\t\t\t\t\t\t<\/div>\n\t\t\t\t<\/div>\n\t\t\t\t\t<\/div>\n\t\t<\/div>\n\t\t\t\t<div class=\"elementor-column elementor-col-16 elementor-inner-column elementor-element elementor-element-2569496a\" data-id=\"2569496a\" data-element_type=\"column\">\n\t\t\t<div class=\"elementor-widget-wrap elementor-element-populated\">\n\t\t\t\t\t\t<div class=\"elementor-element elementor-element-5e898b75 separadornomarge elementor-widget-divider--view-line elementor-widget elementor-widget-divider\" data-id=\"5e898b75\" data-element_type=\"widget\" data-widget_type=\"divider.default\">\n\t\t\t\t<div class=\"elementor-widget-container\">\n\t\t\t\t\t\t\t<div class=\"elementor-divider\">\n\t\t\t<span class=\"elementor-divider-separator\">\n\t\t\t\t\t\t<\/span>\n\t\t<\/div>\n\t\t\t\t\t\t<\/div>\n\t\t\t\t<\/div>\n\t\t\t\t<div class=\"elementor-element elementor-element-711c9b9e claredonlight elementor-widget elementor-widget-text-editor\" data-id=\"711c9b9e\" data-element_type=\"widget\" data-widget_type=\"text-editor.default\">\n\t\t\t\t<div class=\"elementor-widget-container\">\n\t\t\t\t\t\t\t\t\t<p class=\"expoany\"><a class=\"linkverd\" style=\"text-decoration: none !important;\" href=\"https:\/\/fundaciojoseppla.cat\/fr\/expositions-temporaires\/el-temps-que-fuig-narcis-comadira-i-josep-pla#seccio7\">2003<\/a><\/p>\n<a class=\"linkverd claredonbold\" style=\"text-decoration: none !important;\" href=\"https:\/\/fundaciojoseppla.cat\/fr\/expositions-temporaires\/el-temps-que-fuig-narcis-comadira-i-josep-pla#seccio7\">El temps que fuig. Narc\u00eds Comadira i Josep Pla (Le temps s&#8217;enfuit. Narc\u00eds Comadira et Josep Pla)<\/a>\t\t\t\t\t\t\t\t<\/div>\n\t\t\t\t<\/div>\n\t\t\t\t\t<\/div>\n\t\t<\/div>\n\t\t\t\t<div class=\"elementor-column elementor-col-16 elementor-inner-column elementor-element elementor-element-690218f5\" data-id=\"690218f5\" data-element_type=\"column\">\n\t\t\t<div class=\"elementor-widget-wrap elementor-element-populated\">\n\t\t\t\t\t\t<div class=\"elementor-element elementor-element-418ffd12 separadornomarge elementor-widget-divider--view-line elementor-widget elementor-widget-divider\" data-id=\"418ffd12\" data-element_type=\"widget\" data-widget_type=\"divider.default\">\n\t\t\t\t<div class=\"elementor-widget-container\">\n\t\t\t\t\t\t\t<div class=\"elementor-divider\">\n\t\t\t<span class=\"elementor-divider-separator\">\n\t\t\t\t\t\t<\/span>\n\t\t<\/div>\n\t\t\t\t\t\t<\/div>\n\t\t\t\t<\/div>\n\t\t\t\t<div class=\"elementor-element elementor-element-22dcbf24 claredonlight elementor-widget elementor-widget-text-editor\" data-id=\"22dcbf24\" data-element_type=\"widget\" data-widget_type=\"text-editor.default\">\n\t\t\t\t<div class=\"elementor-widget-container\">\n\t\t\t\t\t\t\t\t\t<p class=\"expoany\"><a class=\"linkverd\" style=\"text-decoration: none !important;\" href=\"https:\/\/fundaciojoseppla.cat\/fr\/expositions-temporaires\/salvador-dali-josep pla-coincidencies#seccio8\">2004<\/a><\/p><p><a class=\"linkverd claredonbold\" style=\"text-decoration: none !important;\" href=\"https:\/\/fundaciojoseppla.cat\/fr\/expositions-temporaires\/salvador-dali-josep pla-coincidencies#seccio8\">Salvador Dal\u00ed, Josep Pla. Coincid\u00e8ncies (Salvador Dal\u00ed, Josep Pla. Rencontres)<\/a><\/p>\t\t\t\t\t\t\t\t<\/div>\n\t\t\t\t<\/div>\n\t\t\t\t\t<\/div>\n\t\t<\/div>\n\t\t\t\t<div class=\"elementor-column elementor-col-16 elementor-inner-column elementor-element elementor-element-760ac6fd\" data-id=\"760ac6fd\" data-element_type=\"column\">\n\t\t\t<div class=\"elementor-widget-wrap elementor-element-populated\">\n\t\t\t\t\t\t<div class=\"elementor-element elementor-element-62939b46 separadornomarge elementor-widget-divider--view-line elementor-widget elementor-widget-divider\" data-id=\"62939b46\" data-element_type=\"widget\" data-widget_type=\"divider.default\">\n\t\t\t\t<div class=\"elementor-widget-container\">\n\t\t\t\t\t\t\t<div class=\"elementor-divider\">\n\t\t\t<span class=\"elementor-divider-separator\">\n\t\t\t\t\t\t<\/span>\n\t\t<\/div>\n\t\t\t\t\t\t<\/div>\n\t\t\t\t<\/div>\n\t\t\t\t<div class=\"elementor-element elementor-element-774731ab claredonlight elementor-widget elementor-widget-text-editor\" data-id=\"774731ab\" data-element_type=\"widget\" data-widget_type=\"text-editor.default\">\n\t\t\t\t<div class=\"elementor-widget-container\">\n\t\t\t\t\t\t\t\t\t<p class=\"expoany\"><a class=\"linkverd\" style=\"text-decoration: none !important;\" href=\"https:\/\/fundaciojoseppla.cat\/fr\/expositions-temporaires\/josep-pla-cartes-ditalia#seccio9\">2005<\/a><\/p><p><a class=\"linkverd claredonbold\" style=\"text-decoration: none !important;\" href=\"https:\/\/fundaciojoseppla.cat\/fr\/expositions-temporaires\/josep-pla-cartes-ditalia#seccio9\">Josep Pla. Cartes d&#8217;It\u00e0lia (Josep Pla. &#8220;Lettres d&#8217;Italie&#8221;)<\/a><\/p>\t\t\t\t\t\t\t\t<\/div>\n\t\t\t\t<\/div>\n\t\t\t\t\t<\/div>\n\t\t<\/div>\n\t\t\t\t\t<\/div>\n\t\t<\/section>\n\t\t\t\t\t<\/div>\n\t\t<\/div>\n\t\t\t\t\t<\/div>\n\t\t<\/section>\n\t\t\t\t<\/div>\n\t\t","protected":false},"excerpt":{"rendered":"<p>Exposicions temporaires 2025 2001 El carrer Estret, la po\u00e8tica de la banalitat (&#8220;El carrer Estret&#8221;, la po\u00e9tique de la banalit\u00e9) 2002 Gaud\u00ed i Verdaguer llegits per Josep Pla (Gaud\u00ed et Verdaguer lus par Josep Pla) 2001-02 Josep Pla: \u201c&#8230;s\u00f3c un ill\u00f2man\u201d (Josep Pla : &#8220;\u2026je suis un \u00eelomane&#8221;) 2003 El temps que fuig. Narc\u00eds Comadira [&hellip;]<\/p>\n","protected":false},"author":3,"featured_media":0,"parent":0,"menu_order":0,"comment_status":"closed","ping_status":"closed","template":"","meta":{"inline_featured_image":false,"site-sidebar-layout":"default","site-content-layout":"default","ast-site-content-layout":"default","site-content-style":"default","site-sidebar-style":"default","ast-global-header-display":"","ast-banner-title-visibility":"","ast-main-header-display":"disabled","ast-hfb-above-header-display":"","ast-hfb-below-header-display":"","ast-hfb-mobile-header-display":"","site-post-title":"disabled","ast-breadcrumbs-content":"","ast-featured-img":"disabled","footer-sml-layout":"","theme-transparent-header-meta":"","adv-header-id-meta":"","stick-header-meta":"","header-above-stick-meta":"","header-main-stick-meta":"","header-below-stick-meta":"","astra-migrate-meta-layouts":"default","ast-page-background-enabled":"default","ast-page-background-meta":{"desktop":{"background-color":"var(--ast-global-color-4)","background-image":"","background-repeat":"repeat","background-position":"center center","background-size":"auto","background-attachment":"scroll","background-type":"","background-media":"","overlay-type":"","overlay-color":"","overlay-opacity":"","overlay-gradient":""},"tablet":{"background-color":"","background-image":"","background-repeat":"repeat","background-position":"center center","background-size":"auto","background-attachment":"scroll","background-type":"","background-media":"","overlay-type":"","overlay-color":"","overlay-opacity":"","overlay-gradient":""},"mobile":{"background-color":"","background-image":"","background-repeat":"repeat","background-position":"center center","background-size":"auto","background-attachment":"scroll","background-type":"","background-media":"","overlay-type":"","overlay-color":"","overlay-opacity":"","overlay-gradient":""}},"ast-content-background-meta":{"desktop":{"background-color":"var(--ast-global-color-5)","background-image":"","background-repeat":"repeat","background-position":"center center","background-size":"auto","background-attachment":"scroll","background-type":"","background-media":"","overlay-type":"","overlay-color":"","overlay-opacity":"","overlay-gradient":""},"tablet":{"background-color":"var(--ast-global-color-5)","background-image":"","background-repeat":"repeat","background-position":"center center","background-size":"auto","background-attachment":"scroll","background-type":"","background-media":"","overlay-type":"","overlay-color":"","overlay-opacity":"","overlay-gradient":""},"mobile":{"background-color":"var(--ast-global-color-5)","background-image":"","background-repeat":"repeat","background-position":"center center","background-size":"auto","background-attachment":"scroll","background-type":"","background-media":"","overlay-type":"","overlay-color":"","overlay-opacity":"","overlay-gradient":""}},"footnotes":""},"class_list":["post-4136","page","type-page","status-publish","hentry"],"yoast_head":"<!-- This site is optimized with the Yoast SEO plugin v26.1.1 - https:\/\/yoast.com\/wordpress\/plugins\/seo\/ -->\n<title>Expositions temporaires - Fundaci\u00f3 Josep Pla<\/title>\n<meta name=\"robots\" content=\"index, follow, max-snippet:-1, max-image-preview:large, max-video-preview:-1\" \/>\n<link rel=\"canonical\" href=\"https:\/\/fundaciojoseppla.cat\/fr\/expositions-temporaires\/\" \/>\n<meta property=\"og:locale\" content=\"fr_FR\" \/>\n<meta property=\"og:type\" content=\"article\" \/>\n<meta property=\"og:title\" content=\"Expositions temporaires - Fundaci\u00f3 Josep Pla\" \/>\n<meta property=\"og:description\" content=\"Exposicions temporaires 2025 2001 El carrer Estret, la po\u00e8tica de la banalitat (&#8220;El carrer Estret&#8221;, la po\u00e9tique de la banalit\u00e9) 2002 Gaud\u00ed i Verdaguer llegits per Josep Pla (Gaud\u00ed et Verdaguer lus par Josep Pla) 2001-02 Josep Pla: \u201c&#8230;s\u00f3c un ill\u00f2man\u201d (Josep Pla : &#8220;\u2026je suis un \u00eelomane&#8221;) 2003 El temps que fuig. Narc\u00eds Comadira [&hellip;]\" \/>\n<meta property=\"og:url\" content=\"https:\/\/fundaciojoseppla.cat\/fr\/expositions-temporaires\/\" \/>\n<meta property=\"og:site_name\" content=\"Fundaci\u00f3 Josep Pla\" \/>\n<meta property=\"article:publisher\" content=\"https:\/\/www.facebook.com\/FJosepPla\/\" \/>\n<meta property=\"article:modified_time\" content=\"2026-02-04T18:43:41+00:00\" \/>\n<meta property=\"og:image\" content=\"https:\/\/fundaciojoseppla.cat\/wp-content\/uploads\/2025\/07\/coses-vistes-josep-pla-1925.png\" \/>\n\t<meta property=\"og:image:width\" content=\"1000\" \/>\n\t<meta property=\"og:image:height\" content=\"517\" \/>\n\t<meta property=\"og:image:type\" content=\"image\/png\" \/>\n<meta name=\"twitter:card\" content=\"summary_large_image\" \/>\n<meta name=\"twitter:site\" content=\"@FJosepPla\" \/>\n<meta name=\"twitter:label1\" content=\"Dur\u00e9e de lecture estim\u00e9e\" \/>\n\t<meta name=\"twitter:data1\" content=\"1 minute\" \/>\n<script type=\"application\/ld+json\" class=\"yoast-schema-graph\">{\"@context\":\"https:\/\/schema.org\",\"@graph\":[{\"@type\":\"WebPage\",\"@id\":\"https:\/\/fundaciojoseppla.cat\/fr\/expositions-temporaires\/\",\"url\":\"https:\/\/fundaciojoseppla.cat\/fr\/expositions-temporaires\/\",\"name\":\"Expositions temporaires - Fundaci\u00f3 Josep Pla\",\"isPartOf\":{\"@id\":\"https:\/\/fundaciojoseppla.cat\/#website\"},\"primaryImageOfPage\":{\"@id\":\"https:\/\/fundaciojoseppla.cat\/fr\/expositions-temporaires\/#primaryimage\"},\"image\":{\"@id\":\"https:\/\/fundaciojoseppla.cat\/fr\/expositions-temporaires\/#primaryimage\"},\"thumbnailUrl\":\"https:\/\/fundaciojoseppla.cat\/wp-content\/uploads\/2025\/07\/coses-vistes-josep-pla-1925-768x397.png\",\"datePublished\":\"2018-02-04T12:25:51+00:00\",\"dateModified\":\"2026-02-04T18:43:41+00:00\",\"breadcrumb\":{\"@id\":\"https:\/\/fundaciojoseppla.cat\/fr\/expositions-temporaires\/#breadcrumb\"},\"inLanguage\":\"fr-FR\",\"potentialAction\":[{\"@type\":\"ReadAction\",\"target\":[\"https:\/\/fundaciojoseppla.cat\/fr\/expositions-temporaires\/\"]}]},{\"@type\":\"ImageObject\",\"inLanguage\":\"fr-FR\",\"@id\":\"https:\/\/fundaciojoseppla.cat\/fr\/expositions-temporaires\/#primaryimage\",\"url\":\"https:\/\/fundaciojoseppla.cat\/wp-content\/uploads\/2025\/07\/coses-vistes-josep-pla-1925-768x397.png\",\"contentUrl\":\"https:\/\/fundaciojoseppla.cat\/wp-content\/uploads\/2025\/07\/coses-vistes-josep-pla-1925-768x397.png\"},{\"@type\":\"BreadcrumbList\",\"@id\":\"https:\/\/fundaciojoseppla.cat\/fr\/expositions-temporaires\/#breadcrumb\",\"itemListElement\":[{\"@type\":\"ListItem\",\"position\":1,\"name\":\"Inici\",\"item\":\"https:\/\/fundaciojoseppla.cat\/\"},{\"@type\":\"ListItem\",\"position\":2,\"name\":\"Expositions temporaires\"}]},{\"@type\":\"WebSite\",\"@id\":\"https:\/\/fundaciojoseppla.cat\/#website\",\"url\":\"https:\/\/fundaciojoseppla.cat\/\",\"name\":\"Fundaci\u00f3 Josep Pla\",\"description\":\"Fundacio Josep Pla Palafrugell\",\"publisher\":{\"@id\":\"https:\/\/fundaciojoseppla.cat\/#organization\"},\"potentialAction\":[{\"@type\":\"SearchAction\",\"target\":{\"@type\":\"EntryPoint\",\"urlTemplate\":\"https:\/\/fundaciojoseppla.cat\/?s={search_term_string}\"},\"query-input\":{\"@type\":\"PropertyValueSpecification\",\"valueRequired\":true,\"valueName\":\"search_term_string\"}}],\"inLanguage\":\"fr-FR\"},{\"@type\":\"Organization\",\"@id\":\"https:\/\/fundaciojoseppla.cat\/#organization\",\"name\":\"Fundaci\u00f3 Josep Pla\",\"url\":\"https:\/\/fundaciojoseppla.cat\/\",\"logo\":{\"@type\":\"ImageObject\",\"inLanguage\":\"fr-FR\",\"@id\":\"https:\/\/fundaciojoseppla.cat\/#\/schema\/logo\/image\/\",\"url\":\"https:\/\/fundaciojoseppla.cat\/wp-content\/uploads\/2018\/05\/negre-transparent-de-logo-vecto-FJP.png\",\"contentUrl\":\"https:\/\/fundaciojoseppla.cat\/wp-content\/uploads\/2018\/05\/negre-transparent-de-logo-vecto-FJP.png\",\"width\":600,\"height\":233,\"caption\":\"Fundaci\u00f3 Josep Pla\"},\"image\":{\"@id\":\"https:\/\/fundaciojoseppla.cat\/#\/schema\/logo\/image\/\"},\"sameAs\":[\"https:\/\/www.facebook.com\/FJosepPla\/\",\"https:\/\/x.com\/FJosepPla\",\"http:\/\/pinterest.com\/fjoseppla\/\",\"https:\/\/www.youtube.com\/user\/FJosepPla\"]}]}<\/script>\n<!-- \/ Yoast SEO plugin. -->","yoast_head_json":{"title":"Expositions temporaires - Fundaci\u00f3 Josep Pla","robots":{"index":"index","follow":"follow","max-snippet":"max-snippet:-1","max-image-preview":"max-image-preview:large","max-video-preview":"max-video-preview:-1"},"canonical":"https:\/\/fundaciojoseppla.cat\/fr\/expositions-temporaires\/","og_locale":"fr_FR","og_type":"article","og_title":"Expositions temporaires - Fundaci\u00f3 Josep Pla","og_description":"Exposicions temporaires 2025 2001 El carrer Estret, la po\u00e8tica de la banalitat (&#8220;El carrer Estret&#8221;, la po\u00e9tique de la banalit\u00e9) 2002 Gaud\u00ed i Verdaguer llegits per Josep Pla (Gaud\u00ed et Verdaguer lus par Josep Pla) 2001-02 Josep Pla: \u201c&#8230;s\u00f3c un ill\u00f2man\u201d (Josep Pla : &#8220;\u2026je suis un \u00eelomane&#8221;) 2003 El temps que fuig. Narc\u00eds Comadira [&hellip;]","og_url":"https:\/\/fundaciojoseppla.cat\/fr\/expositions-temporaires\/","og_site_name":"Fundaci\u00f3 Josep Pla","article_publisher":"https:\/\/www.facebook.com\/FJosepPla\/","article_modified_time":"2026-02-04T18:43:41+00:00","og_image":[{"width":1000,"height":517,"url":"https:\/\/fundaciojoseppla.cat\/wp-content\/uploads\/2025\/07\/coses-vistes-josep-pla-1925.png","type":"image\/png"}],"twitter_card":"summary_large_image","twitter_site":"@FJosepPla","twitter_misc":{"Dur\u00e9e de lecture estim\u00e9e":"1 minute"},"schema":{"@context":"https:\/\/schema.org","@graph":[{"@type":"WebPage","@id":"https:\/\/fundaciojoseppla.cat\/fr\/expositions-temporaires\/","url":"https:\/\/fundaciojoseppla.cat\/fr\/expositions-temporaires\/","name":"Expositions temporaires - Fundaci\u00f3 Josep Pla","isPartOf":{"@id":"https:\/\/fundaciojoseppla.cat\/#website"},"primaryImageOfPage":{"@id":"https:\/\/fundaciojoseppla.cat\/fr\/expositions-temporaires\/#primaryimage"},"image":{"@id":"https:\/\/fundaciojoseppla.cat\/fr\/expositions-temporaires\/#primaryimage"},"thumbnailUrl":"https:\/\/fundaciojoseppla.cat\/wp-content\/uploads\/2025\/07\/coses-vistes-josep-pla-1925-768x397.png","datePublished":"2018-02-04T12:25:51+00:00","dateModified":"2026-02-04T18:43:41+00:00","breadcrumb":{"@id":"https:\/\/fundaciojoseppla.cat\/fr\/expositions-temporaires\/#breadcrumb"},"inLanguage":"fr-FR","potentialAction":[{"@type":"ReadAction","target":["https:\/\/fundaciojoseppla.cat\/fr\/expositions-temporaires\/"]}]},{"@type":"ImageObject","inLanguage":"fr-FR","@id":"https:\/\/fundaciojoseppla.cat\/fr\/expositions-temporaires\/#primaryimage","url":"https:\/\/fundaciojoseppla.cat\/wp-content\/uploads\/2025\/07\/coses-vistes-josep-pla-1925-768x397.png","contentUrl":"https:\/\/fundaciojoseppla.cat\/wp-content\/uploads\/2025\/07\/coses-vistes-josep-pla-1925-768x397.png"},{"@type":"BreadcrumbList","@id":"https:\/\/fundaciojoseppla.cat\/fr\/expositions-temporaires\/#breadcrumb","itemListElement":[{"@type":"ListItem","position":1,"name":"Inici","item":"https:\/\/fundaciojoseppla.cat\/"},{"@type":"ListItem","position":2,"name":"Expositions temporaires"}]},{"@type":"WebSite","@id":"https:\/\/fundaciojoseppla.cat\/#website","url":"https:\/\/fundaciojoseppla.cat\/","name":"Fundaci\u00f3 Josep Pla","description":"Fundacio Josep Pla Palafrugell","publisher":{"@id":"https:\/\/fundaciojoseppla.cat\/#organization"},"potentialAction":[{"@type":"SearchAction","target":{"@type":"EntryPoint","urlTemplate":"https:\/\/fundaciojoseppla.cat\/?s={search_term_string}"},"query-input":{"@type":"PropertyValueSpecification","valueRequired":true,"valueName":"search_term_string"}}],"inLanguage":"fr-FR"},{"@type":"Organization","@id":"https:\/\/fundaciojoseppla.cat\/#organization","name":"Fundaci\u00f3 Josep Pla","url":"https:\/\/fundaciojoseppla.cat\/","logo":{"@type":"ImageObject","inLanguage":"fr-FR","@id":"https:\/\/fundaciojoseppla.cat\/#\/schema\/logo\/image\/","url":"https:\/\/fundaciojoseppla.cat\/wp-content\/uploads\/2018\/05\/negre-transparent-de-logo-vecto-FJP.png","contentUrl":"https:\/\/fundaciojoseppla.cat\/wp-content\/uploads\/2018\/05\/negre-transparent-de-logo-vecto-FJP.png","width":600,"height":233,"caption":"Fundaci\u00f3 Josep Pla"},"image":{"@id":"https:\/\/fundaciojoseppla.cat\/#\/schema\/logo\/image\/"},"sameAs":["https:\/\/www.facebook.com\/FJosepPla\/","https:\/\/x.com\/FJosepPla","http:\/\/pinterest.com\/fjoseppla\/","https:\/\/www.youtube.com\/user\/FJosepPla"]}]}},"publishpress_future_action":{"enabled":false,"date":"2026-04-25 17:56:02","action":"change-status","newStatus":"draft","terms":[],"taxonomy":"translation_priority","extraData":[]},"publishpress_future_workflow_manual_trigger":{"enabledWorkflows":[]},"_links":{"self":[{"href":"https:\/\/fundaciojoseppla.cat\/fr\/wp-json\/wp\/v2\/pages\/4136","targetHints":{"allow":["GET"]}}],"collection":[{"href":"https:\/\/fundaciojoseppla.cat\/fr\/wp-json\/wp\/v2\/pages"}],"about":[{"href":"https:\/\/fundaciojoseppla.cat\/fr\/wp-json\/wp\/v2\/types\/page"}],"author":[{"embeddable":true,"href":"https:\/\/fundaciojoseppla.cat\/fr\/wp-json\/wp\/v2\/users\/3"}],"replies":[{"embeddable":true,"href":"https:\/\/fundaciojoseppla.cat\/fr\/wp-json\/wp\/v2\/comments?post=4136"}],"version-history":[{"count":69,"href":"https:\/\/fundaciojoseppla.cat\/fr\/wp-json\/wp\/v2\/pages\/4136\/revisions"}],"predecessor-version":[{"id":45518,"href":"https:\/\/fundaciojoseppla.cat\/fr\/wp-json\/wp\/v2\/pages\/4136\/revisions\/45518"}],"wp:attachment":[{"href":"https:\/\/fundaciojoseppla.cat\/fr\/wp-json\/wp\/v2\/media?parent=4136"}],"curies":[{"name":"wp","href":"https:\/\/api.w.org\/{rel}","templated":true}]}}