

{"id":8220,"date":"2018-02-14T15:49:03","date_gmt":"2018-02-14T14:49:03","guid":{"rendered":"https:\/\/fundaciojoseppla.cat\/contact\/"},"modified":"2020-06-10T17:36:58","modified_gmt":"2020-06-10T15:36:58","slug":"contact","status":"publish","type":"page","link":"https:\/\/fundaciojoseppla.cat\/fr\/contact\/","title":{"rendered":"Contact"},"content":{"rendered":"\t\t<div data-elementor-type=\"wp-post\" data-elementor-id=\"8220\" class=\"elementor elementor-8220 elementor-1541\" data-elementor-post-type=\"page\">\n\t\t\t\t\t\t<section class=\"elementor-section elementor-top-section elementor-element elementor-element-5fa2e0a1 elementor-section-boxed elementor-section-height-default elementor-section-height-default\" data-id=\"5fa2e0a1\" data-element_type=\"section\">\n\t\t\t\t\t\t<div class=\"elementor-container elementor-column-gap-default\">\n\t\t\t\t\t<div class=\"elementor-column elementor-col-50 elementor-top-column elementor-element elementor-element-a9089d9\" data-id=\"a9089d9\" data-element_type=\"column\">\n\t\t\t<div class=\"elementor-widget-wrap elementor-element-populated\">\n\t\t\t\t\t\t<div class=\"elementor-element elementor-element-57256241 claredonlight elementor-widget elementor-widget-heading\" data-id=\"57256241\" data-element_type=\"widget\" data-widget_type=\"heading.default\">\n\t\t\t\t<div class=\"elementor-widget-container\">\n\t\t\t\t\t<h1 class=\"elementor-heading-title elementor-size-default\">Contactez-nous<\/h1>\t\t\t\t<\/div>\n\t\t\t\t<\/div>\n\t\t\t\t<div class=\"elementor-element elementor-element-2b2d1071 elementor-widget elementor-widget-text-editor\" data-id=\"2b2d1071\" data-element_type=\"widget\" data-widget_type=\"text-editor.default\">\n\t\t\t\t<div class=\"elementor-widget-container\">\n\t\t\t\t\t\t\t\t\t<p align=\"justify\">Important : pour entrer en contact avec la\u00a0<i>Fundaci\u00f3<\/i>\u00a0Josep Pla, veuillez remplir le formulaire dans sa totalit\u00e9, toutes les donn\u00e9es \u00e9tant indispensables pour recevoir une r\u00e9ponse.<\/p><p align=\"justify\">Pour un contact plus personnel, vous pouvez t\u00e9l\u00e9phoner \u00e0 la Fundaci\u00f3 Josep Pla : (<b><span style=\"color: #000000;\">0034<\/span><\/b>)\u00a0<b><span style=\"color: #000000;\">972 30 55 77<\/span><\/b>.<\/p><p align=\"justify\"><span style=\"color: #000000;\"><a class=\"linktaronja\" href=\"http:\/\/maps.google.com\/maps?f=q&amp;hl=es&amp;q=carrer+nou+51+17200&amp;ie=UTF8&amp;ll=41.918174,3.160361&amp;spn=0.002507,0.008326&amp;om=0\" target=\"_blank\" rel=\"noopener\">Nou, 51 \u2013 17200 Palafrugell<\/a><br \/>Courriel:<\/span><a class=\"linktaronja\" href=\"mailto:info@fundaciojoseppla.cat\"><span style=\"color: #000000;\">\u00a0<\/span>info@fundaciojoseppla.cat<\/a><\/p><p align=\"justify\"><a class=\"linktaronja\" href=\"https:\/\/forms.gle\/xCtcg4mxWQktVqPU9\" target=\"_blank\" rel=\"noopener\">QUESTIONNAIRE DE SATISFACTION<\/a> pour apr\u00e8s avoir visit\u00e9 la Fondation Josep Pla.\u00a0<\/p>\t\t\t\t\t\t\t\t<\/div>\n\t\t\t\t<\/div>\n\t\t\t\t<div class=\"elementor-element elementor-element-499f5cfa elementor-widget elementor-widget-spacer\" data-id=\"499f5cfa\" data-element_type=\"widget\" data-widget_type=\"spacer.default\">\n\t\t\t\t<div class=\"elementor-widget-container\">\n\t\t\t\t\t\t\t<div class=\"elementor-spacer\">\n\t\t\t<div class=\"elementor-spacer-inner\"><\/div>\n\t\t<\/div>\n\t\t\t\t\t\t<\/div>\n\t\t\t\t<\/div>\n\t\t\t\t\t<\/div>\n\t\t<\/div>\n\t\t\t\t<div class=\"elementor-column elementor-col-50 elementor-top-column elementor-element elementor-element-a29255d\" data-id=\"a29255d\" data-element_type=\"column\">\n\t\t\t<div class=\"elementor-widget-wrap elementor-element-populated\">\n\t\t\t\t\t\t<div class=\"elementor-element elementor-element-34963b1 elementor-widget elementor-widget-text-editor\" data-id=\"34963b1\" data-element_type=\"widget\" data-widget_type=\"text-editor.default\">\n\t\t\t\t<div class=\"elementor-widget-container\">\n\t\t\t\t\t\t\t\t\t<p>\n<div class=\"wpcf7 no-js\" id=\"wpcf7-f8219-o1\" lang=\"ca\" dir=\"ltr\" data-wpcf7-id=\"8219\">\n<div class=\"screen-reader-response\"><p role=\"status\" aria-live=\"polite\" aria-atomic=\"true\"><\/p> <ul><\/ul><\/div>\n<form action=\"\/fr\/wp-json\/wp\/v2\/pages\/8220#wpcf7-f8219-o1\" method=\"post\" class=\"wpcf7-form init\" aria-label=\"Formulari de contacte\" novalidate=\"novalidate\" data-status=\"init\">\n<fieldset class=\"hidden-fields-container\"><input type=\"hidden\" name=\"_wpcf7\" value=\"8219\" \/><input type=\"hidden\" name=\"_wpcf7_version\" value=\"6.1.5\" \/><input type=\"hidden\" name=\"_wpcf7_locale\" value=\"ca\" \/><input type=\"hidden\" name=\"_wpcf7_unit_tag\" value=\"wpcf7-f8219-o1\" \/><input type=\"hidden\" name=\"_wpcf7_container_post\" value=\"0\" \/><input type=\"hidden\" name=\"_wpcf7_posted_data_hash\" value=\"\" \/><input type=\"hidden\" name=\"_wpcf7_recaptcha_response\" value=\"\" \/>\n<\/fieldset>\n<p><span class=\"wpcf7-form-control-wrap\" data-name=\"Nom\"><input size=\"40\" maxlength=\"400\" class=\"wpcf7-form-control wpcf7-text wpcf7-validates-as-required\" aria-required=\"true\" aria-invalid=\"false\" placeholder=\"Nom\" value=\"\" type=\"text\" name=\"Nom\" \/><\/span><span class=\"wpcf7-form-control-wrap\" data-name=\"Correu\"><input size=\"40\" maxlength=\"400\" class=\"wpcf7-form-control wpcf7-email wpcf7-validates-as-required wpcf7-text wpcf7-validates-as-email\" aria-required=\"true\" aria-invalid=\"false\" placeholder=\"E-mail\" value=\"\" type=\"email\" name=\"Correu\" \/><\/span><span class=\"wpcf7-form-control-wrap\" data-name=\"Missatge\"><textarea cols=\"40\" rows=\"5\" maxlength=\"2000\" class=\"wpcf7-form-control wpcf7-textarea wpcf7-validates-as-required\" aria-required=\"true\" aria-invalid=\"false\" placeholder=\"Message\" name=\"Missatge\"><\/textarea><\/span>\n<\/p>\n<div style=\"display:block; color:rgb(117, 117, 117);\">\n\t<p><span class=\"wpcf7-form-control-wrap\" data-name=\"acceptance-248\"><span class=\"wpcf7-form-control wpcf7-acceptance\"><span class=\"wpcf7-list-item\"><input type=\"checkbox\" name=\"acceptance-248\" value=\"1\" aria-invalid=\"false\" \/><\/span><\/span><\/span>J&#8217;ai lu et accept\u00e9 la <a href=\"https:\/\/fundaciojoseppla.cat\/politica-de-privadesa\/\" target=\u201d_blank\u201d class=\"linktaronja\">politique de confidentialit\u00e9<\/a>\n\t<\/p>\n<\/div>\n<p><input class=\"wpcf7-form-control wpcf7-submit has-spinner\" type=\"submit\" value=\"Envoyer\" \/>\n<\/p><div class=\"wpcf7-response-output\" aria-hidden=\"true\"><\/div>\n<\/form>\n<\/div>\n<\/p>\n\t\t\t\t\t\t\t\t<\/div>\n\t\t\t\t<\/div>\n\t\t\t\t<div class=\"elementor-element elementor-element-4251eb5 elementor-widget elementor-widget-spacer\" data-id=\"4251eb5\" data-element_type=\"widget\" data-widget_type=\"spacer.default\">\n\t\t\t\t<div class=\"elementor-widget-container\">\n\t\t\t\t\t\t\t<div class=\"elementor-spacer\">\n\t\t\t<div class=\"elementor-spacer-inner\"><\/div>\n\t\t<\/div>\n\t\t\t\t\t\t<\/div>\n\t\t\t\t<\/div>\n\t\t\t\t\t<\/div>\n\t\t<\/div>\n\t\t\t\t\t<\/div>\n\t\t<\/section>\n\t\t\t\t<\/div>\n\t\t","protected":false},"excerpt":{"rendered":"<p>Contactez-nous Important : pour entrer en contact avec la\u00a0Fundaci\u00f3\u00a0Josep Pla, veuillez remplir le formulaire dans sa totalit\u00e9, toutes les donn\u00e9es \u00e9tant indispensables pour recevoir une r\u00e9ponse. Pour un contact plus personnel, vous pouvez t\u00e9l\u00e9phoner \u00e0 la Fundaci\u00f3 Josep Pla : (0034)\u00a0972 30 55 77. Nou, 51 \u2013 17200 PalafrugellCourriel:\u00a0info@fundaciojoseppla.cat QUESTIONNAIRE DE SATISFACTION pour apr\u00e8s avoir [&hellip;]<\/p>\n","protected":false},"author":3,"featured_media":0,"parent":0,"menu_order":0,"comment_status":"closed","ping_status":"closed","template":"","meta":{"inline_featured_image":false,"site-sidebar-layout":"default","site-content-layout":"default","ast-site-content-layout":"default","site-content-style":"default","site-sidebar-style":"default","ast-global-header-display":"","ast-banner-title-visibility":"","ast-main-header-display":"disabled","ast-hfb-above-header-display":"","ast-hfb-below-header-display":"","ast-hfb-mobile-header-display":"","site-post-title":"disabled","ast-breadcrumbs-content":"","ast-featured-img":"disabled","footer-sml-layout":"","theme-transparent-header-meta":"","adv-header-id-meta":"","stick-header-meta":"","header-above-stick-meta":"","header-main-stick-meta":"","header-below-stick-meta":"","astra-migrate-meta-layouts":"default","ast-page-background-enabled":"default","ast-page-background-meta":{"desktop":{"background-color":"var(--ast-global-color-4)","background-image":"","background-repeat":"repeat","background-position":"center center","background-size":"auto","background-attachment":"scroll","background-type":"","background-media":"","overlay-type":"","overlay-color":"","overlay-opacity":"","overlay-gradient":""},"tablet":{"background-color":"","background-image":"","background-repeat":"repeat","background-position":"center center","background-size":"auto","background-attachment":"scroll","background-type":"","background-media":"","overlay-type":"","overlay-color":"","overlay-opacity":"","overlay-gradient":""},"mobile":{"background-color":"","background-image":"","background-repeat":"repeat","background-position":"center center","background-size":"auto","background-attachment":"scroll","background-type":"","background-media":"","overlay-type":"","overlay-color":"","overlay-opacity":"","overlay-gradient":""}},"ast-content-background-meta":{"desktop":{"background-color":"var(--ast-global-color-5)","background-image":"","background-repeat":"repeat","background-position":"center center","background-size":"auto","background-attachment":"scroll","background-type":"","background-media":"","overlay-type":"","overlay-color":"","overlay-opacity":"","overlay-gradient":""},"tablet":{"background-color":"var(--ast-global-color-5)","background-image":"","background-repeat":"repeat","background-position":"center center","background-size":"auto","background-attachment":"scroll","background-type":"","background-media":"","overlay-type":"","overlay-color":"","overlay-opacity":"","overlay-gradient":""},"mobile":{"background-color":"var(--ast-global-color-5)","background-image":"","background-repeat":"repeat","background-position":"center center","background-size":"auto","background-attachment":"scroll","background-type":"","background-media":"","overlay-type":"","overlay-color":"","overlay-opacity":"","overlay-gradient":""}},"footnotes":""},"class_list":["post-8220","page","type-page","status-publish","hentry"],"yoast_head":"<!-- This site is optimized with the Yoast SEO plugin v26.1.1 - https:\/\/yoast.com\/wordpress\/plugins\/seo\/ -->\n<title>Contact - Fundaci\u00f3 Josep Pla<\/title>\n<meta name=\"robots\" content=\"index, follow, max-snippet:-1, max-image-preview:large, max-video-preview:-1\" \/>\n<link rel=\"canonical\" href=\"https:\/\/fundaciojoseppla.cat\/fr\/contact\/\" \/>\n<meta property=\"og:locale\" content=\"fr_FR\" \/>\n<meta property=\"og:type\" content=\"article\" \/>\n<meta property=\"og:title\" content=\"Contact - Fundaci\u00f3 Josep Pla\" \/>\n<meta property=\"og:description\" content=\"Contactez-nous Important : pour entrer en contact avec la\u00a0Fundaci\u00f3\u00a0Josep Pla, veuillez remplir le formulaire dans sa totalit\u00e9, toutes les donn\u00e9es \u00e9tant indispensables pour recevoir une r\u00e9ponse. Pour un contact plus personnel, vous pouvez t\u00e9l\u00e9phoner \u00e0 la Fundaci\u00f3 Josep Pla : (0034)\u00a0972 30 55 77. Nou, 51 \u2013 17200 PalafrugellCourriel:\u00a0info@fundaciojoseppla.cat QUESTIONNAIRE DE SATISFACTION pour apr\u00e8s avoir [&hellip;]\" \/>\n<meta property=\"og:url\" content=\"https:\/\/fundaciojoseppla.cat\/fr\/contact\/\" \/>\n<meta property=\"og:site_name\" content=\"Fundaci\u00f3 Josep Pla\" \/>\n<meta property=\"article:publisher\" content=\"https:\/\/www.facebook.com\/FJosepPla\/\" \/>\n<meta property=\"article:modified_time\" content=\"2020-06-10T15:36:58+00:00\" \/>\n<meta name=\"twitter:card\" content=\"summary_large_image\" \/>\n<meta name=\"twitter:site\" content=\"@FJosepPla\" \/>\n<script type=\"application\/ld+json\" class=\"yoast-schema-graph\">{\"@context\":\"https:\/\/schema.org\",\"@graph\":[{\"@type\":\"WebPage\",\"@id\":\"https:\/\/fundaciojoseppla.cat\/fr\/contact\/\",\"url\":\"https:\/\/fundaciojoseppla.cat\/fr\/contact\/\",\"name\":\"Contact - Fundaci\u00f3 Josep Pla\",\"isPartOf\":{\"@id\":\"https:\/\/fundaciojoseppla.cat\/#website\"},\"datePublished\":\"2018-02-14T14:49:03+00:00\",\"dateModified\":\"2020-06-10T15:36:58+00:00\",\"breadcrumb\":{\"@id\":\"https:\/\/fundaciojoseppla.cat\/fr\/contact\/#breadcrumb\"},\"inLanguage\":\"fr-FR\",\"potentialAction\":[{\"@type\":\"ReadAction\",\"target\":[\"https:\/\/fundaciojoseppla.cat\/fr\/contact\/\"]}]},{\"@type\":\"BreadcrumbList\",\"@id\":\"https:\/\/fundaciojoseppla.cat\/fr\/contact\/#breadcrumb\",\"itemListElement\":[{\"@type\":\"ListItem\",\"position\":1,\"name\":\"Inici\",\"item\":\"https:\/\/fundaciojoseppla.cat\/\"},{\"@type\":\"ListItem\",\"position\":2,\"name\":\"Contact\"}]},{\"@type\":\"WebSite\",\"@id\":\"https:\/\/fundaciojoseppla.cat\/#website\",\"url\":\"https:\/\/fundaciojoseppla.cat\/\",\"name\":\"Fundaci\u00f3 Josep Pla\",\"description\":\"Fundacio Josep Pla Palafrugell\",\"publisher\":{\"@id\":\"https:\/\/fundaciojoseppla.cat\/#organization\"},\"potentialAction\":[{\"@type\":\"SearchAction\",\"target\":{\"@type\":\"EntryPoint\",\"urlTemplate\":\"https:\/\/fundaciojoseppla.cat\/?s={search_term_string}\"},\"query-input\":{\"@type\":\"PropertyValueSpecification\",\"valueRequired\":true,\"valueName\":\"search_term_string\"}}],\"inLanguage\":\"fr-FR\"},{\"@type\":\"Organization\",\"@id\":\"https:\/\/fundaciojoseppla.cat\/#organization\",\"name\":\"Fundaci\u00f3 Josep Pla\",\"url\":\"https:\/\/fundaciojoseppla.cat\/\",\"logo\":{\"@type\":\"ImageObject\",\"inLanguage\":\"fr-FR\",\"@id\":\"https:\/\/fundaciojoseppla.cat\/#\/schema\/logo\/image\/\",\"url\":\"https:\/\/fundaciojoseppla.cat\/wp-content\/uploads\/2018\/05\/negre-transparent-de-logo-vecto-FJP.png\",\"contentUrl\":\"https:\/\/fundaciojoseppla.cat\/wp-content\/uploads\/2018\/05\/negre-transparent-de-logo-vecto-FJP.png\",\"width\":600,\"height\":233,\"caption\":\"Fundaci\u00f3 Josep Pla\"},\"image\":{\"@id\":\"https:\/\/fundaciojoseppla.cat\/#\/schema\/logo\/image\/\"},\"sameAs\":[\"https:\/\/www.facebook.com\/FJosepPla\/\",\"https:\/\/x.com\/FJosepPla\",\"http:\/\/pinterest.com\/fjoseppla\/\",\"https:\/\/www.youtube.com\/user\/FJosepPla\"]}]}<\/script>\n<!-- \/ Yoast SEO plugin. -->","yoast_head_json":{"title":"Contact - Fundaci\u00f3 Josep Pla","robots":{"index":"index","follow":"follow","max-snippet":"max-snippet:-1","max-image-preview":"max-image-preview:large","max-video-preview":"max-video-preview:-1"},"canonical":"https:\/\/fundaciojoseppla.cat\/fr\/contact\/","og_locale":"fr_FR","og_type":"article","og_title":"Contact - Fundaci\u00f3 Josep Pla","og_description":"Contactez-nous Important : pour entrer en contact avec la\u00a0Fundaci\u00f3\u00a0Josep Pla, veuillez remplir le formulaire dans sa totalit\u00e9, toutes les donn\u00e9es \u00e9tant indispensables pour recevoir une r\u00e9ponse. Pour un contact plus personnel, vous pouvez t\u00e9l\u00e9phoner \u00e0 la Fundaci\u00f3 Josep Pla : (0034)\u00a0972 30 55 77. Nou, 51 \u2013 17200 PalafrugellCourriel:\u00a0info@fundaciojoseppla.cat QUESTIONNAIRE DE SATISFACTION pour apr\u00e8s avoir [&hellip;]","og_url":"https:\/\/fundaciojoseppla.cat\/fr\/contact\/","og_site_name":"Fundaci\u00f3 Josep Pla","article_publisher":"https:\/\/www.facebook.com\/FJosepPla\/","article_modified_time":"2020-06-10T15:36:58+00:00","twitter_card":"summary_large_image","twitter_site":"@FJosepPla","schema":{"@context":"https:\/\/schema.org","@graph":[{"@type":"WebPage","@id":"https:\/\/fundaciojoseppla.cat\/fr\/contact\/","url":"https:\/\/fundaciojoseppla.cat\/fr\/contact\/","name":"Contact - Fundaci\u00f3 Josep Pla","isPartOf":{"@id":"https:\/\/fundaciojoseppla.cat\/#website"},"datePublished":"2018-02-14T14:49:03+00:00","dateModified":"2020-06-10T15:36:58+00:00","breadcrumb":{"@id":"https:\/\/fundaciojoseppla.cat\/fr\/contact\/#breadcrumb"},"inLanguage":"fr-FR","potentialAction":[{"@type":"ReadAction","target":["https:\/\/fundaciojoseppla.cat\/fr\/contact\/"]}]},{"@type":"BreadcrumbList","@id":"https:\/\/fundaciojoseppla.cat\/fr\/contact\/#breadcrumb","itemListElement":[{"@type":"ListItem","position":1,"name":"Inici","item":"https:\/\/fundaciojoseppla.cat\/"},{"@type":"ListItem","position":2,"name":"Contact"}]},{"@type":"WebSite","@id":"https:\/\/fundaciojoseppla.cat\/#website","url":"https:\/\/fundaciojoseppla.cat\/","name":"Fundaci\u00f3 Josep Pla","description":"Fundacio Josep Pla Palafrugell","publisher":{"@id":"https:\/\/fundaciojoseppla.cat\/#organization"},"potentialAction":[{"@type":"SearchAction","target":{"@type":"EntryPoint","urlTemplate":"https:\/\/fundaciojoseppla.cat\/?s={search_term_string}"},"query-input":{"@type":"PropertyValueSpecification","valueRequired":true,"valueName":"search_term_string"}}],"inLanguage":"fr-FR"},{"@type":"Organization","@id":"https:\/\/fundaciojoseppla.cat\/#organization","name":"Fundaci\u00f3 Josep Pla","url":"https:\/\/fundaciojoseppla.cat\/","logo":{"@type":"ImageObject","inLanguage":"fr-FR","@id":"https:\/\/fundaciojoseppla.cat\/#\/schema\/logo\/image\/","url":"https:\/\/fundaciojoseppla.cat\/wp-content\/uploads\/2018\/05\/negre-transparent-de-logo-vecto-FJP.png","contentUrl":"https:\/\/fundaciojoseppla.cat\/wp-content\/uploads\/2018\/05\/negre-transparent-de-logo-vecto-FJP.png","width":600,"height":233,"caption":"Fundaci\u00f3 Josep Pla"},"image":{"@id":"https:\/\/fundaciojoseppla.cat\/#\/schema\/logo\/image\/"},"sameAs":["https:\/\/www.facebook.com\/FJosepPla\/","https:\/\/x.com\/FJosepPla","http:\/\/pinterest.com\/fjoseppla\/","https:\/\/www.youtube.com\/user\/FJosepPla"]}]}},"publishpress_future_action":{"enabled":false,"date":"2026-04-24 16:42:59","action":"change-status","newStatus":"draft","terms":[],"taxonomy":"translation_priority","extraData":[]},"publishpress_future_workflow_manual_trigger":{"enabledWorkflows":[]},"_links":{"self":[{"href":"https:\/\/fundaciojoseppla.cat\/fr\/wp-json\/wp\/v2\/pages\/8220","targetHints":{"allow":["GET"]}}],"collection":[{"href":"https:\/\/fundaciojoseppla.cat\/fr\/wp-json\/wp\/v2\/pages"}],"about":[{"href":"https:\/\/fundaciojoseppla.cat\/fr\/wp-json\/wp\/v2\/types\/page"}],"author":[{"embeddable":true,"href":"https:\/\/fundaciojoseppla.cat\/fr\/wp-json\/wp\/v2\/users\/3"}],"replies":[{"embeddable":true,"href":"https:\/\/fundaciojoseppla.cat\/fr\/wp-json\/wp\/v2\/comments?post=8220"}],"version-history":[{"count":27,"href":"https:\/\/fundaciojoseppla.cat\/fr\/wp-json\/wp\/v2\/pages\/8220\/revisions"}],"predecessor-version":[{"id":21379,"href":"https:\/\/fundaciojoseppla.cat\/fr\/wp-json\/wp\/v2\/pages\/8220\/revisions\/21379"}],"wp:attachment":[{"href":"https:\/\/fundaciojoseppla.cat\/fr\/wp-json\/wp\/v2\/media?parent=8220"}],"curies":[{"name":"wp","href":"https:\/\/api.w.org\/{rel}","templated":true}]}}